{"id":5087,"date":"2019-12-11T10:10:59","date_gmt":"2019-12-11T09:10:59","guid":{"rendered":"http:\/\/snowboardshop.hu\/termek\/ride-unforgiven-board-bag-snowboardzsak\/"},"modified":"2025-11-07T18:22:47","modified_gmt":"2025-11-07T17:22:47","slug":"ride-unforgiven-board-bag-snowboardzsak","status":"publish","type":"product","link":"http:\/\/snowboardshop.hu\/en\/product\/ride-unforgiven-board-bag-snowboardzsak\/","title":{"rendered":"Ride Unforgiven Board Bag snowboard bag"},"content":{"rendered":"<p>Widening in the middle, available in two sizes (157 cm \/ 172 cm), high-quality, resistant, long-lasting snowboard bag made of cordura. When the Japanese-made zipper is closed, the melted snow does not flow out at all. The full capacity of the snowboard bag includes a snowboard binding, a pair of snowboard boots, a pair of snowboard gloves and a pair of snowboard pants.\u00a0<\/p>","protected":false},"excerpt":{"rendered":"<p>K\u00f6zep\u00e9n kisz\u00e9lesed\u0151 k\u00e9tf\u00e9le m\u00e9retben l\u00e9tez\u0151 (157 cm \/ 172 cm) min\u0151s\u00e9gi, kordur\u00e1b\u00f3l k\u00e9sz\u00fclt ellen\u00e1ll\u00f3, nagy \u00e9lettartam\u00fa snowboard zs\u00e1k. A jap\u00e1n gy\u00e1rtm\u00e1ny\u00fa cipz\u00e1rat beh\u00fazva, egy\u00e1ltal\u00e1n [&hellip;]<\/p>\n","protected":false},"featured_media":5088,"comment_status":"closed","ping_status":"closed","template":"","meta":{"om_disable_all_campaigns":false,"_monsterinsights_skip_tracking":false,"_monsterinsights_sitenote_active":false,"_monsterinsights_sitenote_note":"","_monsterinsights_sitenote_category":0},"product_brand":[],"product_cat":[78,68,10],"product_tag":[],"class_list":{"0":"post-5087","1":"product","2":"type-product","3":"status-publish","4":"has-post-thumbnail","6":"product_cat-ajandekok-gifts","7":"product_cat-snowboard-tarto-zsakok-board-bags-treveller","8":"product_cat-ruhazat-es-vedok","10":"first","11":"instock","12":"shipping-taxable","13":"purchasable","14":"product-type-simple"},"aioseo_notices":[],"_links":{"self":[{"href":"http:\/\/snowboardshop.hu\/en\/wp-json\/wp\/v2\/product\/5087","targetHints":{"allow":["GET"]}}],"collection":[{"href":"http:\/\/snowboardshop.hu\/en\/wp-json\/wp\/v2\/product"}],"about":[{"href":"http:\/\/snowboardshop.hu\/en\/wp-json\/wp\/v2\/types\/product"}],"replies":[{"embeddable":true,"href":"http:\/\/snowboardshop.hu\/en\/wp-json\/wp\/v2\/comments?post=5087"}],"version-history":[{"count":1,"href":"http:\/\/snowboardshop.hu\/en\/wp-json\/wp\/v2\/product\/5087\/revisions"}],"predecessor-version":[{"id":6818,"href":"http:\/\/snowboardshop.hu\/en\/wp-json\/wp\/v2\/product\/5087\/revisions\/6818"}],"wp:featuredmedia":[{"embeddable":true,"href":"http:\/\/snowboardshop.hu\/en\/wp-json\/wp\/v2\/media\/5088"}],"wp:attachment":[{"href":"http:\/\/snowboardshop.hu\/en\/wp-json\/wp\/v2\/media?parent=5087"}],"wp:term":[{"taxonomy":"product_brand","embeddable":true,"href":"http:\/\/snowboardshop.hu\/en\/wp-json\/wp\/v2\/product_brand?post=5087"},{"taxonomy":"product_cat","embeddable":true,"href":"http:\/\/snowboardshop.hu\/en\/wp-json\/wp\/v2\/product_cat?post=5087"},{"taxonomy":"product_tag","embeddable":true,"href":"http:\/\/snowboardshop.hu\/en\/wp-json\/wp\/v2\/product_tag?post=5087"}],"curies":[{"name":"wp","href":"https:\/\/api.w.org\/{rel}","templated":true}]}}