{"id":10,"date":"2015-09-28T14:56:01","date_gmt":"2015-09-28T12:56:01","guid":{"rendered":"http:\/\/snowboardshop.hu\/?page_id=10"},"modified":"2025-12-15T15:18:00","modified_gmt":"2025-12-15T14:18:00","slug":"kapcsolat","status":"publish","type":"page","link":"https:\/\/snowboardshop.hu\/en\/kapcsolat\/","title":{"rendered":"Contact"},"content":{"rendered":"<div data-elementor-type=\"wp-page\" data-elementor-id=\"10\" class=\"elementor elementor-10\">\n\t\t\t\t\t\t<section class=\"elementor-section elementor-top-section elementor-element elementor-element-593d2c5d elementor-section-boxed elementor-section-height-default elementor-section-height-default\" data-id=\"593d2c5d\" data-element_type=\"section\" data-e-type=\"section\">\n\t\t\t\t\t\t<div class=\"elementor-container elementor-column-gap-default\">\n\t\t\t\t\t<div class=\"elementor-column elementor-col-100 elementor-top-column elementor-element elementor-element-3d3ebc6d\" data-id=\"3d3ebc6d\" data-element_type=\"column\" data-e-type=\"column\">\n\t\t\t<div class=\"elementor-widget-wrap elementor-element-populated\">\n\t\t\t\t\t\t<section class=\"elementor-section elementor-inner-section elementor-element elementor-element-9bf90d5 elementor-section-boxed elementor-section-height-default elementor-section-height-default\" data-id=\"9bf90d5\" data-element_type=\"section\" data-e-type=\"section\">\n\t\t\t\t\t\t<div class=\"elementor-container elementor-column-gap-default\">\n\t\t\t\t\t<div class=\"elementor-column elementor-col-50 elementor-inner-column elementor-element elementor-element-57fc613\" data-id=\"57fc613\" data-element_type=\"column\" data-e-type=\"column\">\n\t\t\t<div class=\"elementor-widget-wrap elementor-element-populated\">\n\t\t\t\t\t\t<div class=\"elementor-element elementor-element-1532907 elementor-widget elementor-widget-text-editor\" data-id=\"1532907\" data-element_type=\"widget\" data-e-type=\"widget\" data-widget_type=\"text-editor.default\">\n\t\t\t\t<div class=\"elementor-widget-container\">\n\t\t\t\t\t\t\t\t\t<p><span style=\"font-style: normal; font-variant-ligatures: normal; font-variant-caps: normal; font-weight: bold; font-size: 14px; font-family: Roboto, sans-serif;\">Shop + rental + service (Szent Gell\u00e9rt square)<br><\/span><\/p>\n<p><span style=\"font-family: Roboto, sans-serif; font-size: 14px; font-style: normal; font-variant-ligatures: normal; font-variant-caps: normal; font-weight: 400;\">1111 Budapest, Cs\u00edky u. 2. \/<\/span><span style=\"font-family: Roboto, sans-serif; font-size: 14px; font-style: normal; font-variant-ligatures: normal; font-variant-caps: normal; font-weight: 400;\"> Budafoki \u00fat 13. corner <br><\/span><span style=\"caret-color: #454545; color: #454545; font-family: Roboto, sans-serif; font-size: 14px; font-style: normal; font-variant-caps: normal; font-weight: normal; letter-spacing: normal; orphans: auto; text-align: start; text-indent: 0px; text-transform: none; white-space: normal; widows: auto; word-spacing: 0px; -webkit-text-size-adjust: auto; -webkit-text-stroke-width: 0px; text-decoration: none; display: inline !important; float: none;\">&nbsp;&nbsp;&nbsp;&nbsp;&nbsp;&nbsp;&nbsp;&nbsp;&nbsp;&nbsp; (yellow door, Skiboy \/ Jones illuminated sign)<\/span><br><span style=\"font-style: normal; font-variant-ligatures: normal; font-variant-caps: normal; font-weight: bold; font-size: 14px; font-family: Roboto, sans-serif;\">Winter.:<\/span><span style=\"font-family: Roboto, sans-serif; font-size: 14px; font-style: normal; font-variant-ligatures: normal; font-variant-caps: normal; font-weight: 400;\">&nbsp;&nbsp; +36 209-423-290 (10:00 \u2013 20:00)<\/span><br><span style=\"font-style: normal; font-variant-ligatures: normal; font-variant-caps: normal; font-weight: bold; font-size: 14px; font-family: Roboto, sans-serif;\">Email:<\/span><span style=\"font-family: Roboto, sans-serif; font-size: 14px; font-style: normal; font-variant-ligatures: normal; font-variant-caps: normal; font-weight: 400;\">&nbsp; info@snowboardshop.hu<\/span><\/p><br>\t\t\t\t\t\t\t\t<\/div>\n\t\t\t\t<\/div>\n\t\t\t\t\t<\/div>\n\t\t<\/div>\n\t\t\t\t<div class=\"elementor-column elementor-col-50 elementor-inner-column elementor-element elementor-element-31482df\" data-id=\"31482df\" data-element_type=\"column\" data-e-type=\"column\">\n\t\t\t<div class=\"elementor-widget-wrap elementor-element-populated\">\n\t\t\t\t\t\t<div class=\"elementor-element elementor-element-e489745 elementor-widget elementor-widget-text-editor\" data-id=\"e489745\" data-element_type=\"widget\" data-e-type=\"widget\" data-widget_type=\"text-editor.default\">\n\t\t\t\t<div class=\"elementor-widget-container\">\n\t\t\t\t\t\t\t\t\t<p style=\"font-style: normal; font-variant-ligatures: normal; font-variant-caps: normal; font-weight: 400; font-size: 14px; font-family: Roboto, sans-serif;\"><span style=\"font-weight: bold;\">Holiday Opening Hours<\/span><\/p>\n<p>Dec 21 Golden Sunday: 10:00-15:00<br \/>Dec 22 \u2013 23: we are open continuously<br \/>Dec 24 \u2013 28: CLOSED<br \/>Dec 29 \u2013 30: 16:00 \u2013 20:00<br \/>Dec 31 \u2013 Jan 1: CLOSED<br \/>From Jan 2 as usual<\/p>\n<div>\u00a0<\/div>\n<p style=\"font-style: normal; font-variant-ligatures: normal; font-variant-caps: normal; font-weight: 400; font-size: 14px; font-family: Roboto, sans-serif;\"><span style=\"font-weight: bold;\">Opening hours<\/span><\/p>\n<p style=\"font-style: normal; font-variant-ligatures: normal; font-variant-caps: normal; font-weight: 400; font-size: 14px; font-family: Roboto, sans-serif;\">November 4, 2025 \u2013 April 2, 2026.<\/p>\n<p>Weekdays: 4:00 PM \u2013 8:00 PM<br \/>Saturday: 11:00 \u2013 14:00 (until February 8)<br \/>Sunday: CLOSED<\/p>\n<p>\u00a0<\/p>\n<p>Parking: <br \/>In the Technical University Parking Lot (Technical University Quay 3)<\/p>\n<p>&#8211; &#8211; &#8211; &#8211; &#8211; &#8211; &#8211; &#8211; &#8211; &#8211; &#8211; &#8211; &#8211; &#8211; &#8211; &#8211; &#8211; &#8211; &#8211; &#8211; &#8211; &#8211; &#8211; &#8211; &#8211; &#8211;<\/p>\n<p>N<b>You can find our summer contact information here:<\/b><\/p>\n<p><a href=\"http:\/\/www.kajakshop.hu\" target=\"_blank\" rel=\"noopener\">www.kajakshop.hu<\/a><\/p>\n<p style=\"font-style: normal; font-variant-ligatures: normal; font-variant-caps: normal; font-weight: 400; font-size: 14px; font-family: Roboto, sans-serif;\">\u00a0<\/p>\t\t\t\t\t\t\t\t<\/div>\n\t\t\t\t<\/div>\n\t\t\t\t\t<\/div>\n\t\t<\/div>\n\t\t\t\t\t<\/div>\n\t\t<\/section>\n\t\t\t\t\t<\/div>\n\t\t<\/div>\n\t\t\t\t\t<\/div>\n\t\t<\/section>\n\t\t\t\t<section class=\"elementor-section elementor-top-section elementor-element elementor-element-58aa33b elementor-section-boxed elementor-section-height-default elementor-section-height-default\" data-id=\"58aa33b\" data-element_type=\"section\" data-e-type=\"section\">\n\t\t\t\t\t\t<div class=\"elementor-container elementor-column-gap-default\">\n\t\t\t\t\t<div class=\"elementor-column elementor-col-100 elementor-top-column elementor-element elementor-element-76134b7\" data-id=\"76134b7\" data-element_type=\"column\" data-e-type=\"column\">\n\t\t\t<div class=\"elementor-widget-wrap elementor-element-populated\">\n\t\t\t\t\t\t<div class=\"elementor-element elementor-element-7e315c0 elementor-widget elementor-widget-image\" data-id=\"7e315c0\" data-element_type=\"widget\" data-e-type=\"widget\" data-widget_type=\"image.default\">\n\t\t\t\t<div class=\"elementor-widget-container\">\n\t\t\t\t\t\t\t\t\t\t\t\t\t\t\t<img fetchpriority=\"high\" decoding=\"async\" width=\"950\" height=\"517\" src=\"https:\/\/snowboardshop.hu\/wp-content\/uploads\/2024\/01\/SnowboardShop-utcakep-1-RED-1024x557.jpg\" class=\"attachment-large size-large wp-image-7963\" alt=\"\" srcset=\"https:\/\/snowboardshop.hu\/wp-content\/uploads\/2024\/01\/SnowboardShop-utcakep-1-RED-1024x557.jpg 1024w, https:\/\/snowboardshop.hu\/wp-content\/uploads\/2024\/01\/SnowboardShop-utcakep-1-RED-300x163.jpg 300w, https:\/\/snowboardshop.hu\/wp-content\/uploads\/2024\/01\/SnowboardShop-utcakep-1-RED-768x418.jpg 768w, https:\/\/snowboardshop.hu\/wp-content\/uploads\/2024\/01\/SnowboardShop-utcakep-1-RED-600x326.jpg 600w, https:\/\/snowboardshop.hu\/wp-content\/uploads\/2024\/01\/SnowboardShop-utcakep-1-RED-1536x835.jpg 1536w, https:\/\/snowboardshop.hu\/wp-content\/uploads\/2024\/01\/SnowboardShop-utcakep-1-RED-2048x1113.jpg 2048w, https:\/\/snowboardshop.hu\/wp-content\/uploads\/2024\/01\/SnowboardShop-utcakep-1-RED-18x10.jpg 18w, https:\/\/snowboardshop.hu\/wp-content\/uploads\/2024\/01\/SnowboardShop-utcakep-1-RED-260x141.jpg 260w, https:\/\/snowboardshop.hu\/wp-content\/uploads\/2024\/01\/SnowboardShop-utcakep-1-RED-50x27.jpg 50w, https:\/\/snowboardshop.hu\/wp-content\/uploads\/2024\/01\/SnowboardShop-utcakep-1-RED-129x70.jpg 129w\" sizes=\"(max-width: 950px) 100vw, 950px\" \/>\t\t\t\t\t\t\t\t\t\t\t\t\t\t\t<\/div>\n\t\t\t\t<\/div>\n\t\t\t\t<div class=\"elementor-element elementor-element-61007d80 elementor-widget elementor-widget-text-editor\" data-id=\"61007d80\" data-element_type=\"widget\" data-e-type=\"widget\" data-widget_type=\"text-editor.default\">\n\t\t\t\t<div class=\"elementor-widget-container\">\n\t\t\t\t\t\t\t\t\t<p><b>Parking information<\/b><br>You have to pay a parking fee in the vicinity of the store, in the district! Do not park, even for 5 minutes without a ticket, because the inspectors are constantly checking the streets! <br>::<br>Parking zone SMS numbers, fees and periods:<br>&nbsp;&nbsp;&nbsp;&nbsp; SMS numbers<br>&nbsp;&nbsp;&nbsp;&nbsp;&nbsp;&nbsp;&nbsp;&nbsp;&nbsp;&nbsp;&nbsp; +36 20 763 3113<br>&nbsp;&nbsp;&nbsp;&nbsp;&nbsp;&nbsp;&nbsp;&nbsp;&nbsp;&nbsp;&nbsp; +36 30 763 3113<br>&nbsp;&nbsp;&nbsp;&nbsp;&nbsp;&nbsp;&nbsp;&nbsp;&nbsp;&nbsp;&nbsp; +36 70 763 3113<br>Period<br>&nbsp;&nbsp;&nbsp;&nbsp;&nbsp;&nbsp;&nbsp;&nbsp;&nbsp;&nbsp;&nbsp; Weekdays: 08:00 - 20:00<br>&nbsp;&nbsp;&nbsp;&nbsp;&nbsp; Price: HUF 450 \/ hour<br>:<br><b>!!! ATTENTION!!!<\/b><br>Parkings initiated via phone apps and via SMS expire automatically after 3 hours! <br>If you stay longer, DON&#039;T FORGET TO RESTART, otherwise there&#039;s a good chance you&#039;ll get a penalty on your windshield!<br>::<br><a href=\"https:\/\/terkepem.hu\/utvonalterv\/auto\/#!l=0,1!p=17\/47.48169\/19.05521!pz=1!kalvin=1!poi=parkolas\" target=\"_blank\" rel=\"noopener\">Parking zones in the area<\/a><\/p>\n<p><\/p>\t\t\t\t\t\t\t\t<\/div>\n\t\t\t\t<\/div>\n\t\t\t\t\t<\/div>\n\t\t<\/div>\n\t\t\t\t\t<\/div>\n\t\t<\/section>\n\t\t\t\t<\/div>","protected":false},"excerpt":{"rendered":"<p>Bolt + k\u00f6lcs\u00f6nz\u0151 + szerviz (Szent Gell\u00e9rt t\u00e9r) 1111 Budapest, Cs\u00edky u. 2. \/ Budafoki \u00fat 13. sarok &nbsp;&nbsp;&nbsp;&nbsp;&nbsp;&nbsp;&nbsp;&nbsp;&nbsp;&nbsp; (s\u00e1rga ajt\u00f3, Skiboy \/ Jones [&hellip;]<\/p>\n","protected":false},"author":1,"featured_media":0,"parent":0,"menu_order":0,"comment_status":"closed","ping_status":"closed","template":"","meta":{"om_disable_all_campaigns":false,"_monsterinsights_skip_tracking":false,"_monsterinsights_sitenote_active":false,"_monsterinsights_sitenote_note":"","_monsterinsights_sitenote_category":0,"footnotes":""},"class_list":["post-10","page","type-page","status-publish","hentry"],"aioseo_notices":[],"_links":{"self":[{"href":"https:\/\/snowboardshop.hu\/en\/wp-json\/wp\/v2\/pages\/10","targetHints":{"allow":["GET"]}}],"collection":[{"href":"https:\/\/snowboardshop.hu\/en\/wp-json\/wp\/v2\/pages"}],"about":[{"href":"https:\/\/snowboardshop.hu\/en\/wp-json\/wp\/v2\/types\/page"}],"author":[{"embeddable":true,"href":"https:\/\/snowboardshop.hu\/en\/wp-json\/wp\/v2\/users\/1"}],"replies":[{"embeddable":true,"href":"https:\/\/snowboardshop.hu\/en\/wp-json\/wp\/v2\/comments?post=10"}],"version-history":[{"count":198,"href":"https:\/\/snowboardshop.hu\/en\/wp-json\/wp\/v2\/pages\/10\/revisions"}],"predecessor-version":[{"id":9475,"href":"https:\/\/snowboardshop.hu\/en\/wp-json\/wp\/v2\/pages\/10\/revisions\/9475"}],"wp:attachment":[{"href":"https:\/\/snowboardshop.hu\/en\/wp-json\/wp\/v2\/media?parent=10"}],"curies":[{"name":"wp","href":"https:\/\/api.w.org\/{rel}","templated":true}]}}