{"id":12,"date":"2015-09-28T14:56:30","date_gmt":"2015-09-28T12:56:30","guid":{"rendered":"http:\/\/snowboardshop.hu\/?page_id=12"},"modified":"2024-11-26T19:28:42","modified_gmt":"2024-11-26T18:28:42","slug":"szerviz","status":"publish","type":"page","link":"https:\/\/snowboardshop.hu\/en\/szerviz\/","title":{"rendered":"Service"},"content":{"rendered":"<div data-elementor-type=\"wp-page\" data-elementor-id=\"12\" class=\"elementor elementor-12\">\n\t\t\t\t\t\t<section class=\"elementor-section elementor-top-section elementor-element elementor-element-2e74acc1 elementor-section-boxed elementor-section-height-default elementor-section-height-default\" data-id=\"2e74acc1\" data-element_type=\"section\" data-e-type=\"section\">\n\t\t\t\t\t\t<div class=\"elementor-container elementor-column-gap-default\">\n\t\t\t\t\t<div class=\"elementor-column elementor-col-100 elementor-top-column elementor-element elementor-element-37a65144\" data-id=\"37a65144\" data-element_type=\"column\" data-e-type=\"column\">\n\t\t\t<div class=\"elementor-widget-wrap elementor-element-populated\">\n\t\t\t\t\t\t<div class=\"elementor-element elementor-element-5922fa9a elementor-widget elementor-widget-text-editor\" data-id=\"5922fa9a\" data-element_type=\"widget\" data-e-type=\"widget\" data-widget_type=\"text-editor.default\">\n\t\t\t\t<div class=\"elementor-widget-container\">\n\t\t\t\t\t\t\t\t\t<p>\u00a0<\/p>\n<p style=\"text-align: left;\">\u00a0<\/p>\n<p style=\"text-align: left;\">\u00a0<\/p>\n<div style=\"margin-right: 0px; font-style: normal; font-variant-ligatures: normal; font-variant-caps: normal; font-weight: 400; font-size: 14px; font-family: 'PT Sans', Arial, Tahoma, sans-serif; color: #666666;\">\n<div><b>Services:<\/b><\/div>\n<div>\n<p>waxing with a machine: HUF 4,000<br \/>waxing by hand on the same day: HUF 6,000 (<span style=\"font-family: 'PT Sans', Arial, Tahoma, sans-serif; font-size: 14px; font-style: normal; font-variant-ligatures: normal; font-variant-caps: normal; font-weight: 400;\">fluorine wax, polishing)<\/span><\/p>\n<\/div>\n<div><span style=\"font-family: 'PT Sans', Arial, Tahoma, sans-serif; font-size: 14px; font-style: normal; font-variant-ligatures: normal; font-variant-caps: normal; font-weight: 400;\">waxing by hand: HUF 5,000 (<\/span><span style=\"font-style: normal; font-variant-ligatures: normal; font-variant-caps: normal; font-weight: 400; font-size: 14px; font-family: 'PT Sans', Arial, Tahoma, sans-serif;\">fluorine wax, polishing)<\/span><span style=\"font-family: 'PT Sans', Arial, Tahoma, sans-serif; font-size: 14px; font-style: normal; font-variant-ligatures: normal; font-variant-caps: normal; font-weight: 400;\"><br \/><\/span><\/div>\n<div><span style=\"font-family: 'PT Sans', Arial, Tahoma, sans-serif; font-size: 14px; font-style: normal; font-variant-ligatures: normal; font-variant-caps: normal; font-weight: 400;\">snowboard, ski gluing: HUF 4,000 \u2013 15,000<\/span><span style=\"font-style: normal; font-variant-ligatures: normal; font-variant-caps: normal; font-weight: 400; font-size: 14px; font-family: 'PT Sans', Arial, Tahoma, sans-serif;\"><br \/><\/span><\/div>\n<div>small service (sole grinding, sharpening, waxing, polishing): HUF 8,000<\/div>\n<div>major service (sole repair,\u00a0<span style=\"font-family: 'PT Sans', Arial, Tahoma, sans-serif; font-size: 14px; font-style: normal; font-variant-ligatures: normal; font-variant-caps: normal; font-weight: 400;\">sole grinding, sharpening, waxing, polishing): HUF 9,000 \u2013 15,000<\/span><\/div>\n<div>extra service\u00a0<span style=\"font-family: 'PT Sans', Arial, Tahoma, sans-serif; font-size: 14px; font-style: normal; font-variant-ligatures: normal; font-variant-caps: normal; font-weight: 400;\">(extra sole repair,\u00a0<\/span><span style=\"font-style: normal; font-variant-ligatures: normal; font-variant-caps: normal; font-weight: 400; font-size: 14px; font-family: 'PT Sans', Arial, Tahoma, sans-serif;\">sole grinding, sharpening, waxing, polishing): HUF 10,000-15,000<\/span><br \/>ski binding service, fix : NOT AVAIBLE<br \/>snowboard binding equipment + adjustment for own product: free, otherwise HUF 2,000<br \/>ski binding adjustment: HUF 1,500<\/div>\n<\/div>\n<div style=\"margin-right: 0px; font-style: normal; font-variant-ligatures: normal; font-variant-caps: normal; font-weight: 400; font-size: 14px; font-family: 'PT Sans', Arial, Tahoma, sans-serif; color: #666666;\">\n<div>\u00a0<\/div>\n<div>\n<p><b>Snowboard binding parts:<\/b><\/p>\n<p><span style=\"font-family: 'PT Sans', Arial, Tahoma, sans-serif; font-size: 14px; font-style: normal; font-variant-ligatures: normal; font-variant-caps: normal; font-weight: 400;\">Jones, Now, Ride, Burton, Head, Nitro\u00a0<\/span>buckles straps: HUF 5000-8000<br \/>other buckles, straps (toe ratchets): HUF 5,000-8,000<br \/>backrest: HUF 6,000-12,000<\/p>\n<p>binding wheel: HUF 5,000-8,000<\/p>\n<p>nose caps, noseband: HUF 5,000-10,000<\/p>\n<p>ankle straps, ankle strap: HUF 10,000<\/p>\n<p>used ankle strap: HUF 5,000-10,000<\/p>\n<p>additional adjuster tape: HUF 2,000<\/p>\n<p>toothed belt: HUF 3000-4000<\/p>\n<p>used toothed belt: HUF 3,000<\/p>\n<p>special binding screws: HUF 1,000-5,000<\/p>\n<p><b>\u00a0<\/b><\/p>\n<\/div>\n<div>\n<p><b>Snowboard accessories:<\/b><\/p>\n<p>anti-slip: HUF 5,000 \u2013 6,000<br \/>strap: HUF 2,000<\/p>\n<\/div>\n<\/div>\n<p style=\"text-align: left;\">snowboard screws: 300 - 2000 HUF<\/p>\n<p style=\"text-align: left;\">Snowboarding and skiing are accident-prone, sometimes life-threatening sports, where the risk of personal and equipment injury is particularly high.<\/p>\n<p>The ski and snowboard factories do not assume any responsibility for personal injuries that occur while sliding!<\/p>\n<p>Equipment left for service during the season and not taken over can be kept for one month after the end of the season, after which we are unable to store it any longer.<\/p>\n<p style=\"text-align: left;\">\u00a0<\/p>\n<p style=\"text-align: left;\"><span style=\"text-decoration: underline;\">GUARANTEE IS VALID:<\/span><\/p>\n<ol>\n<li style=\"text-align: left;\">Regarding skis and snowboards <strong>we only offer guarantee for the glue of the layers<\/strong> So only if the board\/ski becomes unusable due to poor quality gluing.<\/li>\n<li style=\"text-align: left;\">The <strong>damage of the inzerts<\/strong> or the <strong>detachment of the cover<\/strong> are in the guarantee!<\/li>\n<\/ol>\n<p style=\"text-align: left;\"><span style=\"text-decoration: underline;\">GUARANTEE IS NOT VALID:<br \/><\/span><\/p>\n<ol>\n<li style=\"text-align: left;\">The companies usually dont offer guarantee for <strong>breaks of the equipment<\/strong> - unless it is caused by the detachment of the layers<\/li>\n<li style=\"text-align: left;\">There is no guarantee for <strong>damage of the bottom or the side<\/strong>, neither <strong>crack of the binding<\/strong>.<\/li>\n<li style=\"text-align: left;\">There is no guarantee for <strong>when \u201cdrilling\u201d the tail or nose into the snow<\/strong>\u201d or \u201cwhen it comes off\u201d, acting in a line <strong>.<\/strong>.40<\/li>\n<\/ol>\t\t\t\t\t\t\t\t<\/div>\n\t\t\t\t<\/div>\n\t\t\t\t\t<\/div>\n\t\t<\/div>\n\t\t\t\t\t<\/div>\n\t\t<\/section>\n\t\t\t\t<\/div>","protected":false},"excerpt":{"rendered":"<p>\u00a0 \u00a0 \u00a0 Szolg\u00e1ltat\u00e1saink: waxol\u00e1s g\u00e9ppel: 4 000 Ftwaxol\u00e1s k\u00e9zzel aznap: 6 000 Ft (fluoros wax, pol\u00edroz\u00e1s) waxol\u00e1s k\u00e9zzel:\u00a0 5 000 Ft (fluoros wax, [&hellip;]<\/p>\n","protected":false},"author":1,"featured_media":0,"parent":0,"menu_order":0,"comment_status":"closed","ping_status":"closed","template":"","meta":{"om_disable_all_campaigns":false,"_monsterinsights_skip_tracking":false,"_monsterinsights_sitenote_active":false,"_monsterinsights_sitenote_note":"","_monsterinsights_sitenote_category":0,"footnotes":""},"class_list":["post-12","page","type-page","status-publish","hentry"],"aioseo_notices":[],"_links":{"self":[{"href":"https:\/\/snowboardshop.hu\/en\/wp-json\/wp\/v2\/pages\/12","targetHints":{"allow":["GET"]}}],"collection":[{"href":"https:\/\/snowboardshop.hu\/en\/wp-json\/wp\/v2\/pages"}],"about":[{"href":"https:\/\/snowboardshop.hu\/en\/wp-json\/wp\/v2\/types\/page"}],"author":[{"embeddable":true,"href":"https:\/\/snowboardshop.hu\/en\/wp-json\/wp\/v2\/users\/1"}],"replies":[{"embeddable":true,"href":"https:\/\/snowboardshop.hu\/en\/wp-json\/wp\/v2\/comments?post=12"}],"version-history":[{"count":58,"href":"https:\/\/snowboardshop.hu\/en\/wp-json\/wp\/v2\/pages\/12\/revisions"}],"predecessor-version":[{"id":8393,"href":"https:\/\/snowboardshop.hu\/en\/wp-json\/wp\/v2\/pages\/12\/revisions\/8393"}],"wp:attachment":[{"href":"https:\/\/snowboardshop.hu\/en\/wp-json\/wp\/v2\/media?parent=12"}],"curies":[{"name":"wp","href":"https:\/\/api.w.org\/{rel}","templated":true}]}}