{"id":1351,"date":"2015-11-19T14:22:47","date_gmt":"2015-11-19T13:22:47","guid":{"rendered":"http:\/\/snowboardshop.hu\/?page_id=1351"},"modified":"2017-11-27T15:09:41","modified_gmt":"2017-11-27T14:09:41","slug":"videok","status":"publish","type":"page","link":"https:\/\/snowboardshop.hu\/en\/videok\/","title":{"rendered":"Videos about our Tours"},"content":{"rendered":"<p><iframe src=\"https:\/\/player.vimeo.com\/video\/121178909?byline=0&amp;portrait=0\" width=\"640\" height=\"480\" frameborder=\"0\" allowfullscreen=\"allowfullscreen\"><\/iframe><\/p>\n<p><a href=\"https:\/\/vimeo.com\/121178909\">Freeriding in Angertal, 2015<\/a> from <a href=\"https:\/\/vimeo.com\/user16396898\">Endre Golovics<\/a> on <a href=\"https:\/\/vimeo.com\">Vimeo<\/a>.<\/p>\n<p>&nbsp;<\/p>\n<p>Freeride Angertalban &#8211; 2015<\/p>\n<p><iframe src=\"https:\/\/player.vimeo.com\/video\/121178909\" width=\"950\" height=\"713\" frameborder=\"0\" title=\"Freeriding in Angertal, 2015\" webkitallowfullscreen mozallowfullscreen allowfullscreen><\/iframe><\/p>\n<p>Freeride-Sportgastein felett 2014<\/p>\n<p><iframe src=\"https:\/\/player.vimeo.com\/video\/76318892\" width=\"950\" height=\"713\" frameborder=\"0\" title=\"Freeride [Waiting for Winter]\" webkitallowfullscreen mozallowfullscreen allowfullscreen><\/iframe><\/p>\n<p>&nbsp;<\/p>\n<p>M\u00f6lltal-Sportgastein \u00e1tcs\u00fasz\u00e1s 2014<\/p>\n<p><iframe src=\"https:\/\/player.vimeo.com\/video\/89664840\" width=\"950\" height=\"713\" frameborder=\"0\" title=\"Dreams Do Come True\" webkitallowfullscreen mozallowfullscreen allowfullscreen><\/iframe><\/p>\n<p>Sportgastein, 2013<\/p>\n<p><iframe src=\"https:\/\/player.vimeo.com\/video\/81954604\" width=\"950\" height=\"713\" frameborder=\"0\" title=\"Freeriding in Sportgastein\" webkitallowfullscreen mozallowfullscreen allowfullscreen><\/iframe><\/p>\n<p>Werfenweng<\/p>\n<p><iframe src=\"https:\/\/player.vimeo.com\/video\/62768081\" width=\"950\" height=\"713\" frameborder=\"0\" title=\"Freeriding in Werfenweng\" webkitallowfullscreen mozallowfullscreen allowfullscreen><\/iframe><\/p>\n<p>Sankt Johann &#8211; Alpendorf<\/p>\n<p><iframe src=\"https:\/\/player.vimeo.com\/video\/62768080\" width=\"950\" height=\"713\" frameborder=\"0\" title=\"Freeriding in Sankt Johann Alpendorf\" webkitallowfullscreen mozallowfullscreen allowfullscreen><\/iframe><\/p>\n<p>Filzmoos<\/p>\n<p><iframe src=\"https:\/\/player.vimeo.com\/video\/62687949\" width=\"950\" height=\"713\" frameborder=\"0\" title=\"Freeriding in Filzmoos\" webkitallowfullscreen mozallowfullscreen allowfullscreen><\/iframe><\/p>\n<p>Top Secret<\/p>\n<p><iframe src=\"https:\/\/player.vimeo.com\/video\/60637753\" width=\"950\" height=\"713\" frameborder=\"0\" title=\"Never-Never Land\" webkitallowfullscreen mozallowfullscreen allowfullscreen><\/iframe><\/p>\n<p>Old Mans Snowpark &#8211; Angertal<\/p>\n<p><iframe src=\"https:\/\/player.vimeo.com\/video\/60429544\" width=\"950\" height=\"713\" frameborder=\"0\" title=\"Old Man&#039;s Snowpark - Angertal\" webkitallowfullscreen mozallowfullscreen allowfullscreen><\/iframe><\/p>\n<p>A Day of Powder in Angertal<\/p>\n<p><iframe src=\"https:\/\/player.vimeo.com\/video\/60429543\" width=\"950\" height=\"713\" frameborder=\"0\" title=\"A Day of Powder in Angertal\" webkitallowfullscreen mozallowfullscreen allowfullscreen><\/iframe><\/p>\n<p>Chopok<\/p>\n<p><iframe src=\"https:\/\/player.vimeo.com\/video\/59473104\" width=\"950\" height=\"713\" frameborder=\"0\" title=\"Chopok South - Freeriding in the Woods\" webkitallowfullscreen mozallowfullscreen allowfullscreen><\/iframe><\/p>\n<p>Angertal<\/p>\n<p><iframe src=\"https:\/\/player.vimeo.com\/video\/59399075\" width=\"950\" height=\"713\" frameborder=\"0\" title=\"Freeriding in Angertal\" webkitallowfullscreen mozallowfullscreen allowfullscreen><\/iframe><\/p>\n<p>Sportgastein \u00c9szak<\/p>\n<p><iframe src=\"https:\/\/player.vimeo.com\/video\/59396423\" width=\"950\" height=\"713\" frameborder=\"0\" title=\"Sportgastein North\" webkitallowfullscreen mozallowfullscreen allowfullscreen><\/iframe><\/p>\n<p>Sportgastein Nyugat<\/p>\n<p><iframe src=\"https:\/\/player.vimeo.com\/video\/59390703\" width=\"950\" height=\"713\" frameborder=\"0\" title=\"Sportgastein West\" webkitallowfullscreen mozallowfullscreen allowfullscreen><\/iframe><\/p>\n","protected":false},"excerpt":{"rendered":"<p>Freeriding in Angertal, 2015 from Endre Golovics on Vimeo. &nbsp; Freeride Angertalban &#8211; 2015 Freeride-Sportgastein felett 2014 &nbsp; M\u00f6lltal-Sportgastein \u00e1tcs\u00fasz\u00e1s 2014 Sportgastein, 2013 Werfenweng [&hellip;]<\/p>\n","protected":false},"author":1,"featured_media":0,"parent":0,"menu_order":0,"comment_status":"closed","ping_status":"closed","template":"","meta":{"om_disable_all_campaigns":false,"_monsterinsights_skip_tracking":false,"_monsterinsights_sitenote_active":false,"_monsterinsights_sitenote_note":"","_monsterinsights_sitenote_category":0,"footnotes":""},"class_list":["post-1351","page","type-page","status-publish","hentry"],"aioseo_notices":[],"_links":{"self":[{"href":"https:\/\/snowboardshop.hu\/en\/wp-json\/wp\/v2\/pages\/1351","targetHints":{"allow":["GET"]}}],"collection":[{"href":"https:\/\/snowboardshop.hu\/en\/wp-json\/wp\/v2\/pages"}],"about":[{"href":"https:\/\/snowboardshop.hu\/en\/wp-json\/wp\/v2\/types\/page"}],"author":[{"embeddable":true,"href":"https:\/\/snowboardshop.hu\/en\/wp-json\/wp\/v2\/users\/1"}],"replies":[{"embeddable":true,"href":"https:\/\/snowboardshop.hu\/en\/wp-json\/wp\/v2\/comments?post=1351"}],"version-history":[{"count":9,"href":"https:\/\/snowboardshop.hu\/en\/wp-json\/wp\/v2\/pages\/1351\/revisions"}],"predecessor-version":[{"id":3556,"href":"https:\/\/snowboardshop.hu\/en\/wp-json\/wp\/v2\/pages\/1351\/revisions\/3556"}],"wp:attachment":[{"href":"https:\/\/snowboardshop.hu\/en\/wp-json\/wp\/v2\/media?parent=1351"}],"curies":[{"name":"wp","href":"https:\/\/api.w.org\/{rel}","templated":true}]}}