{"id":14,"date":"2015-09-28T14:56:49","date_gmt":"2015-09-28T12:56:49","guid":{"rendered":"http:\/\/snowboardshop.hu\/?page_id=14"},"modified":"2026-01-13T14:17:53","modified_gmt":"2026-01-13T13:17:53","slug":"kolcsonzo","status":"publish","type":"page","link":"https:\/\/snowboardshop.hu\/en\/kolcsonzo\/","title":{"rendered":"Ski and Snowboard rental"},"content":{"rendered":"<div data-elementor-type=\"wp-page\" data-elementor-id=\"14\" class=\"elementor elementor-14\">\n\t\t\t\t\t\t<section class=\"elementor-section elementor-top-section elementor-element elementor-element-75ce9570 elementor-section-boxed elementor-section-height-default elementor-section-height-default\" data-id=\"75ce9570\" data-element_type=\"section\" data-e-type=\"section\">\n\t\t\t\t\t\t<div class=\"elementor-container elementor-column-gap-default\">\n\t\t\t\t\t<div class=\"elementor-column elementor-col-100 elementor-top-column elementor-element elementor-element-1535248c\" data-id=\"1535248c\" data-element_type=\"column\" data-e-type=\"column\">\n\t\t\t<div class=\"elementor-widget-wrap elementor-element-populated\">\n\t\t\t\t\t\t<div class=\"elementor-element elementor-element-4dec4179 elementor-widget elementor-widget-text-editor\" data-id=\"4dec4179\" data-element_type=\"widget\" data-e-type=\"widget\" data-widget_type=\"text-editor.default\">\n\t\t\t\t<div class=\"elementor-widget-container\">\n\t\t\t\t\t\t\t\t\t<p style=\"text-align: justify;\"><a href=\"https:\/\/snowboardshop.hu\/wp-content\/uploads\/2015\/09\/logo_rent.jpg\"><img decoding=\"async\" src=\"https:\/\/snowboardshop.hu\/wp-content\/uploads\/2015\/09\/logo_rent.jpg\" alt=\"\u00dcdv\u00f6zl\u00fcnk az orsz\u00e1g legnagyobb snowdoardk\u00f6lcs\u00f6nz\u0151j\u00e9ben!\" width=\"445\" height=\"103\"><\/a><\/p>\n<p style=\"text-align: justify;\"><strong>Welcome on the country's biggest snowboard rental<\/strong> <strong>s\u00ed \u00e9s<\/strong> <strong>!!<\/strong>!<\/p>\n<p>Sik\u00f6lcs\u00f6nz\u0151 11. Ker\u00fclet<\/p>\n<p>Snowboardk\u00f6lcs\u00f6nz\u0151 11. Ker\u00fclet<\/p>\n<p style=\"text-align: justify;\">You can only rent it in person, there is no possibility to book online. We ask that you personally pick up the equipment that has already been reserved and inspect it upon pick-up, we cannot accept complaints after pick-up. &nbsp;<\/p>\n<p style=\"text-align: justify;\"><strong>Complete snowboard and ski sets and other accessories are available for rent<\/strong> or just separate parts. Requirements: identity card + passport (or new type of driver's license) + residential address card. Pre-booking is possible at any time during the winter season! Any reserved equipment can be canceled free of charge no later than seven days before departure, it cannot be canceled within seven days.<\/p>\n<p style=\"text-align: justify;\">Without payment by the booker (which is at least 50% of the total amount of the rental), there is no reservation.<\/p>\n<p style=\"text-align: justify;\"><strong style=\"font-style: normal; font-variant-ligatures: normal; font-variant-caps: normal; font-size: 14px; font-family: Roboto, sans-serif;\">We charge a HUF 3,000 drying fee for snowboard shoes returned wet!!<\/strong><\/p>\n<p style=\"text-align: justify;\"><span style=\"font-family: Roboto, sans-serif; font-size: 14px; font-style: normal; font-variant-ligatures: normal; font-variant-caps: normal; font-weight: 400;\">A legr\u00f6videbb b\u00e9rl\u00e9si id\u0151tartam: 2 nap.&nbsp; A b\u00e9rleti d\u00edj csak k\u00e9szp\u00e9nzben fizethet\u0151 a b\u00e9rl\u00e9s foglal\u00e1sakor.<\/span><strong style=\"font-style: normal; font-variant-ligatures: normal; font-variant-caps: normal; font-size: 14px; font-family: Roboto, sans-serif;\"><br><\/strong><\/p>\n<p style=\"text-align: justify;\"><strong>The day of pick-up and return is free for snowboard and ski rental. A weekend rental counts as 2 days (if you pick it up on Friday and return it on Monday).&nbsp;<\/strong><\/p>\n<p style=\"text-align: justify;\"><strong>The Premium and Elite Test equipment is delivered in a snowboard bag.<\/strong><\/p>\n<p style=\"text-align: justify;\"><strong>Lavina szett k\u00f6lcs\u00f6nz\u00e9s (szonda, lap\u00e1t, jelad\u00f3):&nbsp; 7000 Ft \/ 2 nap ill. h\u00e9tv\u00e9ge (p\u00e9ntek d\u00e9lut\u00e1nt\u00f3l h\u00e9tf\u0151 d\u00e9lut\u00e1nig) 10400 Ft \/ 3 nap 13800 Ft \/ 4 nap 16400 Ft \/ 5 nap 19500 Ft \/ 6 nap 22200 Ft \/ 7 nap 25200 Ft \/ 8 nap<\/strong><\/p>\n<p style=\"text-align: justify;\"><strong>Lavina h\u00e1tizs\u00e1k \/ airbag k\u00f6lcs\u00f6nz\u00e9s (8-16-24 literes h\u00e1tgerincv\u00e9d\u0151s lavina l\u00e9gzs\u00e1k palackkal): 20000 Ft \/ 2 nap ill. h\u00e9tv\u00e9ge&nbsp;(p\u00e9ntek d\u00e9lut\u00e1nt\u00f3l h\u00e9tf\u0151 d\u00e9lut\u00e1nig) 25000 Ft \/ 3 nap 30000 Ft \/ 4 nap 35000 Ft \/ 5 nap 40000 Ft \/ 6 nap 45000 Ft \/ 7 nap 50000 Ft \/ 8 nap<\/strong><\/p>\n<p style=\"text-align: justify;\"><b>Snowboard rental:<\/b><\/p>\n<table width=\"374\">\n<tbody>\n<tr>\n<td colspan=\"2\" width=\"158\">Premium Snowboard rental prices<\/td>\n<td width=\"64\">&nbsp;<\/td>\n<td colspan=\"2\" width=\"152\">Elite Test Snowboard rental prices<\/td>\n<\/tr>\n<tr>\n<td>2 day<\/td>\n<td>HUF 9,000<\/td>\n<td>&nbsp;<\/td>\n<td>2 day<\/td>\n<td>HUF 20,000<\/td>\n<\/tr>\n<tr>\n<td>3 day<\/td>\n<td>HUF 10,500<\/td>\n<td>&nbsp;<\/td>\n<td>3 day<\/td>\n<td>HUF 25,000<\/td>\n<\/tr>\n<tr>\n<td>4 day<\/td>\n<td>HUF 12,400<\/td>\n<td>&nbsp;<\/td>\n<td>4 day<\/td>\n<td>HUF 30,000<\/td>\n<\/tr>\n<tr>\n<td>5 day<\/td>\n<td>HUF 14,500<\/td>\n<td>&nbsp;<\/td>\n<td>5 day<\/td>\n<td>HUF 35,000<\/td>\n<\/tr>\n<tr>\n<td>6 day<\/td>\n<td>HUF 16,200<\/td>\n<td>&nbsp;<\/td>\n<td>6 day<\/td>\n<td>HUF 40,000<\/td>\n<\/tr>\n<tr>\n<td>7 day<\/td>\n<td>HUF 18,200<\/td>\n<td>&nbsp;<\/td>\n<td>7 day<\/td>\n<td>HUF 45,000<\/td>\n<\/tr>\n<tr>\n<td>8 day<\/td>\n<td>HUF 20,000<\/td>\n<td>&nbsp;<\/td>\n<td>8 day<\/td>\n<td>HUF 50,000<\/td>\n<\/tr>\n<tr>\n<td>9 day<\/td>\n<td>HUF 21,500<\/td>\n<td>&nbsp;<\/td>\n<td>9 day<\/td>\n<td>53 00 HUF<\/td>\n<\/tr>\n<tr>\n<td>10 day<\/td>\n<td>HUF 23,000<\/td>\n<td>&nbsp;<\/td>\n<td>10 day<\/td>\n<td>HUF 55,000<\/td>\n<\/tr>\n<\/tbody>\n<\/table>\n<p style=\"text-align: justify;\">\n<\/p><p style=\"text-align: justify;\"><b>Snowboard shoe rental ONLY: snowboard shoes with laces HUF 2000\/day<\/b><\/p>\n<p style=\"text-align: justify;\"><b>Snowboard shoe rental ONLY: BOA snowboard shoes HUF 2,500\/day<\/b><\/p>\n<table width=\"402\">\n<tbody>\n<tr>\n<td style=\"width: 161.567px;\" colspan=\"2\">Children&#039;s Snowboard Board-Knitting-Boot Rental Prices<\/td>\n<td style=\"width: 64px;\">&nbsp;<\/td>\n<td style=\"width: 154.433px;\" colspan=\"2\">Premium Snowboard Board-Binding-Lace-Boot Rental Prices<\/td>\n<\/tr>\n<tr>\n<td style=\"width: 65.6px;\">2 day<\/td>\n<td style=\"width: 89.9667px;\">HUF 7,600<\/td>\n<td style=\"width: 64px;\">&nbsp;<\/td>\n<td style=\"width: 59.9167px;\">2 day<\/td>\n<td style=\"width: 88.5167px;\">HUF 11,000<\/td>\n<\/tr>\n<tr>\n<td style=\"width: 65.6px;\">3 day<\/td>\n<td style=\"width: 89.9667px;\">HUF 9,000<\/td>\n<td style=\"width: 64px;\">&nbsp;<\/td>\n<td style=\"width: 59.9167px;\">3 day<\/td>\n<td style=\"width: 88.5167px;\">HUF 12,600<\/td>\n<\/tr>\n<tr>\n<td style=\"width: 65.6px;\">4 day<\/td>\n<td style=\"width: 89.9667px;\">HUF 10,400<\/td>\n<td style=\"width: 64px;\">&nbsp;<\/td>\n<td style=\"width: 59.9167px;\">4 day<\/td>\n<td style=\"width: 88.5167px;\">HUF 15,200<\/td>\n<\/tr>\n<tr>\n<td style=\"width: 65.6px;\">5 day<\/td>\n<td style=\"width: 89.9667px;\">HUF 11,500<\/td>\n<td style=\"width: 64px;\">&nbsp;<\/td>\n<td style=\"width: 59.9167px;\">5 day<\/td>\n<td style=\"width: 88.5167px;\">HUF 18,000<\/td>\n<\/tr>\n<tr>\n<td style=\"width: 65.6px;\">6 day<\/td>\n<td style=\"width: 89.9667px;\">HUF 13,200<\/td>\n<td style=\"width: 64px;\">&nbsp;<\/td>\n<td style=\"width: 59.9167px;\">6 day<\/td>\n<td style=\"width: 88.5167px;\">HUF 20,400<\/td>\n<\/tr>\n<tr>\n<td style=\"width: 65.6px;\">7 day<\/td>\n<td style=\"width: 89.9667px;\">HUF 14,700<\/td>\n<td style=\"width: 64px;\">&nbsp;<\/td>\n<td style=\"width: 59.9167px;\">7 day<\/td>\n<td style=\"width: 88.5167px;\">HUF 22,400<\/td>\n<\/tr>\n<tr>\n<td style=\"width: 65.6px;\">8 day<\/td>\n<td style=\"width: 89.9667px;\">HUF 16,000<\/td>\n<td style=\"width: 64px;\">&nbsp;<\/td>\n<td style=\"width: 59.9167px;\">8 day<\/td>\n<td style=\"width: 88.5167px;\">HUF 24,000<\/td>\n<\/tr>\n<tr>\n<td style=\"width: 65.6px;\">9 day<\/td>\n<td style=\"width: 89.9667px;\">HUF 17,300<\/td>\n<td style=\"width: 64px;\">&nbsp;<\/td>\n<td style=\"width: 59.9167px;\">9 day<\/td>\n<td style=\"width: 88.5167px;\">HUF 26,000<\/td>\n<\/tr>\n<tr>\n<td style=\"width: 65.6px;\">10 day<\/td>\n<td style=\"width: 89.9667px;\">HUF 18,500<\/td>\n<td style=\"width: 64px;\">&nbsp;<\/td>\n<td style=\"width: 59.9167px;\">10 day<\/td>\n<td style=\"width: 88.5167px;\">HUF 28,000<\/td>\n<\/tr>\n<\/tbody>\n<\/table>\n<table style=\"width: 83.8322%;\" width=\"402\">\n<tbody>\n<tr>\n<td style=\"width: 3.46021%;\">&nbsp;Snowboard Split+K\u00e9t\u00e9s+stick+foka \/Korua\/Jones\/Yes\/ rental prices<\/td>\n<td style=\"width: 65.9175%;\">&nbsp;<\/td>\n<\/tr>\n<tr>\n<td style=\"width: 3.46021%;\">2 day<\/td>\n<td style=\"width: 65.9175%;\">HUF 15,000<\/td>\n<\/tr>\n<tr>\n<td style=\"width: 3.46021%;\">3 day<\/td>\n<td style=\"width: 65.9175%;\">HUF 21,000<\/td>\n<\/tr>\n<tr>\n<td style=\"width: 3.46021%;\">4 day<\/td>\n<td style=\"width: 65.9175%;\">HUF 27,000<\/td>\n<\/tr>\n<tr>\n<td style=\"width: 3.46021%;\">5 day<\/td>\n<td style=\"width: 65.9175%;\">HUF 33,000<\/td>\n<\/tr>\n<tr>\n<td style=\"width: 3.46021%;\">6 day<\/td>\n<td style=\"width: 65.9175%;\">HUF 38,500<\/td>\n<\/tr>\n<tr>\n<td style=\"width: 3.46021%;\">7 day<\/td>\n<td style=\"width: 65.9175%;\">HUF 43,500<\/td>\n<\/tr>\n<tr>\n<td style=\"width: 3.46021%;\">8 day<\/td>\n<td style=\"width: 65.9175%;\">HUF 48,000<\/td>\n<\/tr>\n<tr>\n<td style=\"width: 3.46021%;\">9 day<\/td>\n<td style=\"width: 65.9175%;\">HUF 52,000<\/td>\n<\/tr>\n<tr>\n<td style=\"width: 3.46021%;\">10 day<\/td>\n<td style=\"width: 65.9175%;\">HUF 57,000<\/td>\n<\/tr>\n<\/tbody>\n<\/table>\n<p style=\"text-align: justify;\"><strong>We charge a HUF 3,000 drying fee for snowboard shoes returned wet!!<\/strong><\/p>\n<p style=\"text-align: justify;\">The <strong>premium category equipment<\/strong> are the best quality locally, <strong>Elite category<\/strong> the best quality in austrisa.<\/p>\n<p style=\"text-align: justify;\">The <strong>brands of the Premium category<\/strong>: RIDE, Nidecker, Hammer, Burton, K2, Yes.<\/p>\n<p style=\"text-align: justify;\">The <strong>Elite boards<\/strong>&nbsp; your rental fee will be reported in 100 % by March 31 of the given season when you purchase the rented sheet or sheet of the same type (if the type runs out, this discount cannot be applied to another sheet and cannot be carried over to the next year). These are among the world&#039;s leading snowboards, and they can be rented almost nowhere. Our goal is to facilitate the sale \/ purchase of these top sheets and to try them before buying. 40 kinds&nbsp;<strong>Elite Test Sheet can be borrowed, for example:<\/strong><\/p>\n<p>KORUA: Transition Finder, Pencil, Pencil+, PinTonic models<\/p>\n<p>YES: 420,2020, Optimistic, PYL, Ghost, Hybrid models<\/p>\n<p>JONES: Frontier Mountain Twin, Mind Expander, Ultra Mind Expander, Twin Sister, Lone Wolf, Storm Chaser<\/p>\n<p>RIDE: Warpig, Psychocandy, Timeless, Burnout, Compact, Benchwarmer, MTN Pig, TwinPig, Algorythm, WildLife<\/p>\n<p>NIDECKER: Gun, Mosquito, Concept, Legend, Escape, Merc<\/p>\n<p>HAMMER: Hmr Stream163,<\/p>\n<p>ROME: Ravine166, ServiceDog 157<\/p>\n<p>SLASH: Nahual156<\/p>\n<p style=\"text-align: justify;\">Furthermore, the best French Salomon nosecap (<span style=\"font-family: Roboto, sans-serif; font-size: 14px; font-style: normal; font-variant-ligatures: normal; font-variant-caps: normal; font-weight: 400; color: var( --e-global-color-text );\">hold the tip of the nose)<\/span><span style=\"color: var( --e-global-color-text );\">&nbsp;<\/span><strong style=\"color: var( --e-global-color-text );\">we provide a rental bond,<\/strong><span style=\"color: var( --e-global-color-text );\">&nbsp;which you can&#039;t get into trouble on the mountain. It is much easier to transport and set up. There are no bindings of this quality in Hungarian rental companies. Binding can be removed or adjusted by hand in an instant without tools.&nbsp;<\/span><\/p>\n<p style=\"text-align: justify;\"><b>Ski rental:<\/b>Salomon, Lange, Technika, Nordica ski boots.<\/p>\n<p>Sik\u00f6lcs\u00f6nz\u0151 11. Ker\u00fclet<\/p>\n<table width=\"566\">\n<tbody>\n<tr>\n<td colspan=\"2\" width=\"158\">Carving Ski-Knitting-Boot Pole Rental Prices<\/td>\n<td width=\"64\">&nbsp;<\/td>\n<td colspan=\"2\" width=\"152\">VIP S\u00edl\u00e9c (\u00faj K2 s\u00edl\u00e9c \u00e9s Freestyle s\u00edl\u00e9c) S\u00edl\u00e9c-K\u00f6t\u00e9s Bot B\u00e9rl\u00e9s \u00c1rai<\/td>\n<td width=\"64\">&nbsp;<\/td>\n<td colspan=\"2\" width=\"128\">Ski boot rental prices<\/td>\n<\/tr>\n<tr>\n<td>2 day<\/td>\n<td>HUF 11,000<\/td>\n<td>&nbsp;<\/td>\n<td>2 day<\/td>\n<td>HUF 15,000<\/td>\n<td>&nbsp;<\/td>\n<td>2 day<\/td>\n<td>HUF 4,000<\/td>\n<\/tr>\n<tr>\n<td>3 day<\/td>\n<td>HUF 12,600<\/td>\n<td>&nbsp;<\/td>\n<td>3 day<\/td>\n<td>HUF 18,000<\/td>\n<td>&nbsp;<\/td>\n<td>3 day<\/td>\n<td>HUF 6,000<\/td>\n<\/tr>\n<tr>\n<td>4 day<\/td>\n<td>HUF 15,200<\/td>\n<td>&nbsp;<\/td>\n<td>4 day<\/td>\n<td>HUF 20,000<\/td>\n<td>&nbsp;<\/td>\n<td>4 day<\/td>\n<td>HUF 8,000<\/td>\n<\/tr>\n<tr>\n<td>5 day<\/td>\n<td>HUF 18,000<\/td>\n<td>&nbsp;<\/td>\n<td>5 day<\/td>\n<td>HUF 22,000<\/td>\n<td>&nbsp;<\/td>\n<td>5 day<\/td>\n<td>HUF 10,000<\/td>\n<\/tr>\n<tr>\n<td>6 day<\/td>\n<td>HUF 20,400<\/td>\n<td>&nbsp;<\/td>\n<td>6 day<\/td>\n<td>HUF 24,000<\/td>\n<td>&nbsp;<\/td>\n<td>6 day<\/td>\n<td>HUF 12,000<\/td>\n<\/tr>\n<tr>\n<td>7 day<\/td>\n<td>HUF 22,400<\/td>\n<td>&nbsp;<\/td>\n<td>7 day<\/td>\n<td>HUF 26,000<\/td>\n<td>&nbsp;<\/td>\n<td>7 day<\/td>\n<td>HUF 14,000<\/td>\n<\/tr>\n<tr>\n<td>8 day<\/td>\n<td>HUF 24,000<\/td>\n<td>&nbsp;<\/td>\n<td>8 day<\/td>\n<td>HUF 28,000<\/td>\n<td>&nbsp;<\/td>\n<td>8 day<\/td>\n<td>HUF 16,000<\/td>\n<\/tr>\n<tr>\n<td>9 day<\/td>\n<td>HUF 26,000<\/td>\n<td>&nbsp;<\/td>\n<td>9 day<\/td>\n<td>HUF 30,000<\/td>\n<td>&nbsp;<\/td>\n<td>9 day<\/td>\n<td>HUF 18,000<\/td>\n<\/tr>\n<tr>\n<td>10 day<\/td>\n<td>HUF 28,000<\/td>\n<td>&nbsp;<\/td>\n<td>10 day<\/td>\n<td>32 000 Ft<\/td>\n<td>&nbsp;<\/td>\n<td>10 day<\/td>\n<td>HUF 20,000<\/td>\n<\/tr>\n<\/tbody>\n<\/table>\n<p style=\"text-align: justify;\"><b>Wears and protector rental:<\/b><a href=\"https:\/\/snowboardshop.hu\/wp-content\/uploads\/2015\/09\/kolcsonzesi_szerzodes.pdf\" target=\"_blank\" rel=\"noopener\">Conditions (PDF)<\/a><\/p>\n<p style=\"text-align: justify;\">You can only rent in person, there is no possibility to book online.<\/p>\n<p style=\"text-align: justify;\">A legr\u00f6videbb b\u00e9rl\u00e9si id\u0151tartam: 2 nap.&nbsp; A b\u00e9rleti d\u00edj csak k\u00e9szp\u00e9nzben fizethet\u0151 a b\u00e9rl\u00e9s foglal\u00e1sakor.<\/p>\n<p style=\"text-align: justify;\">Deposit: HUF 10,000 \/ equipment, for Premium and Test equipment HUF 20,000 \/ equipment, deposit can only be paid in cash.&nbsp;<\/p>\n<p style=\"text-align: justify;\"><strong>We charge HUF 3,000 drying fee for wet shoes.<\/strong><\/p>\n<p style=\"text-align: justify;\"><strong>Tips for renting a snowboard:<\/strong><\/p>\n<p style=\"text-align: justify;\">From 1990 we are doing <strong>rental of snowboards<\/strong> and with 32 years of experience, we have acquired a unique routine. Today, Skiboy is exclusively special <strong>snowboard binding<\/strong> for <strong>snowboard rental<\/strong>. This is French&nbsp;<strong>snowboard bindings<\/strong> can be easily set, even in the middle of the piste to left to right or from small <strong>snowboard boots<\/strong> to big <strong>snowboard boots<\/strong>. The <strong>snowboard bindings<\/strong> can be easily removed, even for an unexperienced <strong>rider<\/strong> , which makes transporting very easy.<\/p>\n<p>We use the most popular brands in our <strong>snowboard rental<\/strong>. So we primarily use RIDE, Nidecker, Hammer, Burton, K2, JONES, YES, FOREST, KORUA, GOODBOARD snowboards for rent.&nbsp;<br><strong>Snowboard boots<\/strong>&nbsp;we work with one or two brands, we try to recommend the right one to everyone when renting.<\/p>\n<p>Borrowed brands: Burton, Nidecker snowboard shoes.<\/p>\n<p>What is also important to say is that we are seriously prepared for a demand that is appearing more and more frequently: snowboards for people with big bodies or big feet. In our snowboard shop, we built a separate wall of widened (reinforced) snowboard sheets and increased the proportion of WIDE (widened) snowboards in the rental shop.<\/p>\n<p class=\"translation-block\">A few words about the rental of protective equipment. Today, <strong>renting protective equipment and protectors is an everyday thing.<\/strong> The most important needs are butt protectors, knee protectors and helmets. I would like to say a few words about these, because there is a lot of apparent protective equipment on the Hungarian market.<\/p>\n<p style=\"text-align: justify;\"><strong>Protectors (butt protectors, spine protectors, crash helmets) can be rented for HUF 1,000 per day<\/strong><\/p>\n<p style=\"text-align: justify;\"><b>Knee protectors can be rented for HUF 500\/day<\/b><\/p>\n<p style=\"text-align: justify;\">Butt protector: It can even be loose-fitting, this is not a problem, but the hip elastic should keep it up. Crouch down and check if the protective part is still above the tailbone. If the coccyx part is not triangular, but rectangular, then the protector is rarely good because it does not (cannot) extend under the coccyx. Don't believe in the plastic cover, but in the thick, impact-hardening foams. We tried Roces, Powerslide, Sixsixone, Gryphus, Red, Comperdell, Forest. Forest won big.<\/p>\n<p>Knee protector: We encountered many half-solutions here (e.g. skateboard, handball, other protectors). A good snowboarder's or skier's knee protector is made of neoprene. Why? Because it is the only material that stretches as much as human skin. Knee protectors made of this material will not slip off your knees and will also keep your knees warm throughout the day, protecting them from joint injuries and sprains. It is also a problem if there is a plastic covering on the surface of the fender, because when you fall, the track and the hard plastic surface will tear our much more expensive ski pants. (There can be plastic in our knee pads, but they should be embedded in shock-hardening foams!) The HMR or USD pads are exemplary in quality.<\/p>\n<p>Helmet: Never use no-name helmets, and if possible, the helmet should have an openable breathing channel and a protective helmet with micro-adjustment is not a disadvantage.<\/p>\n<p>The <strong>helmet rental<\/strong> is <strong>1000 HUF per day<\/strong>, which, compared to a 55 Euro daily pass, should make everyone think about whether it is worth saving on security.<\/p>\n<p><strong>Ski rental:<\/strong> I myself have been skiing for 46 years and <strong>Skiboy rental<\/strong> was the first in 1991 where you could rent gear. Lot of people calling me to <strong>rent ski<\/strong>, but only carving skis. Well, since 1998 every ski in the world has been a carving ski. Thus, of course, all authentic places only have carving skis.<br>In terms of skis, we mainly rent Salomon, Rossignol, Atomic, V\u00f6lkl, Head and Fischer skis. Our most typical ski boots are Salomon, Lange, Technika and Nordica ski boots. Our most typical sizes are from 32 to 49.<\/p>\n<p><strong>Please return the rented equipment clean and dry. The shoes can be dried next to a radiator, do not dry them on a surface that is too hot (convector, near an open fire)!&nbsp;<\/strong><\/p>\n<p style=\"text-align: justify;\">\n<\/p><h2>Are you open to new experiences? \u2013 Rent a snowboard!<\/h2>\n<p style=\"text-align: justify;\"><a href=\"https:\/\/snowboardshop.hu\/wp-content\/uploads\/2015\/09\/snowboardshop.hu_.17okt.jpg\"><img fetchpriority=\"high\" decoding=\"async\" src=\"https:\/\/snowboardshop.hu\/wp-content\/uploads\/2015\/09\/snowboardshop.hu_.17okt-300x200.jpg\" alt=\"Nyitott vagy az \u00faj \u00e9lm\u00e9nyekre? - K\u00f6lcs\u00f6n\u00f6zz snowboardot!\" width=\"300\" height=\"200\"><\/a>Snowboarding is one of the most popular extreme sports in the world, so it is no coincidence that many people are waiting for the ski season to finally indulge in their favorite activity. If you are also attracted to this adrenaline-boosting winter sport and want to try it, but don't have the right equipment, rent a snowboard from our range!<\/p>\n<p style=\"text-align: justify;\" class=\"translation-block\"><strong>Renting a snowboard<\/strong> is primarily a beneficial choice for those who are beginners or who rarely practice the sport, because there is no need to spend on full equipment if you are not yet sufficiently experienced in snowboarding, or if you only get on the board once in a while! When <strong>renting a snowboard<\/strong>, we provide you with all the necessary tools and accessories, so you won't lack for anything while playing sports! The service can be used under extremely favorable conditions, within which you can meet different options, so you can decide what you need!<\/p>\n<p style=\"text-align: justify;\" class=\"translation-block\">December is coming soon, the ski season is starting! Take advantage of <strong>snowboard rental<\/strong>!<\/p>\n<p style=\"text-align: justify;\">\n<\/p><h2>Why is ski rental worth it?<\/h2>\n<p style=\"text-align: justify;\"><a href=\"https:\/\/snowboardshop.hu\/wp-content\/uploads\/2015\/09\/snowboardshop.hu_.18jan.jpg\"><img decoding=\"async\" src=\"https:\/\/snowboardshop.hu\/wp-content\/uploads\/2015\/09\/snowboardshop.hu_.18jan-300x200.jpg\" alt=\"Mi\u00e9rt \u00e9ri meg a s\u00ed k\u00f6lcs\u00f6nz\u00e9s?\" width=\"300\" height=\"200\"><\/a><\/p>\n<p style=\"text-align: justify;\" class=\"translation-block\"><a href=\"https:\/\/snowboardshop.hu\/wp-content\/uploads\/2015\/09\/snowboardshop.hu_.18jan.jpg\" target=\"_self\"><img loading=\"lazy\" class=\"alignright size- medium wp-image-3759\" src=\"https:\/\/snowboardshop.hu\/wp-content\/uploads\/2015\/09\/snowboardshop.hu_.18jan-300x200.jpg\" alt=\"Why is renting skis worth it?\" width=\"300\" height=\"200\"><\/a>Everyone wants to try skiing at least once, as it is exciting and fun, challenging winter it's about sports. Those who go skiing regularly usually have their own ski equipment, but those who are just hitting the slopes for the first time, or who only get to ski resorts occasionally, should choose <strong>ski rental<\/strong> instead!<\/p>\n<p><strong>Sik\u00f6lcs\u00f6nz\u0151 11. Ker\u00fclet<\/strong><\/p>\n<p style=\"text-align: justify;\" class=\"translation-block\">Borrow tried-and-tested, high-quality ski equipment from us for your next winter trip! You can't be disappointed with <strong>borrowed ski equipment<\/strong>, as it is a well-known, well-established equipment that others have used before you. <strong>rental ski equipment<\/strong> also has the advantage that the lessors constantly check the condition of all equipment before each occasion. If it is damaged, worn, or has other problems, it will be repaired or replaced. Everything is already well-established, comfortable and safe, all you have to do is to hit the snowy mountainside and just slide down!<\/p>\n<p style=\"text-align: justify;\" class=\"translation-block\">Get in touch with us at <a href=\"https:\/\/snowboardshop.hu\/en\/kapcsolat\/\" target=\"_self\">our contacts<\/a> and <strong>rent ski equipment<\/strong>!<\/p>\t\t\t\t\t\t\t\t<\/div>\n\t\t\t\t<\/div>\n\t\t\t\t\t<\/div>\n\t\t<\/div>\n\t\t\t\t\t<\/div>\n\t\t<\/section>\n\t\t\t\t<\/div>","protected":false},"excerpt":{"rendered":"<p>\u00dcdv\u00f6zl\u00fcnk az orsz\u00e1g legnagyobb s\u00ed \u00e9s snowboard-k\u00f6lcs\u00f6nz\u0151j\u00e9ben! Sik\u00f6lcs\u00f6nz\u0151 11. Ker\u00fclet Snowboardk\u00f6lcs\u00f6nz\u0151 11. Ker\u00fclet K\u00f6lcs\u00f6n\u00f6zni csak szem\u00e9lyesen lehet, internetes foglal\u00e1sra lehet\u0151s\u00e9g nincs. A m\u00e1r lefoglalt [&hellip;]<\/p>\n","protected":false},"author":1,"featured_media":0,"parent":0,"menu_order":0,"comment_status":"closed","ping_status":"closed","template":"","meta":{"om_disable_all_campaigns":false,"_monsterinsights_skip_tracking":false,"_monsterinsights_sitenote_active":false,"_monsterinsights_sitenote_note":"","_monsterinsights_sitenote_category":0,"footnotes":""},"class_list":["post-14","page","type-page","status-publish","hentry"],"aioseo_notices":[],"_links":{"self":[{"href":"https:\/\/snowboardshop.hu\/en\/wp-json\/wp\/v2\/pages\/14","targetHints":{"allow":["GET"]}}],"collection":[{"href":"https:\/\/snowboardshop.hu\/en\/wp-json\/wp\/v2\/pages"}],"about":[{"href":"https:\/\/snowboardshop.hu\/en\/wp-json\/wp\/v2\/types\/page"}],"author":[{"embeddable":true,"href":"https:\/\/snowboardshop.hu\/en\/wp-json\/wp\/v2\/users\/1"}],"replies":[{"embeddable":true,"href":"https:\/\/snowboardshop.hu\/en\/wp-json\/wp\/v2\/comments?post=14"}],"version-history":[{"count":125,"href":"https:\/\/snowboardshop.hu\/en\/wp-json\/wp\/v2\/pages\/14\/revisions"}],"predecessor-version":[{"id":9718,"href":"https:\/\/snowboardshop.hu\/en\/wp-json\/wp\/v2\/pages\/14\/revisions\/9718"}],"wp:attachment":[{"href":"https:\/\/snowboardshop.hu\/en\/wp-json\/wp\/v2\/media?parent=14"}],"curies":[{"name":"wp","href":"https:\/\/api.w.org\/{rel}","templated":true}]}}