{"id":8,"date":"2015-09-28T14:55:14","date_gmt":"2015-09-28T12:55:14","guid":{"rendered":"http:\/\/snowboardshop.hu\/?page_id=8"},"modified":"2019-12-10T14:50:06","modified_gmt":"2019-12-10T13:50:06","slug":"rolunk","status":"publish","type":"page","link":"https:\/\/snowboardshop.hu\/en\/rolunk\/","title":{"rendered":"About us"},"content":{"rendered":"<p>&nbsp;<\/p>\n<h3>SNOWBOARD SHOP<\/h3>\n<h5>(Skiboy)<\/h5>\n<p>&nbsp;<\/p>\n<ul style=\"list-style-type: square;\">\n<li style=\"text-align: left;\">We are our country's oldest <strong>snowboardshop<\/strong>and<strong> rental<\/strong>From 1991 we are doing <strong>sales of snowboards<\/strong>,<strong>repair<\/strong>,<strong>rental<\/strong>and <strong>teaching<\/strong>You will also find the country's first and currently the largest snowboard rental company here.<\/li>\n<li style=\"text-align: left;\"><strong>We are brand representation <\/strong>of the following brands: <strong>JONES Snowboards, YES Snowboards, RIDE Snowboards, ROME Snowboards, FLOW, NOW, Nidecker, APO, Hammer, ROME- Ripzone<\/strong>- and <b>RIDE Wear.<\/b><\/li>\n<\/ul>\n<ul style=\"list-style-type: square;\">\n<li style=\"text-align: left;\"><span style=\"text-decoration: underline;\">The stock in the webpage is realtime,<\/span>, the products are avaible in the shop. And you can buy them immediately.<\/li>\n<\/ul>\n<p><a href=\"https:\/\/snowboardshop.hu\/wp-content\/uploads\/2015\/09\/Uzlet-4-kep-1.png\"><img fetchpriority=\"high\" decoding=\"async\" class=\"size-full wp-image-1683 aligncenter\" src=\"https:\/\/snowboardshop.hu\/wp-content\/uploads\/2015\/09\/Uzlet-4-kep-1.png\" alt=\"Uzlet 4 kep 1\" width=\"1200\" height=\"186\" srcset=\"https:\/\/snowboardshop.hu\/wp-content\/uploads\/2015\/09\/Uzlet-4-kep-1.png 1200w, https:\/\/snowboardshop.hu\/wp-content\/uploads\/2015\/09\/Uzlet-4-kep-1-300x47.png 300w, https:\/\/snowboardshop.hu\/wp-content\/uploads\/2015\/09\/Uzlet-4-kep-1-600x93.png 600w, https:\/\/snowboardshop.hu\/wp-content\/uploads\/2015\/09\/Uzlet-4-kep-1-1024x159.png 1024w, https:\/\/snowboardshop.hu\/wp-content\/uploads\/2015\/09\/Uzlet-4-kep-1-260x40.png 260w, https:\/\/snowboardshop.hu\/wp-content\/uploads\/2015\/09\/Uzlet-4-kep-1-50x8.png 50w, https:\/\/snowboardshop.hu\/wp-content\/uploads\/2015\/09\/Uzlet-4-kep-1-200x31.png 200w\" sizes=\"(max-width: 1200px) 100vw, 1200px\" \/><\/a><\/p>\n<ul style=\"list-style-type: square;\">\n<li style=\"text-align: left;\">We are such a unique shop that we <strong>consider your<\/strong> <strong>used gear<\/strong>. Our experience of almost 20 years in the field of equipment assembly is unique. This is an advantage for our customers that almost no competing specialty stores offer. We know all the snowboard brands in circulation, our expertise has developed together with the development of Hungarian snowboarding. We train at international trade fairs every year.<\/li>\n<\/ul>\n<p>&nbsp;<\/p>\n<ul style=\"list-style-type: square;\">\n<li style=\"text-align: left;\">We have acquired such a routine in choosing snowboard shoes that we can easily choose which style of shoe is suitable for which foot. Lots of people does not know that the <strong>american <\/strong>snowboard shoes made for wide feet. (except the RIDE) The<strong> italian <\/strong>shoes are made for wide heels, but narrow feet, the <strong>german<\/strong> and<strong> swiss <\/strong>shoes are made for narrow heels. A factory usually makes only one type of shoe sizes.<\/li>\n<\/ul>\n<p>&nbsp;<\/p>\n<ul style=\"list-style-type: square;\">\n<li style=\"text-align: left;\">Lots of people bought their first snowboard gear at other stores, but many bought their second in our shop. This is a real, authentic, specialist shop. More than 60% of our customers are enthusiastic, returning, regular guests! I don't think it's a snowboard shop where they don't ask you your foot size, body weight, height, look at your feet, and don't ask what attracts you the most in this sport...<\/li>\n<\/ul>\n<p>&nbsp;<\/p>\n<p style=\"text-align: center;\">\n<p> <a href=\"https:\/\/snowboardshop.hu\/wp-content\/uploads\/2015\/09\/Andrew-SportGastein-1200.png\"><img decoding=\"async\" class=\"wp-image-1678 alignleft\" src=\"https:\/\/snowboardshop.hu\/wp-content\/uploads\/2015\/09\/Andrew-SportGastein-1200.png\" alt=\"Andrew SportGastein 1200\" width=\"1212\" height=\"453\" srcset=\"https:\/\/snowboardshop.hu\/wp-content\/uploads\/2015\/09\/Andrew-SportGastein-1200.png 749w, https:\/\/snowboardshop.hu\/wp-content\/uploads\/2015\/09\/Andrew-SportGastein-1200-300x112.png 300w, https:\/\/snowboardshop.hu\/wp-content\/uploads\/2015\/09\/Andrew-SportGastein-1200-600x224.png 600w, https:\/\/snowboardshop.hu\/wp-content\/uploads\/2015\/09\/Andrew-SportGastein-1200-260x97.png 260w, https:\/\/snowboardshop.hu\/wp-content\/uploads\/2015\/09\/Andrew-SportGastein-1200-50x19.png 50w, https:\/\/snowboardshop.hu\/wp-content\/uploads\/2015\/09\/Andrew-SportGastein-1200-187x70.png 187w\" sizes=\"(max-width: 1212px) 100vw, 1212px\" \/><\/a><\/p>\n<p> <em>SportGastein-M\u00f6ltal glecier \u2013 2015<\/em><\/p>\n<p style=\"text-align: justify;\"><em><br \/> <\/em><a href=\"https:\/\/snowboardshop.hu\/wp-content\/uploads\/2015\/09\/Andrew-IMG_8215-BW-S.png\"><img decoding=\"async\" class=\"wp-image-1681 aligncenter\" src=\"https:\/\/snowboardshop.hu\/wp-content\/uploads\/2015\/09\/Andrew-IMG_8215-BW-S.png\" alt=\"Andrew IMG_8215 BW S\" width=\"188\" height=\"188\" srcset=\"https:\/\/snowboardshop.hu\/wp-content\/uploads\/2015\/09\/Andrew-IMG_8215-BW-S.png 282w, https:\/\/snowboardshop.hu\/wp-content\/uploads\/2015\/09\/Andrew-IMG_8215-BW-S-100x100.png 100w, https:\/\/snowboardshop.hu\/wp-content\/uploads\/2015\/09\/Andrew-IMG_8215-BW-S-150x150.png 150w, https:\/\/snowboardshop.hu\/wp-content\/uploads\/2015\/09\/Andrew-IMG_8215-BW-S-146x146.png 146w, https:\/\/snowboardshop.hu\/wp-content\/uploads\/2015\/09\/Andrew-IMG_8215-BW-S-50x50.png 50w, https:\/\/snowboardshop.hu\/wp-content\/uploads\/2015\/09\/Andrew-IMG_8215-BW-S-80x80.png 80w, https:\/\/snowboardshop.hu\/wp-content\/uploads\/2015\/09\/Andrew-IMG_8215-BW-S-70x70.png 70w\" sizes=\"(max-width: 188px) 100vw, 188px\" \/><\/a><\/p>\n<p style=\"text-align: left;\"><em>As a passionate freeride snowboarder, I have been gliding on the snowy slopes of Europe since 1993. From the Romanian mountains to the Slovak Tatras, from the Austrian Alps to the Swiss and French Alps, I already have a lot of freeride slides in my legs and in my &quot;album&quot;. I have found that a good snowboard behaves well both on marked trails and on untreated, virgin snow slopes. However, this is not true for the 80 % snowboards available in our country. At SnowboardShop, we only offer products that we trust using our 20 years of experience.<\/em><\/p>\n<p style=\"text-align: center;\"><em>Best regards, Endru<\/em><\/p>","protected":false},"excerpt":{"rendered":"<p>&nbsp; SNOWBOARDSHOP (Skiboy) &nbsp; Haz\u00e1nk legnagyobb v\u00e1laszt\u00e9k\u00fa \u00e9s legr\u00e9gebbi snowboard-k\u00f6lcs\u00f6nz\u0151je \u00e9s boltja. 1991-\u00f3ta foglalkozunk snowboard \u00e9rt\u00e9kes\u00edt\u00e9ssel, jav\u00edt\u00e1ssal, k\u00f6lcs\u00f6nz\u00e9ssel \u00e9s oktat\u00e1ssal. Az orsz\u00e1g els\u0151k\u00e9nt \u00e9letre [&hellip;]<\/p>\n","protected":false},"author":1,"featured_media":0,"parent":0,"menu_order":0,"comment_status":"closed","ping_status":"closed","template":"","meta":{"om_disable_all_campaigns":false,"_monsterinsights_skip_tracking":false,"_monsterinsights_sitenote_active":false,"_monsterinsights_sitenote_note":"","_monsterinsights_sitenote_category":0,"footnotes":""},"class_list":["post-8","page","type-page","status-publish","hentry"],"aioseo_notices":[],"_links":{"self":[{"href":"https:\/\/snowboardshop.hu\/en\/wp-json\/wp\/v2\/pages\/8","targetHints":{"allow":["GET"]}}],"collection":[{"href":"https:\/\/snowboardshop.hu\/en\/wp-json\/wp\/v2\/pages"}],"about":[{"href":"https:\/\/snowboardshop.hu\/en\/wp-json\/wp\/v2\/types\/page"}],"author":[{"embeddable":true,"href":"https:\/\/snowboardshop.hu\/en\/wp-json\/wp\/v2\/users\/1"}],"replies":[{"embeddable":true,"href":"https:\/\/snowboardshop.hu\/en\/wp-json\/wp\/v2\/comments?post=8"}],"version-history":[{"count":34,"href":"https:\/\/snowboardshop.hu\/en\/wp-json\/wp\/v2\/pages\/8\/revisions"}],"predecessor-version":[{"id":6767,"href":"https:\/\/snowboardshop.hu\/en\/wp-json\/wp\/v2\/pages\/8\/revisions\/6767"}],"wp:attachment":[{"href":"https:\/\/snowboardshop.hu\/en\/wp-json\/wp\/v2\/media?parent=8"}],"curies":[{"name":"wp","href":"https:\/\/api.w.org\/{rel}","templated":true}]}}