{"id":832,"date":"2015-10-26T13:52:09","date_gmt":"2015-10-26T12:52:09","guid":{"rendered":"http:\/\/snowboardshop.hu\/?page_id=832"},"modified":"2015-10-26T13:52:32","modified_gmt":"2015-10-26T12:52:32","slug":"segitseg","status":"publish","type":"page","link":"https:\/\/snowboardshop.hu\/en\/segitseg\/","title":{"rendered":"Help"},"content":{"rendered":"<div class=\"txt\">\n<div class=\"title2\"><strong>Side training<\/strong><\/div>\n<p> The lateral training of the boards is of fundamental importance. 80% of the damage to the boards occurs at the edge of the board, so it does not matter what material is above the edge. This material pushes the force of body weight onto the snow.<\/div>\n<div class=\"txt\">\u00a0<\/div>\n<div class=\"txt\">\n<div class=\"title2\"><strong>Tree seed<\/strong><\/div>\n<p> All serious snowboards and skis are made of wood and fiberglass. Wood is the only material that is strong even in the cold, has excellent vibration damping and uniform bending. Products made of clear plastic are for shopping centers or for small children.<\/div>\n<div class=\"txt\">\u00a0<\/div>\n<div class=\"txt\">\n<div class=\"title2\"><strong>Sandwich structure<\/strong><\/div>\n<p> Good snowboards have a sandwich structure. This means multi-layered layers of wood and glass fiber (in the most serious case + carbon fiber or Kevlar fiber) glued together with epoxy resin. Their presence determines the quality.<\/div>\n<div class=\"txt\">\u00a0<\/div>\n<div class=\"txt\">\n<div class=\"title2\"><strong>Number of lateral arcs<\/strong><\/div>\n<p> The board&#039;s maneuverability is given by its side arc. Radiuses below 8.5 m are considered very agile, 9-10 m are considered fast. There are snowboards that have two tangent arcs. A larger curve touches the middle of the board, a smaller curve touches the back of the board. These cards are more versatile, if you load backwards, they are very agile, if they are fast in the middle.<\/div>\n<div class=\"txt\">\u00a0<\/div>\n<div class=\"txt\">\n<div class=\"title2\"><strong>Sole<\/strong><\/div>\n<p> About 6 types of soles are used. The quality of the material is decisive in the lifespan of the board. The same rock quarter will cause as much damage to a more serious sole.<\/div>\n<div class=\"txt\">\u00a0<\/div>\n<div class=\"txt\">\n<div class=\"title2\"><strong>Vibration damping<\/strong><\/div>\n<p> One of the most important areas of development is the damping of vibration. Imagine a car without shock absorption! Vibration damping and cohesion can be improved by gluing layers of rubber.<\/div>","protected":false},"excerpt":{"rendered":"<p>Oldalkik\u00e9pz\u00e9s A deszk\u00e1k oldalkik\u00e9pz\u00e9se alapvet\u0151 fontoss\u00e1g\u00fa. A deszk\u00e1k s\u00e9r\u00fcl\u00e9s\u00e9nek 80%-a a deszka \u00e9l\u00e9n\u00e9l t\u00f6rt\u00e9nik, ez\u00e9rt nem mindegy milyen anyag van az \u00e9l f\u00f6l\u00f6tt. Ez [&hellip;]<\/p>\n","protected":false},"author":1,"featured_media":0,"parent":0,"menu_order":0,"comment_status":"closed","ping_status":"closed","template":"","meta":{"om_disable_all_campaigns":false,"_monsterinsights_skip_tracking":false,"_monsterinsights_sitenote_active":false,"_monsterinsights_sitenote_note":"","_monsterinsights_sitenote_category":0,"footnotes":""},"class_list":["post-832","page","type-page","status-publish","hentry"],"aioseo_notices":[],"_links":{"self":[{"href":"https:\/\/snowboardshop.hu\/en\/wp-json\/wp\/v2\/pages\/832","targetHints":{"allow":["GET"]}}],"collection":[{"href":"https:\/\/snowboardshop.hu\/en\/wp-json\/wp\/v2\/pages"}],"about":[{"href":"https:\/\/snowboardshop.hu\/en\/wp-json\/wp\/v2\/types\/page"}],"author":[{"embeddable":true,"href":"https:\/\/snowboardshop.hu\/en\/wp-json\/wp\/v2\/users\/1"}],"replies":[{"embeddable":true,"href":"https:\/\/snowboardshop.hu\/en\/wp-json\/wp\/v2\/comments?post=832"}],"version-history":[{"count":2,"href":"https:\/\/snowboardshop.hu\/en\/wp-json\/wp\/v2\/pages\/832\/revisions"}],"predecessor-version":[{"id":834,"href":"https:\/\/snowboardshop.hu\/en\/wp-json\/wp\/v2\/pages\/832\/revisions\/834"}],"wp:attachment":[{"href":"https:\/\/snowboardshop.hu\/en\/wp-json\/wp\/v2\/media?parent=832"}],"curies":[{"name":"wp","href":"https:\/\/api.w.org\/{rel}","templated":true}]}}