{"id":1022,"date":"2015-10-26T16:20:01","date_gmt":"2015-10-26T15:20:01","guid":{"rendered":"http:\/\/snowboardshop.hu\/?post_type=product&#038;p=1022"},"modified":"2025-01-03T10:55:35","modified_gmt":"2025-01-03T09:55:35","slug":"csuklovedo-hammer","status":"publish","type":"product","link":"https:\/\/snowboardshop.hu\/en\/product\/csuklovedo-hammer\/","title":{"rendered":"HMR wrist protector"},"content":{"rendered":"<p>This medical neoprene wrist protector is a real bestseller.<br \/>No protector built with gloves will ever protect you like this wrist guard. The Velcro wraps around itself, so it can be adjusted to the hand with complete precision. Neoprene takes the shape of your hand perfectly. It fits in any snowboard or ski gloves, and if they get wet, it will keep your wrists warm even when wet! Fractures are partly caused by cold joints!<br \/>The price is for a pair (left and right handed). \ud83d\ude42<\/p>","protected":false},"excerpt":{"rendered":"<p>Ez az orvosi neopr\u00e9nb\u0151l k\u00e9sz\u00fclt csukl\u00f3protektor igazi bestseller.Soha, semmilyen keszty\u0171vel \u00e9p\u00edtett protektor nem fog \u00fagy v\u00e9deni, mint ez a csukl\u00f3v\u00e9d\u0151. A t\u00e9p\u0151z\u00e1r\u00e1t \u00f6nmag\u00e1ra tekered, [&hellip;]<\/p>\n","protected":false},"featured_media":1803,"comment_status":"closed","ping_status":"closed","template":"","meta":{"om_disable_all_campaigns":false,"_monsterinsights_skip_tracking":false,"_monsterinsights_sitenote_active":false,"_monsterinsights_sitenote_note":"","_monsterinsights_sitenote_category":0},"product_brand":[],"product_cat":[37,10],"product_tag":[],"class_list":{"0":"post-1022","1":"product","2":"type-product","3":"status-publish","4":"has-post-thumbnail","6":"product_cat-vedofelszerelesek","7":"product_cat-ruhazat-es-vedok","9":"first","10":"instock","11":"shipping-taxable","12":"purchasable","13":"product-type-simple"},"aioseo_notices":[],"_links":{"self":[{"href":"https:\/\/snowboardshop.hu\/en\/wp-json\/wp\/v2\/product\/1022","targetHints":{"allow":["GET"]}}],"collection":[{"href":"https:\/\/snowboardshop.hu\/en\/wp-json\/wp\/v2\/product"}],"about":[{"href":"https:\/\/snowboardshop.hu\/en\/wp-json\/wp\/v2\/types\/product"}],"replies":[{"embeddable":true,"href":"https:\/\/snowboardshop.hu\/en\/wp-json\/wp\/v2\/comments?post=1022"}],"version-history":[{"count":2,"href":"https:\/\/snowboardshop.hu\/en\/wp-json\/wp\/v2\/product\/1022\/revisions"}],"predecessor-version":[{"id":6152,"href":"https:\/\/snowboardshop.hu\/en\/wp-json\/wp\/v2\/product\/1022\/revisions\/6152"}],"wp:featuredmedia":[{"embeddable":true,"href":"https:\/\/snowboardshop.hu\/en\/wp-json\/wp\/v2\/media\/1803"}],"wp:attachment":[{"href":"https:\/\/snowboardshop.hu\/en\/wp-json\/wp\/v2\/media?parent=1022"}],"wp:term":[{"taxonomy":"product_brand","embeddable":true,"href":"https:\/\/snowboardshop.hu\/en\/wp-json\/wp\/v2\/product_brand?post=1022"},{"taxonomy":"product_cat","embeddable":true,"href":"https:\/\/snowboardshop.hu\/en\/wp-json\/wp\/v2\/product_cat?post=1022"},{"taxonomy":"product_tag","embeddable":true,"href":"https:\/\/snowboardshop.hu\/en\/wp-json\/wp\/v2\/product_tag?post=1022"}],"curies":[{"name":"wp","href":"https:\/\/api.w.org\/{rel}","templated":true}]}}