{"id":1049,"date":"2015-10-26T16:29:48","date_gmt":"2015-10-26T15:29:48","guid":{"rendered":"http:\/\/snowboardshop.hu\/?post_type=product&#038;p=1049"},"modified":"2022-10-24T10:05:55","modified_gmt":"2022-10-24T08:05:55","slug":"terdvedo-usd-neo","status":"publish","type":"product","link":"https:\/\/snowboardshop.hu\/en\/product\/terdvedo-usd-neo\/","title":{"rendered":"USD Neo knee protector (Used)"},"content":{"rendered":"<p>This American knee pad is made of medical skin-friendly neoprene. It completely takes the shape of the knee, I have been using it myself for many years, it has never slipped out of place. Neoprene also warms the knee, even when wet and wet, so you can relax on your knee when snowboarding, it also protects against knee ligament tears due to sudden cooling. The impact protection surface is a combination of Swiss Kevlar and shock-hardening foam, which also takes the shape of the patella.<br \/>A big advantage is that it fits under tight snowboard or ski pants.<\/p>","protected":false},"excerpt":{"rendered":"<p>Ez az amerikai t\u00e9rdv\u00e9d\u0151 orvosi b\u0151rbar\u00e1t neoprenb\u0151l k\u00e9sz\u0171lt. Teljesen felveszi a t\u00e9rd alakj\u00e1t, sok \u00e9ve haszn\u00e1lom magam is, m\u00e9g sosem cs\u00faszott le a hely\u00e9r\u0151l. [&hellip;]<\/p>\n","protected":false},"featured_media":1806,"comment_status":"closed","ping_status":"closed","template":"","meta":{"om_disable_all_campaigns":false,"_monsterinsights_skip_tracking":false,"_monsterinsights_sitenote_active":false,"_monsterinsights_sitenote_note":"","_monsterinsights_sitenote_category":0},"product_brand":[],"product_cat":[37,10],"product_tag":[],"class_list":{"0":"post-1049","1":"product","2":"type-product","3":"status-publish","4":"has-post-thumbnail","6":"product_cat-vedofelszerelesek","7":"product_cat-ruhazat-es-vedok","9":"first","10":"instock","11":"shipping-taxable","12":"purchasable","13":"product-type-simple"},"aioseo_notices":[],"_links":{"self":[{"href":"https:\/\/snowboardshop.hu\/en\/wp-json\/wp\/v2\/product\/1049","targetHints":{"allow":["GET"]}}],"collection":[{"href":"https:\/\/snowboardshop.hu\/en\/wp-json\/wp\/v2\/product"}],"about":[{"href":"https:\/\/snowboardshop.hu\/en\/wp-json\/wp\/v2\/types\/product"}],"replies":[{"embeddable":true,"href":"https:\/\/snowboardshop.hu\/en\/wp-json\/wp\/v2\/comments?post=1049"}],"version-history":[{"count":2,"href":"https:\/\/snowboardshop.hu\/en\/wp-json\/wp\/v2\/product\/1049\/revisions"}],"predecessor-version":[{"id":6148,"href":"https:\/\/snowboardshop.hu\/en\/wp-json\/wp\/v2\/product\/1049\/revisions\/6148"}],"wp:featuredmedia":[{"embeddable":true,"href":"https:\/\/snowboardshop.hu\/en\/wp-json\/wp\/v2\/media\/1806"}],"wp:attachment":[{"href":"https:\/\/snowboardshop.hu\/en\/wp-json\/wp\/v2\/media?parent=1049"}],"wp:term":[{"taxonomy":"product_brand","embeddable":true,"href":"https:\/\/snowboardshop.hu\/en\/wp-json\/wp\/v2\/product_brand?post=1049"},{"taxonomy":"product_cat","embeddable":true,"href":"https:\/\/snowboardshop.hu\/en\/wp-json\/wp\/v2\/product_cat?post=1049"},{"taxonomy":"product_tag","embeddable":true,"href":"https:\/\/snowboardshop.hu\/en\/wp-json\/wp\/v2\/product_tag?post=1049"}],"curies":[{"name":"wp","href":"https:\/\/api.w.org\/{rel}","templated":true}]}}