{"id":1225,"date":"2015-11-10T09:50:31","date_gmt":"2015-11-10T08:50:31","guid":{"rendered":"http:\/\/snowboardshop.hu\/?post_type=product&#038;p=1225"},"modified":"2025-01-16T08:38:36","modified_gmt":"2025-01-16T07:38:36","slug":"k2-darkstar","status":"publish","type":"product","link":"https:\/\/snowboardshop.hu\/en\/product\/k2-darkstar\/","title":{"rendered":"K2 Darkstar snowboard test"},"content":{"rendered":"<p>I have very good impressions with this board. The &quot;aberrated&quot; design covers a big heart. We used it for everything, we hit it, we jumped it, we crushed it outside the track, we raced it. A very durable, fast, precise turning board. Basically, I recommend it for groomed snow and parks rather than freeride, but we rode it a lot off-piste. This is the board that comes stably from a back somersault, but doesn&#039;t bounce out from under you on an icy track. Loni Fontain&#039;s pro model.<\/p>\n<div id=\"databox\">\n<ul>\n<li class=\"fcell\">Length: 157<\/li>\n<\/ul>\n<ul>\n<li class=\"fcell\">Nose: 295<\/li>\n<\/ul>\n<ul>\n<li class=\"fcell\">Middle: 255<\/li>\n<\/ul>\n<ul>\n<li class=\"fcell\">Well: 295<\/li>\n<\/ul>\n<p>&nbsp;<\/p>\n<\/div>","protected":false},"excerpt":{"rendered":"<p>Ezzel a deszk\u00e1val nagyon j\u00f3 benyom\u00e1saim vannak. Az &#8222;aberr\u00e1lt&#8221; design nagy sz\u00edvet takar. Mindenre haszn\u00e1ltuk, \u00fct\u00f6tt\u00fck- v\u00e1gtuk, ugr\u00e1ltunk vele, p\u00e1ly\u00e1n k\u00edv\u00fcl z\u00faztunk, sz\u00e1guldoztunk. Egy [&hellip;]<\/p>\n","protected":false},"featured_media":1226,"comment_status":"closed","ping_status":"closed","template":"","meta":{"om_disable_all_campaigns":false,"_monsterinsights_skip_tracking":false,"_monsterinsights_sitenote_active":false,"_monsterinsights_sitenote_note":"","_monsterinsights_sitenote_category":0},"product_brand":[],"product_cat":[54,18,58,7],"product_tag":[],"class_list":{"0":"post-1225","1":"product","2":"type-product","3":"status-publish","4":"has-post-thumbnail","6":"product_cat-k2","7":"product_cat-outlet-hasznalt","8":"product_cat-premium-teszt-snowbaordok","9":"product_cat-snowboard-deszkak","11":"first","12":"instock","13":"sale","14":"shipping-taxable","15":"purchasable","16":"product-type-simple"},"aioseo_notices":[],"_links":{"self":[{"href":"https:\/\/snowboardshop.hu\/en\/wp-json\/wp\/v2\/product\/1225","targetHints":{"allow":["GET"]}}],"collection":[{"href":"https:\/\/snowboardshop.hu\/en\/wp-json\/wp\/v2\/product"}],"about":[{"href":"https:\/\/snowboardshop.hu\/en\/wp-json\/wp\/v2\/types\/product"}],"replies":[{"embeddable":true,"href":"https:\/\/snowboardshop.hu\/en\/wp-json\/wp\/v2\/comments?post=1225"}],"version-history":[{"count":3,"href":"https:\/\/snowboardshop.hu\/en\/wp-json\/wp\/v2\/product\/1225\/revisions"}],"predecessor-version":[{"id":8905,"href":"https:\/\/snowboardshop.hu\/en\/wp-json\/wp\/v2\/product\/1225\/revisions\/8905"}],"wp:featuredmedia":[{"embeddable":true,"href":"https:\/\/snowboardshop.hu\/en\/wp-json\/wp\/v2\/media\/1226"}],"wp:attachment":[{"href":"https:\/\/snowboardshop.hu\/en\/wp-json\/wp\/v2\/media?parent=1225"}],"wp:term":[{"taxonomy":"product_brand","embeddable":true,"href":"https:\/\/snowboardshop.hu\/en\/wp-json\/wp\/v2\/product_brand?post=1225"},{"taxonomy":"product_cat","embeddable":true,"href":"https:\/\/snowboardshop.hu\/en\/wp-json\/wp\/v2\/product_cat?post=1225"},{"taxonomy":"product_tag","embeddable":true,"href":"https:\/\/snowboardshop.hu\/en\/wp-json\/wp\/v2\/product_tag?post=1225"}],"curies":[{"name":"wp","href":"https:\/\/api.w.org\/{rel}","templated":true}]}}