{"id":1808,"date":"2015-12-15T20:09:59","date_gmt":"2015-12-15T19:09:59","guid":{"rendered":"http:\/\/snowboardshop.hu\/termek\/jones-lavina-lapat\/"},"modified":"2022-01-06T12:35:21","modified_gmt":"2022-01-06T11:35:21","slug":"jones-lavina-lapat","status":"publish","type":"product","link":"https:\/\/snowboardshop.hu\/en\/product\/jones-lavina-lapat\/","title":{"rendered":"Sawn, 3-part premium avalanche shovel"},"content":{"rendered":"<p>This premium avalanche shovel, which can be divided into 3 parts, fits in any short, small backpack, leaving plenty of room for other avalanche equipment, and the middle part is an efficient emergency saw. <br \/>Material T6065 aluminum.<\/p>","protected":false},"excerpt":{"rendered":"<p>Ez a 3 r\u00e9szre bonthat\u00f3 pr\u00e9mium\u00a0 lavinalap\u00e1t b\u00e1rmilyen r\u00f6vid, pici h\u00e1tizs\u00e1kban elf\u00e9r, b\u0151ven helyet hagyva t\u00f6bbi lavinafelszerel\u00e9snek, k\u00f6z\u00e9ps\u0151 r\u00e9sze egy hat\u00e9konyan m\u0171k\u00f6d\u0151, v\u00e9szhelyzetben alkalmazhat\u00f3 [&hellip;]<\/p>\n","protected":false},"featured_media":1760,"comment_status":"closed","ping_status":"closed","template":"","meta":{"om_disable_all_campaigns":false,"_monsterinsights_skip_tracking":false,"_monsterinsights_sitenote_active":false,"_monsterinsights_sitenote_note":"","_monsterinsights_sitenote_category":0},"product_brand":[],"product_cat":[40,69,10],"product_tag":[],"class_list":{"0":"post-1808","1":"product","2":"type-product","3":"status-publish","4":"has-post-thumbnail","6":"product_cat-backcountry-felszerelesek-kiegeszitok","7":"product_cat-kiegeszitok-accessories","8":"product_cat-ruhazat-es-vedok","10":"first","11":"instock","12":"sale","13":"shipping-taxable","14":"purchasable","15":"product-type-simple"},"aioseo_notices":[],"_links":{"self":[{"href":"https:\/\/snowboardshop.hu\/en\/wp-json\/wp\/v2\/product\/1808","targetHints":{"allow":["GET"]}}],"collection":[{"href":"https:\/\/snowboardshop.hu\/en\/wp-json\/wp\/v2\/product"}],"about":[{"href":"https:\/\/snowboardshop.hu\/en\/wp-json\/wp\/v2\/types\/product"}],"replies":[{"embeddable":true,"href":"https:\/\/snowboardshop.hu\/en\/wp-json\/wp\/v2\/comments?post=1808"}],"version-history":[{"count":1,"href":"https:\/\/snowboardshop.hu\/en\/wp-json\/wp\/v2\/product\/1808\/revisions"}],"predecessor-version":[{"id":5810,"href":"https:\/\/snowboardshop.hu\/en\/wp-json\/wp\/v2\/product\/1808\/revisions\/5810"}],"wp:featuredmedia":[{"embeddable":true,"href":"https:\/\/snowboardshop.hu\/en\/wp-json\/wp\/v2\/media\/1760"}],"wp:attachment":[{"href":"https:\/\/snowboardshop.hu\/en\/wp-json\/wp\/v2\/media?parent=1808"}],"wp:term":[{"taxonomy":"product_brand","embeddable":true,"href":"https:\/\/snowboardshop.hu\/en\/wp-json\/wp\/v2\/product_brand?post=1808"},{"taxonomy":"product_cat","embeddable":true,"href":"https:\/\/snowboardshop.hu\/en\/wp-json\/wp\/v2\/product_cat?post=1808"},{"taxonomy":"product_tag","embeddable":true,"href":"https:\/\/snowboardshop.hu\/en\/wp-json\/wp\/v2\/product_tag?post=1808"}],"curies":[{"name":"wp","href":"https:\/\/api.w.org\/{rel}","templated":true}]}}