{"id":2854,"date":"2016-11-08T14:11:23","date_gmt":"2016-11-08T13:11:23","guid":{"rendered":"http:\/\/snowboardshop.hu\/termek\/ride-yesler-khaki-snowboardnadrag\/"},"modified":"2025-01-06T13:15:53","modified_gmt":"2025-01-06T12:15:53","slug":"ride-yesler-khaki-snowboardnadrag","status":"publish","type":"product","link":"https:\/\/snowboardshop.hu\/en\/product\/ride-yesler-khaki-snowboardnadrag\/","title":{"rendered":"Ride Pioneer wine snowboard pants"},"content":{"rendered":"<p>These snowboard pants are highly waterproof and have 4 external pockets.<br \/>\nAQUAPEL nano-technology lubricated. ACT1 core lining for more active movement.<br \/>\nWelded seams, internal hip adjustability. Thigh ventilation. <br \/>\nAdjustable connection to snowboard shoes. <br \/>\nBOA handling hole and reinforced bottom.<\/p>","protected":false},"excerpt":{"rendered":"<p>Ez a snowboard nadr\u00e1g magas v\u00edzb\u00edr\u00e1s\u00fa, 4 k\u00fcls\u0151 zsebbel k\u00e9sz\u00fclt. AQUAPEL nano-technika ken\u00e9s\u0171. ACT1 core b\u00e9l\u00e9s az akt\u00edvabb mozg\u00e1shoz. Hegesztett varratok, bels\u0151 cs\u00edp\u0151-\u00e1ll\u00edthat\u00f3s\u00e1g. Comb [&hellip;]<\/p>\n","protected":false},"featured_media":8715,"comment_status":"closed","ping_status":"closed","template":"","meta":{"om_disable_all_campaigns":false,"_monsterinsights_skip_tracking":false,"_monsterinsights_sitenote_active":false,"_monsterinsights_sitenote_note":"","_monsterinsights_sitenote_category":0},"product_brand":[],"product_cat":[34,10],"product_tag":[],"class_list":{"0":"post-2854","1":"product","2":"type-product","3":"status-publish","4":"has-post-thumbnail","6":"product_cat-snowboard-nadragok","7":"product_cat-ruhazat-es-vedok","9":"first","10":"instock","11":"sale","12":"shipping-taxable","13":"purchasable","14":"product-type-simple"},"aioseo_notices":[],"_links":{"self":[{"href":"https:\/\/snowboardshop.hu\/en\/wp-json\/wp\/v2\/product\/2854","targetHints":{"allow":["GET"]}}],"collection":[{"href":"https:\/\/snowboardshop.hu\/en\/wp-json\/wp\/v2\/product"}],"about":[{"href":"https:\/\/snowboardshop.hu\/en\/wp-json\/wp\/v2\/types\/product"}],"replies":[{"embeddable":true,"href":"https:\/\/snowboardshop.hu\/en\/wp-json\/wp\/v2\/comments?post=2854"}],"version-history":[{"count":2,"href":"https:\/\/snowboardshop.hu\/en\/wp-json\/wp\/v2\/product\/2854\/revisions"}],"predecessor-version":[{"id":8716,"href":"https:\/\/snowboardshop.hu\/en\/wp-json\/wp\/v2\/product\/2854\/revisions\/8716"}],"wp:featuredmedia":[{"embeddable":true,"href":"https:\/\/snowboardshop.hu\/en\/wp-json\/wp\/v2\/media\/8715"}],"wp:attachment":[{"href":"https:\/\/snowboardshop.hu\/en\/wp-json\/wp\/v2\/media?parent=2854"}],"wp:term":[{"taxonomy":"product_brand","embeddable":true,"href":"https:\/\/snowboardshop.hu\/en\/wp-json\/wp\/v2\/product_brand?post=2854"},{"taxonomy":"product_cat","embeddable":true,"href":"https:\/\/snowboardshop.hu\/en\/wp-json\/wp\/v2\/product_cat?post=2854"},{"taxonomy":"product_tag","embeddable":true,"href":"https:\/\/snowboardshop.hu\/en\/wp-json\/wp\/v2\/product_tag?post=2854"}],"curies":[{"name":"wp","href":"https:\/\/api.w.org\/{rel}","templated":true}]}}