{"id":3050,"date":"2016-12-04T18:07:37","date_gmt":"2016-12-04T17:07:37","guid":{"rendered":"http:\/\/snowboardshop.hu\/termek\/hmr-fullbody-gerincvedo-melleny\/"},"modified":"2026-01-17T09:57:43","modified_gmt":"2026-01-17T08:57:43","slug":"hmr-fullbody-gerincvedo-melleny","status":"publish","type":"product","link":"https:\/\/snowboardshop.hu\/en\/product\/hmr-fullbody-gerincvedo-melleny\/","title":{"rendered":"HMR SAS-Tec gerincv\u00e9d\u0151 protektor &#8211; mell\u00e9ny"},"content":{"rendered":"<p>HMR&#039;s new spine protector is also based on the activating shock-absorbing EAGLEX MEMORY FOAM material. <br \/>After 5 minutes, the spine, which initially seems hard, softens &quot;on us&quot; from the body heat and takes the shape of the back. The carrier material is breathable neoprene, which best accompanies the movement of the body. The medical neoprene itself is shock absorbing and keeps the joints warm. The protector is also completely smooth on the ribs. The design is vest-like and completely anatomical. The spine part can be removed from the garment, so the protective shirt part can be washed. <br \/>HMR protectors have already represented the premium line of snowboard protectors - this protector shirt is also a worthy member of the selection.<br \/>Technology has gone beyond the plastic-looking spine protectors with foam on the bottom.<\/p>","protected":false},"excerpt":{"rendered":"<p>A HMR \u00faj gerincv\u00e9d\u0151je szint\u00e9n akt\u00edv\u00e1l\u00f3 \u00fct\u00e9selnyel\u0151 EAGLEX MEMORY FOAM anyagra \u00e9p\u00fcl. 5 perc eltelt\u00e9vel az eredetileg kem\u00e9nynek t\u0171n\u0151 gerincr\u00e9sz a testh\u0151t\u0151l, &#8222;r\u00e1nk&#8221; l\u00e1gyul, [&hellip;]<\/p>\n","protected":false},"featured_media":3052,"comment_status":"closed","ping_status":"closed","template":"","meta":{"om_disable_all_campaigns":false,"_monsterinsights_skip_tracking":false,"_monsterinsights_sitenote_active":false,"_monsterinsights_sitenote_note":"","_monsterinsights_sitenote_category":0},"product_brand":[],"product_cat":[37],"product_tag":[],"class_list":{"0":"post-3050","1":"product","2":"type-product","3":"status-publish","4":"has-post-thumbnail","6":"product_cat-vedofelszerelesek","8":"first","9":"instock","10":"shipping-taxable","11":"purchasable","12":"product-type-simple"},"aioseo_notices":[],"_links":{"self":[{"href":"https:\/\/snowboardshop.hu\/en\/wp-json\/wp\/v2\/product\/3050","targetHints":{"allow":["GET"]}}],"collection":[{"href":"https:\/\/snowboardshop.hu\/en\/wp-json\/wp\/v2\/product"}],"about":[{"href":"https:\/\/snowboardshop.hu\/en\/wp-json\/wp\/v2\/types\/product"}],"replies":[{"embeddable":true,"href":"https:\/\/snowboardshop.hu\/en\/wp-json\/wp\/v2\/comments?post=3050"}],"version-history":[{"count":4,"href":"https:\/\/snowboardshop.hu\/en\/wp-json\/wp\/v2\/product\/3050\/revisions"}],"predecessor-version":[{"id":9723,"href":"https:\/\/snowboardshop.hu\/en\/wp-json\/wp\/v2\/product\/3050\/revisions\/9723"}],"wp:featuredmedia":[{"embeddable":true,"href":"https:\/\/snowboardshop.hu\/en\/wp-json\/wp\/v2\/media\/3052"}],"wp:attachment":[{"href":"https:\/\/snowboardshop.hu\/en\/wp-json\/wp\/v2\/media?parent=3050"}],"wp:term":[{"taxonomy":"product_brand","embeddable":true,"href":"https:\/\/snowboardshop.hu\/en\/wp-json\/wp\/v2\/product_brand?post=3050"},{"taxonomy":"product_cat","embeddable":true,"href":"https:\/\/snowboardshop.hu\/en\/wp-json\/wp\/v2\/product_cat?post=3050"},{"taxonomy":"product_tag","embeddable":true,"href":"https:\/\/snowboardshop.hu\/en\/wp-json\/wp\/v2\/product_tag?post=3050"}],"curies":[{"name":"wp","href":"https:\/\/api.w.org\/{rel}","templated":true}]}}