{"id":3284,"date":"2017-03-02T21:14:59","date_gmt":"2017-03-02T20:14:59","guid":{"rendered":"http:\/\/snowboardshop.hu\/termek\/adidas-the-samba-snowboard-cipo-2\/"},"modified":"2026-01-17T09:44:00","modified_gmt":"2026-01-17T08:44:00","slug":"adidas-the-samba-snowboard-cipo-2","status":"publish","type":"product","link":"https:\/\/snowboardshop.hu\/en\/product\/adidas-the-samba-snowboard-cipo-2\/","title":{"rendered":"Forest Green Snowboard Boots"},"content":{"rendered":"<p>Forest green\/black Freeride snowboard boots with removable lining. MEMORY FOAM that adapts to the heat. With lining. There is a silicone heel holder around the Achilles. The lining is pulled or pushed towards the heel of the shoe by a special internal quick-clamping system sewn to the outside of the shoe. The tongue is reinforced, flex index 6. The sole is a super light EVA sole with high shock absorption, with a low construction.<\/p>","protected":false},"excerpt":{"rendered":"<p>A Forest green\/black Freeride snowboardcip\u0151 kivehet\u0151 b\u00e9l\u00e9ses. L\u00e1bra h\u0151t\u0151l idomul\u00f3 MEMORY FOAM.\u00a0 B\u00e9l\u00e9ssel. Az achillesz k\u00f6rny\u00e9k\u00e9n szilikon sarokr\u00f6gz\u00edt\u0151 van. A b\u00e9l\u00e9st egy speci\u00e1lis, a [&hellip;]<\/p>\n","protected":false},"featured_media":3251,"comment_status":"closed","ping_status":"closed","template":"","meta":{"om_disable_all_campaigns":false,"_monsterinsights_skip_tracking":false,"_monsterinsights_sitenote_active":false,"_monsterinsights_sitenote_note":"","_monsterinsights_sitenote_category":0},"product_brand":[],"product_cat":[73,32,9],"product_tag":[],"class_list":{"0":"post-3284","1":"product","2":"type-product","3":"status-publish","4":"has-post-thumbnail","6":"product_cat-forest","7":"product_cat-akcios-snowboard-bakancs","8":"product_cat-snowboard-cipok","10":"first","11":"instock","12":"sale","13":"shipping-taxable","14":"purchasable","15":"product-type-simple"},"aioseo_notices":[],"_links":{"self":[{"href":"https:\/\/snowboardshop.hu\/en\/wp-json\/wp\/v2\/product\/3284","targetHints":{"allow":["GET"]}}],"collection":[{"href":"https:\/\/snowboardshop.hu\/en\/wp-json\/wp\/v2\/product"}],"about":[{"href":"https:\/\/snowboardshop.hu\/en\/wp-json\/wp\/v2\/types\/product"}],"replies":[{"embeddable":true,"href":"https:\/\/snowboardshop.hu\/en\/wp-json\/wp\/v2\/comments?post=3284"}],"version-history":[{"count":1,"href":"https:\/\/snowboardshop.hu\/en\/wp-json\/wp\/v2\/product\/3284\/revisions"}],"predecessor-version":[{"id":9721,"href":"https:\/\/snowboardshop.hu\/en\/wp-json\/wp\/v2\/product\/3284\/revisions\/9721"}],"wp:featuredmedia":[{"embeddable":true,"href":"https:\/\/snowboardshop.hu\/en\/wp-json\/wp\/v2\/media\/3251"}],"wp:attachment":[{"href":"https:\/\/snowboardshop.hu\/en\/wp-json\/wp\/v2\/media?parent=3284"}],"wp:term":[{"taxonomy":"product_brand","embeddable":true,"href":"https:\/\/snowboardshop.hu\/en\/wp-json\/wp\/v2\/product_brand?post=3284"},{"taxonomy":"product_cat","embeddable":true,"href":"https:\/\/snowboardshop.hu\/en\/wp-json\/wp\/v2\/product_cat?post=3284"},{"taxonomy":"product_tag","embeddable":true,"href":"https:\/\/snowboardshop.hu\/en\/wp-json\/wp\/v2\/product_tag?post=3284"}],"curies":[{"name":"wp","href":"https:\/\/api.w.org\/{rel}","templated":true}]}}