{"id":3342,"date":"2017-10-26T01:07:52","date_gmt":"2017-10-25T23:07:52","guid":{"rendered":"http:\/\/snowboardshop.hu\/termek\/forest-black-freeride-snowboard-cipo\/"},"modified":"2026-01-17T09:43:28","modified_gmt":"2026-01-17T08:43:28","slug":"forest-black-freeride-snowboard-cipo","status":"publish","type":"product","link":"https:\/\/snowboardshop.hu\/en\/product\/forest-black-freeride-snowboard-cipo\/","title":{"rendered":"Forest Black Freeride Snowboard Shoe"},"content":{"rendered":"<p>The Forest snowboard boot is a shoe with a removable lining and a flex index of 6.<br \/>It has a traditional external lacing system with a special tongue clamping system. It provides a tight, gap-free hold, with a light weight.<br \/>At the heel, the achilles is held by narrow heel grip MEMORY FOAM.<br \/>The sole has a low construction, and there is an EVAFOAM shock-absorbing layer underneath the original rubber.<br \/>Due to the low center of gravity, I recommend this one of our best price\/quality snowboard boots not only to advanced players, but also to beginners.<br \/>Sizes: up to 38-46<\/p>","protected":false},"excerpt":{"rendered":"<p>A Forest snowboard bakancsa kivehet\u0151 b\u00e9l\u00e9ses, 6os flexindex\u0171 cip\u0151.Hagyom\u00e1nyos k\u00fcls\u0151 f\u0171z\u00e9si rendszere van, egy speci\u00e1lis nyelvet r\u00fcsztre szor\u00edt\u00f3 sziszt\u00e9m\u00e1val. Szoros, h\u00e9zagmentes tart\u00e1st ad, k\u00f6nny\u0171 [&hellip;]<\/p>\n","protected":false},"featured_media":3341,"comment_status":"closed","ping_status":"closed","template":"","meta":{"om_disable_all_campaigns":false,"_monsterinsights_skip_tracking":false,"_monsterinsights_sitenote_active":false,"_monsterinsights_sitenote_note":"","_monsterinsights_sitenote_category":0},"product_brand":[],"product_cat":[73,32,9],"product_tag":[],"class_list":{"0":"post-3342","1":"product","2":"type-product","3":"status-publish","4":"has-post-thumbnail","6":"product_cat-forest","7":"product_cat-akcios-snowboard-bakancs","8":"product_cat-snowboard-cipok","10":"first","11":"instock","12":"sale","13":"shipping-taxable","14":"purchasable","15":"product-type-simple"},"aioseo_notices":[],"_links":{"self":[{"href":"https:\/\/snowboardshop.hu\/en\/wp-json\/wp\/v2\/product\/3342","targetHints":{"allow":["GET"]}}],"collection":[{"href":"https:\/\/snowboardshop.hu\/en\/wp-json\/wp\/v2\/product"}],"about":[{"href":"https:\/\/snowboardshop.hu\/en\/wp-json\/wp\/v2\/types\/product"}],"replies":[{"embeddable":true,"href":"https:\/\/snowboardshop.hu\/en\/wp-json\/wp\/v2\/comments?post=3342"}],"version-history":[{"count":1,"href":"https:\/\/snowboardshop.hu\/en\/wp-json\/wp\/v2\/product\/3342\/revisions"}],"predecessor-version":[{"id":7239,"href":"https:\/\/snowboardshop.hu\/en\/wp-json\/wp\/v2\/product\/3342\/revisions\/7239"}],"wp:featuredmedia":[{"embeddable":true,"href":"https:\/\/snowboardshop.hu\/en\/wp-json\/wp\/v2\/media\/3341"}],"wp:attachment":[{"href":"https:\/\/snowboardshop.hu\/en\/wp-json\/wp\/v2\/media?parent=3342"}],"wp:term":[{"taxonomy":"product_brand","embeddable":true,"href":"https:\/\/snowboardshop.hu\/en\/wp-json\/wp\/v2\/product_brand?post=3342"},{"taxonomy":"product_cat","embeddable":true,"href":"https:\/\/snowboardshop.hu\/en\/wp-json\/wp\/v2\/product_cat?post=3342"},{"taxonomy":"product_tag","embeddable":true,"href":"https:\/\/snowboardshop.hu\/en\/wp-json\/wp\/v2\/product_tag?post=3342"}],"curies":[{"name":"wp","href":"https:\/\/api.w.org\/{rel}","templated":true}]}}