{"id":3598,"date":"2017-12-11T22:39:38","date_gmt":"2017-12-11T21:39:38","guid":{"rendered":"http:\/\/snowboardshop.hu\/termek\/nidecker-weekend-warrior-gurulos-snowboardzsak\/"},"modified":"2025-11-07T18:29:42","modified_gmt":"2025-11-07T17:29:42","slug":"nidecker-weekend-warrior-gurulos-snowboardzsak","status":"publish","type":"product","link":"https:\/\/snowboardshop.hu\/en\/product\/nidecker-weekend-warrior-gurulos-snowboardzsak\/","title":{"rendered":"Nidecker Weekend Warrior used snowboard bag"},"content":{"rendered":"<p>High-quality, durable, long-lasting snowboard bag made of cordura, available in two sizes (157 cm \/ 167 cm) with a widening in the middle. When the Japanese-made zipper is closed, the melted snow does not flow out at all. The full capacity of the snowboard bag includes a snowboard binding, a pair of snowboard boots, a pair of snowboard gloves and a pair of snowboard pants.<\/p>","protected":false},"excerpt":{"rendered":"<p>K\u00f6zep\u00e9n kisz\u00e9lesed\u0151 k\u00e9tf\u00e9le m\u00e9retben l\u00e9tez\u0151 (157 cm \/ 167 cm) min\u0151s\u00e9gi, kordur\u00e1b\u00f3l k\u00e9sz\u00fclt ellen\u00e1ll\u00f3, nagy \u00e9lettartam\u00fa snowboard zs\u00e1k. A jap\u00e1n gy\u00e1rtm\u00e1ny\u00fa cipz\u00e1rat beh\u00fazva, egy\u00e1ltal\u00e1n [&hellip;]<\/p>\n","protected":false},"featured_media":3600,"comment_status":"closed","ping_status":"closed","template":"","meta":{"om_disable_all_campaigns":false,"_monsterinsights_skip_tracking":false,"_monsterinsights_sitenote_active":false,"_monsterinsights_sitenote_note":"","_monsterinsights_sitenote_category":0},"product_brand":[],"product_cat":[78,68,10],"product_tag":[],"class_list":{"0":"post-3598","1":"product","2":"type-product","3":"status-publish","4":"has-post-thumbnail","6":"product_cat-ajandekok-gifts","7":"product_cat-snowboard-tarto-zsakok-board-bags-treveller","8":"product_cat-ruhazat-es-vedok","10":"first","11":"instock","12":"sale","13":"shipping-taxable","14":"purchasable","15":"product-type-simple"},"aioseo_notices":[],"_links":{"self":[{"href":"https:\/\/snowboardshop.hu\/en\/wp-json\/wp\/v2\/product\/3598","targetHints":{"allow":["GET"]}}],"collection":[{"href":"https:\/\/snowboardshop.hu\/en\/wp-json\/wp\/v2\/product"}],"about":[{"href":"https:\/\/snowboardshop.hu\/en\/wp-json\/wp\/v2\/types\/product"}],"replies":[{"embeddable":true,"href":"https:\/\/snowboardshop.hu\/en\/wp-json\/wp\/v2\/comments?post=3598"}],"version-history":[{"count":3,"href":"https:\/\/snowboardshop.hu\/en\/wp-json\/wp\/v2\/product\/3598\/revisions"}],"predecessor-version":[{"id":8483,"href":"https:\/\/snowboardshop.hu\/en\/wp-json\/wp\/v2\/product\/3598\/revisions\/8483"}],"wp:featuredmedia":[{"embeddable":true,"href":"https:\/\/snowboardshop.hu\/en\/wp-json\/wp\/v2\/media\/3600"}],"wp:attachment":[{"href":"https:\/\/snowboardshop.hu\/en\/wp-json\/wp\/v2\/media?parent=3598"}],"wp:term":[{"taxonomy":"product_brand","embeddable":true,"href":"https:\/\/snowboardshop.hu\/en\/wp-json\/wp\/v2\/product_brand?post=3598"},{"taxonomy":"product_cat","embeddable":true,"href":"https:\/\/snowboardshop.hu\/en\/wp-json\/wp\/v2\/product_cat?post=3598"},{"taxonomy":"product_tag","embeddable":true,"href":"https:\/\/snowboardshop.hu\/en\/wp-json\/wp\/v2\/product_tag?post=3598"}],"curies":[{"name":"wp","href":"https:\/\/api.w.org\/{rel}","templated":true}]}}