{"id":3621,"date":"2017-12-13T22:44:45","date_gmt":"2017-12-13T21:44:45","guid":{"rendered":"http:\/\/snowboardshop.hu\/termek\/futureye-snowboard-szemueveg\/"},"modified":"2024-02-09T19:02:26","modified_gmt":"2024-02-09T18:02:26","slug":"futureye-snowboard-szemueveg","status":"publish","type":"product","link":"https:\/\/snowboardshop.hu\/en\/product\/futureye-snowboard-szemueveg\/","title":{"rendered":"Futureye snowboard goggles"},"content":{"rendered":"<p>Premium glasses made with gold chloride coating from the famous Taiwanese manufacturer. Available with both white and orange frames. We probably know this type with a double-lens spherical lens better under the name Electric, because they manufacture several types of the American Electric.<br \/>200* field of vision, with three-layer foaming, increased breathing zones.<\/p>","protected":false},"excerpt":{"rendered":"<p>A h\u00edres Taiwani gy\u00e1rt\u00f3 aranyclorid bevonattal k\u00e9sz\u00fclt premium szem\u00fcvege. Kaphat\u00f3 feh\u00e9r \u00e9s orange kerettel egyar\u00e1nt. Val\u00f3sz\u00edn\u0171leg Electric n\u00e9ven jobban ismerj\u00fck ezt a dupla lencs\u00e9s [&hellip;]<\/p>\n","protected":false},"featured_media":3622,"comment_status":"closed","ping_status":"closed","template":"","meta":{"om_disable_all_campaigns":false,"_monsterinsights_skip_tracking":false,"_monsterinsights_sitenote_active":false,"_monsterinsights_sitenote_note":"","_monsterinsights_sitenote_category":0},"product_brand":[],"product_cat":[78,61,10],"product_tag":[],"class_list":{"0":"post-3621","1":"product","2":"type-product","3":"status-publish","4":"has-post-thumbnail","6":"product_cat-ajandekok-gifts","7":"product_cat-snowboard-szemuvegek","8":"product_cat-ruhazat-es-vedok","10":"first","11":"instock","12":"shipping-taxable","13":"purchasable","14":"product-type-simple"},"aioseo_notices":[],"_links":{"self":[{"href":"https:\/\/snowboardshop.hu\/en\/wp-json\/wp\/v2\/product\/3621","targetHints":{"allow":["GET"]}}],"collection":[{"href":"https:\/\/snowboardshop.hu\/en\/wp-json\/wp\/v2\/product"}],"about":[{"href":"https:\/\/snowboardshop.hu\/en\/wp-json\/wp\/v2\/types\/product"}],"replies":[{"embeddable":true,"href":"https:\/\/snowboardshop.hu\/en\/wp-json\/wp\/v2\/comments?post=3621"}],"version-history":[{"count":2,"href":"https:\/\/snowboardshop.hu\/en\/wp-json\/wp\/v2\/product\/3621\/revisions"}],"predecessor-version":[{"id":6552,"href":"https:\/\/snowboardshop.hu\/en\/wp-json\/wp\/v2\/product\/3621\/revisions\/6552"}],"wp:featuredmedia":[{"embeddable":true,"href":"https:\/\/snowboardshop.hu\/en\/wp-json\/wp\/v2\/media\/3622"}],"wp:attachment":[{"href":"https:\/\/snowboardshop.hu\/en\/wp-json\/wp\/v2\/media?parent=3621"}],"wp:term":[{"taxonomy":"product_brand","embeddable":true,"href":"https:\/\/snowboardshop.hu\/en\/wp-json\/wp\/v2\/product_brand?post=3621"},{"taxonomy":"product_cat","embeddable":true,"href":"https:\/\/snowboardshop.hu\/en\/wp-json\/wp\/v2\/product_cat?post=3621"},{"taxonomy":"product_tag","embeddable":true,"href":"https:\/\/snowboardshop.hu\/en\/wp-json\/wp\/v2\/product_tag?post=3621"}],"curies":[{"name":"wp","href":"https:\/\/api.w.org\/{rel}","templated":true}]}}