{"id":3624,"date":"2017-12-13T23:03:06","date_gmt":"2017-12-13T22:03:06","guid":{"rendered":"http:\/\/snowboardshop.hu\/termek\/forest-spy-kittnshield-green-snowboard-szemueveg\/"},"modified":"2022-12-09T10:30:38","modified_gmt":"2022-12-09T09:30:38","slug":"forest-spy-kittnshield-green-snowboard-szemueveg","status":"publish","type":"product","link":"https:\/\/snowboardshop.hu\/en\/product\/forest-spy-kittnshield-green-snowboard-szemueveg\/","title":{"rendered":"Forest Spy Kitt&#039;nShield Green snowboard goggles"},"content":{"rendered":"<p>Forest is the latest fashionable frameless &quot;fly&quot; glasses, premium category.<br \/>&quot;ALLDAY&quot; lens with seven-layer coating, outside with high-quality, fully reflective gold chloride coating.<br \/>Snowboard and ski goggles that work well at any time of the day, even at 3,000 meters, even in heavy fog. Well-fitting, comfortable 3-layer foam padding, with increased air exchange zones.<\/p>","protected":false},"excerpt":{"rendered":"<p>A Forest a leg\u00fajabb divat szerinti keret n\u00e9lk\u00fcli,&#8221;l\u00e9gy&#8221; tipus\u00fa szem\u00fcveg, pr\u00e9mium katag\u00f3ria.&#8222;ALLDAY&#8221; lencse h\u00e9tr\u00e9teg\u0171 bevonattal, k\u00edv\u00fcl min\u0151s\u00e9gi, teljesen t\u00fckr\u00f6z\u0151s aranyclorid bevonattal.B\u00e1rmilyen napszakban, 3000 m\u00e9teren [&hellip;]<\/p>\n","protected":false},"featured_media":3625,"comment_status":"closed","ping_status":"closed","template":"","meta":{"om_disable_all_campaigns":false,"_monsterinsights_skip_tracking":false,"_monsterinsights_sitenote_active":false,"_monsterinsights_sitenote_note":"","_monsterinsights_sitenote_category":0},"product_brand":[],"product_cat":[78,61,10],"product_tag":[],"class_list":{"0":"post-3624","1":"product","2":"type-product","3":"status-publish","4":"has-post-thumbnail","6":"product_cat-ajandekok-gifts","7":"product_cat-snowboard-szemuvegek","8":"product_cat-ruhazat-es-vedok","10":"first","11":"instock","12":"shipping-taxable","13":"purchasable","14":"product-type-simple"},"aioseo_notices":[],"_links":{"self":[{"href":"https:\/\/snowboardshop.hu\/en\/wp-json\/wp\/v2\/product\/3624","targetHints":{"allow":["GET"]}}],"collection":[{"href":"https:\/\/snowboardshop.hu\/en\/wp-json\/wp\/v2\/product"}],"about":[{"href":"https:\/\/snowboardshop.hu\/en\/wp-json\/wp\/v2\/types\/product"}],"replies":[{"embeddable":true,"href":"https:\/\/snowboardshop.hu\/en\/wp-json\/wp\/v2\/comments?post=3624"}],"version-history":[{"count":2,"href":"https:\/\/snowboardshop.hu\/en\/wp-json\/wp\/v2\/product\/3624\/revisions"}],"predecessor-version":[{"id":6551,"href":"https:\/\/snowboardshop.hu\/en\/wp-json\/wp\/v2\/product\/3624\/revisions\/6551"}],"wp:featuredmedia":[{"embeddable":true,"href":"https:\/\/snowboardshop.hu\/en\/wp-json\/wp\/v2\/media\/3625"}],"wp:attachment":[{"href":"https:\/\/snowboardshop.hu\/en\/wp-json\/wp\/v2\/media?parent=3624"}],"wp:term":[{"taxonomy":"product_brand","embeddable":true,"href":"https:\/\/snowboardshop.hu\/en\/wp-json\/wp\/v2\/product_brand?post=3624"},{"taxonomy":"product_cat","embeddable":true,"href":"https:\/\/snowboardshop.hu\/en\/wp-json\/wp\/v2\/product_cat?post=3624"},{"taxonomy":"product_tag","embeddable":true,"href":"https:\/\/snowboardshop.hu\/en\/wp-json\/wp\/v2\/product_tag?post=3624"}],"curies":[{"name":"wp","href":"https:\/\/api.w.org\/{rel}","templated":true}]}}