{"id":3674,"date":"2018-01-08T17:20:18","date_gmt":"2018-01-08T16:20:18","guid":{"rendered":"http:\/\/snowboardshop.hu\/termek\/k2-chinch-cts-black-snowboard-koetes\/"},"modified":"2022-12-16T15:19:05","modified_gmt":"2022-12-16T14:19:05","slug":"k2-chinch-cts-black-snowboard-koetes","status":"publish","type":"product","link":"https:\/\/snowboardshop.hu\/en\/product\/k2-chinch-cts-black-snowboard-koetes\/","title":{"rendered":"K2 chinch TS black snowboard binding"},"content":{"rendered":"<p>The K2 CHINCH bindings are the first dual-entry snowboard bindings in the world. In addition to the APO snowboard bindings, they are the only dual-entry bindings where both the backrest and upper straps close with a single click when sliding in from the back. Apart from APO and K2, no other company has this license. For example, at the well-known FLOW, only the sides of the premium models rise and close, making entry easier. It is no coincidence that the two dominant companies in the dual-entry market are APO and K2, in addition to the FLOW top models. After entering from the front, completely classic, traditional soft snowboard bindings, so even skeptics have long chosen the Stepin bindings of these two trademark systems that work with any shoe.<\/p>","protected":false},"excerpt":{"rendered":"<p>A K2 CHINCH k\u00f6t\u00e9sek az els\u0151 dual-entry (azaz hagyom\u00e1nyosan fel\u00fclr\u0151l vagy Stepin funkci\u00f3san h\u00e1tulr\u00f3l becs\u00faszva haszn\u00e1lhat\u00f3) snowboard k\u00f6t\u00e9sek a vil\u00e1gon. Az APO snowboardk\u00f6t\u00e9sek mellett [&hellip;]<\/p>\n","protected":false},"featured_media":3668,"comment_status":"closed","ping_status":"closed","template":"","meta":{"om_disable_all_campaigns":false,"_monsterinsights_skip_tracking":false,"_monsterinsights_sitenote_active":false,"_monsterinsights_sitenote_note":"","_monsterinsights_sitenote_category":0},"product_brand":[],"product_cat":[49,19,8],"product_tag":[],"class_list":{"0":"post-3674","1":"product","2":"type-product","3":"status-publish","4":"has-post-thumbnail","6":"product_cat-k2dualentry-kotesek","7":"product_cat-stepin-kotes","8":"product_cat-snowboard-kotesek","10":"first","11":"instock","12":"sale","13":"shipping-taxable","14":"purchasable","15":"product-type-simple"},"aioseo_notices":[],"_links":{"self":[{"href":"https:\/\/snowboardshop.hu\/en\/wp-json\/wp\/v2\/product\/3674","targetHints":{"allow":["GET"]}}],"collection":[{"href":"https:\/\/snowboardshop.hu\/en\/wp-json\/wp\/v2\/product"}],"about":[{"href":"https:\/\/snowboardshop.hu\/en\/wp-json\/wp\/v2\/types\/product"}],"replies":[{"embeddable":true,"href":"https:\/\/snowboardshop.hu\/en\/wp-json\/wp\/v2\/comments?post=3674"}],"version-history":[{"count":1,"href":"https:\/\/snowboardshop.hu\/en\/wp-json\/wp\/v2\/product\/3674\/revisions"}],"predecessor-version":[{"id":6157,"href":"https:\/\/snowboardshop.hu\/en\/wp-json\/wp\/v2\/product\/3674\/revisions\/6157"}],"wp:featuredmedia":[{"embeddable":true,"href":"https:\/\/snowboardshop.hu\/en\/wp-json\/wp\/v2\/media\/3668"}],"wp:attachment":[{"href":"https:\/\/snowboardshop.hu\/en\/wp-json\/wp\/v2\/media?parent=3674"}],"wp:term":[{"taxonomy":"product_brand","embeddable":true,"href":"https:\/\/snowboardshop.hu\/en\/wp-json\/wp\/v2\/product_brand?post=3674"},{"taxonomy":"product_cat","embeddable":true,"href":"https:\/\/snowboardshop.hu\/en\/wp-json\/wp\/v2\/product_cat?post=3674"},{"taxonomy":"product_tag","embeddable":true,"href":"https:\/\/snowboardshop.hu\/en\/wp-json\/wp\/v2\/product_tag?post=3674"}],"curies":[{"name":"wp","href":"https:\/\/api.w.org\/{rel}","templated":true}]}}