{"id":3688,"date":"2018-01-10T08:28:18","date_gmt":"2018-01-10T07:28:18","guid":{"rendered":"http:\/\/snowboardshop.hu\/termek\/k2-chinch-ct-black-blue-snowboard-koetes\/"},"modified":"2024-12-18T16:28:57","modified_gmt":"2024-12-18T15:28:57","slug":"k2-chinch-ct-black-blue-snowboard-koetes","status":"publish","type":"product","link":"https:\/\/snowboardshop.hu\/en\/product\/k2-chinch-ct-black-blue-snowboard-koetes\/","title":{"rendered":"K2 chinch TC black snowboard binding"},"content":{"rendered":"<p>Dual-entry snowboard binding with a back-opening back, fast entry but can also be opened classically with a ratchet. It is based on the strong polycarbonate often used by Burton. Along with Flow, it is the world&#039;s oldest and one of the most proven rapid entry systems.<\/p>","protected":false},"excerpt":{"rendered":"<p>H\u00e1trany\u00edl\u00f3s t\u00e1ml\u00e1j\u00fa, gyors bel\u00e9p\u0151s de klasszikusan is racsnival nyithat\u00f3 dual-entry snowboardk\u00f6t\u00e9s. Alapja a Burton \u00e1ltal is gyakran haszn\u00e1lt er\u0151s polikarbon\u00e1t. A Flow mellett a [&hellip;]<\/p>\n","protected":false},"featured_media":5075,"comment_status":"closed","ping_status":"closed","template":"","meta":{"om_disable_all_campaigns":false,"_monsterinsights_skip_tracking":false,"_monsterinsights_sitenote_active":false,"_monsterinsights_sitenote_note":"","_monsterinsights_sitenote_category":0},"product_brand":[],"product_cat":[49,19,8],"product_tag":[],"class_list":{"0":"post-3688","1":"product","2":"type-product","3":"status-publish","4":"has-post-thumbnail","6":"product_cat-k2dualentry-kotesek","7":"product_cat-stepin-kotes","8":"product_cat-snowboard-kotesek","10":"first","11":"instock","12":"shipping-taxable","13":"purchasable","14":"product-type-simple"},"aioseo_notices":[],"_links":{"self":[{"href":"https:\/\/snowboardshop.hu\/en\/wp-json\/wp\/v2\/product\/3688","targetHints":{"allow":["GET"]}}],"collection":[{"href":"https:\/\/snowboardshop.hu\/en\/wp-json\/wp\/v2\/product"}],"about":[{"href":"https:\/\/snowboardshop.hu\/en\/wp-json\/wp\/v2\/types\/product"}],"replies":[{"embeddable":true,"href":"https:\/\/snowboardshop.hu\/en\/wp-json\/wp\/v2\/comments?post=3688"}],"version-history":[{"count":2,"href":"https:\/\/snowboardshop.hu\/en\/wp-json\/wp\/v2\/product\/3688\/revisions"}],"predecessor-version":[{"id":6159,"href":"https:\/\/snowboardshop.hu\/en\/wp-json\/wp\/v2\/product\/3688\/revisions\/6159"}],"wp:featuredmedia":[{"embeddable":true,"href":"https:\/\/snowboardshop.hu\/en\/wp-json\/wp\/v2\/media\/5075"}],"wp:attachment":[{"href":"https:\/\/snowboardshop.hu\/en\/wp-json\/wp\/v2\/media?parent=3688"}],"wp:term":[{"taxonomy":"product_brand","embeddable":true,"href":"https:\/\/snowboardshop.hu\/en\/wp-json\/wp\/v2\/product_brand?post=3688"},{"taxonomy":"product_cat","embeddable":true,"href":"https:\/\/snowboardshop.hu\/en\/wp-json\/wp\/v2\/product_cat?post=3688"},{"taxonomy":"product_tag","embeddable":true,"href":"https:\/\/snowboardshop.hu\/en\/wp-json\/wp\/v2\/product_tag?post=3688"}],"curies":[{"name":"wp","href":"https:\/\/api.w.org\/{rel}","templated":true}]}}