{"id":3953,"date":"2018-10-23T17:21:55","date_gmt":"2018-10-23T15:21:55","guid":{"rendered":"http:\/\/snowboardshop.hu\/termek\/jones-lavina-szonda-probe\/"},"modified":"2018-10-23T17:41:07","modified_gmt":"2018-10-23T15:41:07","slug":"jones-lavina-szonda-probe","status":"publish","type":"product","link":"https:\/\/snowboardshop.hu\/en\/product\/jones-lavina-szonda-probe\/","title":{"rendered":"JONES strike avalanche probe"},"content":{"rendered":"<p>Simple and safe to use safety equipment, which is slowly becoming a mandatory accessory for freeriders. It consists of six high-quality T-7000 aluminum rods with Flash Lock tension system. The sticks are connected with a special Kevlar thread and can be opened from the wrist. Ergonomic thermoplastic grip.<\/p>\n<p>Thermoplastic handle material 70-75 aluminum, length 240 cm, 6\u00d740 cm segments, weight 190g.<\/p>\n<p>&nbsp;<\/p>\n<p>&nbsp;<\/p>","protected":false},"excerpt":{"rendered":"<p>Egyszer\u0171en \u00e9s biztons\u00e1gosan haszn\u00e1lhat\u00f3 biztons\u00e1gi felszerel\u00e9s, amire freeridosoknak lassan k\u00f6telez\u0151 tartoz\u00e9k. Hat cs\u00facsmin\u0151s\u00e9g\u0171 T-7000 aluminium p\u00e1lc\u00e1b\u00f3l \u00e1ll, Flash Lock tension sziszt\u00e9m\u00e1val. Speci\u00e1lis kevl\u00e1r sz\u00e1llal [&hellip;]<\/p>\n","protected":false},"featured_media":3933,"comment_status":"closed","ping_status":"closed","template":"","meta":{"om_disable_all_campaigns":false,"_monsterinsights_skip_tracking":false,"_monsterinsights_sitenote_active":false,"_monsterinsights_sitenote_note":"","_monsterinsights_sitenote_category":0},"product_brand":[],"product_cat":[40,69,10],"product_tag":[],"class_list":{"0":"post-3953","1":"product","2":"type-product","3":"status-publish","4":"has-post-thumbnail","6":"product_cat-backcountry-felszerelesek-kiegeszitok","7":"product_cat-kiegeszitok-accessories","8":"product_cat-ruhazat-es-vedok","10":"first","11":"instock","12":"shipping-taxable","13":"purchasable","14":"product-type-simple"},"aioseo_notices":[],"_links":{"self":[{"href":"https:\/\/snowboardshop.hu\/en\/wp-json\/wp\/v2\/product\/3953","targetHints":{"allow":["GET"]}}],"collection":[{"href":"https:\/\/snowboardshop.hu\/en\/wp-json\/wp\/v2\/product"}],"about":[{"href":"https:\/\/snowboardshop.hu\/en\/wp-json\/wp\/v2\/types\/product"}],"replies":[{"embeddable":true,"href":"https:\/\/snowboardshop.hu\/en\/wp-json\/wp\/v2\/comments?post=3953"}],"version-history":[{"count":1,"href":"https:\/\/snowboardshop.hu\/en\/wp-json\/wp\/v2\/product\/3953\/revisions"}],"predecessor-version":[{"id":3956,"href":"https:\/\/snowboardshop.hu\/en\/wp-json\/wp\/v2\/product\/3953\/revisions\/3956"}],"wp:featuredmedia":[{"embeddable":true,"href":"https:\/\/snowboardshop.hu\/en\/wp-json\/wp\/v2\/media\/3933"}],"wp:attachment":[{"href":"https:\/\/snowboardshop.hu\/en\/wp-json\/wp\/v2\/media?parent=3953"}],"wp:term":[{"taxonomy":"product_brand","embeddable":true,"href":"https:\/\/snowboardshop.hu\/en\/wp-json\/wp\/v2\/product_brand?post=3953"},{"taxonomy":"product_cat","embeddable":true,"href":"https:\/\/snowboardshop.hu\/en\/wp-json\/wp\/v2\/product_cat?post=3953"},{"taxonomy":"product_tag","embeddable":true,"href":"https:\/\/snowboardshop.hu\/en\/wp-json\/wp\/v2\/product_tag?post=3953"}],"curies":[{"name":"wp","href":"https:\/\/api.w.org\/{rel}","templated":true}]}}