{"id":3974,"date":"2018-10-23T21:45:12","date_gmt":"2018-10-23T19:45:12","guid":{"rendered":"http:\/\/snowboardshop.hu\/termek\/nidecker-ansr-snowboard-cipo\/"},"modified":"2026-01-17T09:47:33","modified_gmt":"2026-01-17T08:47:33","slug":"nidecker-ansr-snowboard-cipo","status":"publish","type":"product","link":"https:\/\/snowboardshop.hu\/en\/product\/nidecker-ansr-snowboard-cipo\/","title":{"rendered":"FLOW Nidecker ANSR Lace haszn\u00e1lt snowboard cip\u0151"},"content":{"rendered":"<div dir=\"ltr\">\n<div dir=\"ltr\">Nidecker ANSR snowboard boots<\/div>\n<div dir=\"ltr\">The Nidecker ANSR is a rational snowboard boot with a modern classic lacing system at a very reasonable price, made of black wear-resistant, long-lasting material.<\/div>\n<div dir=\"ltr\">It has a low, flexible sole made of real rubber, and its 3D-shaped lining is a good combo for those who want a modern, but cheaper shoe that can be put on quickly.<\/div>\n<div dir=\"ltr\">Extras: integrated hand grips, Quick DRY Liner, Tongue BoxGuards, the strongest material on the market<\/div>\n<\/div>\n<p>&nbsp;<\/p>\n<p>&nbsp;<\/p>","protected":false},"excerpt":{"rendered":"<p>Nidecker ANSR snowboardcip\u0151 A Nidecker ANSR egy nagyon kedvez\u0151 \u00e1r\u00fa modern klasszikus f\u0171z\u00e9srendszer\u0171, fekete kop\u00e1s\u00e1ll\u00f3 nagy \u00e9lettartam\u00fa anyagb\u00f3l k\u00e9sz\u00fclt racion\u00e1lis snowboardbakancs. Alacsony val\u00f3di gumi [&hellip;]<\/p>\n","protected":false},"featured_media":3916,"comment_status":"closed","ping_status":"closed","template":"","meta":{"om_disable_all_campaigns":false,"_monsterinsights_skip_tracking":false,"_monsterinsights_sitenote_active":false,"_monsterinsights_sitenote_note":"","_monsterinsights_sitenote_category":0},"product_brand":[],"product_cat":[26,32,9],"product_tag":[],"class_list":{"0":"post-3974","1":"product","2":"type-product","3":"status-publish","4":"has-post-thumbnail","6":"product_cat-nidecker-snowboard-cipo-bakancs","7":"product_cat-akcios-snowboard-bakancs","8":"product_cat-snowboard-cipok","10":"first","11":"instock","12":"sale","13":"shipping-taxable","14":"purchasable","15":"product-type-simple"},"aioseo_notices":[],"_links":{"self":[{"href":"https:\/\/snowboardshop.hu\/en\/wp-json\/wp\/v2\/product\/3974","targetHints":{"allow":["GET"]}}],"collection":[{"href":"https:\/\/snowboardshop.hu\/en\/wp-json\/wp\/v2\/product"}],"about":[{"href":"https:\/\/snowboardshop.hu\/en\/wp-json\/wp\/v2\/types\/product"}],"replies":[{"embeddable":true,"href":"https:\/\/snowboardshop.hu\/en\/wp-json\/wp\/v2\/comments?post=3974"}],"version-history":[{"count":3,"href":"https:\/\/snowboardshop.hu\/en\/wp-json\/wp\/v2\/product\/3974\/revisions"}],"predecessor-version":[{"id":9722,"href":"https:\/\/snowboardshop.hu\/en\/wp-json\/wp\/v2\/product\/3974\/revisions\/9722"}],"wp:featuredmedia":[{"embeddable":true,"href":"https:\/\/snowboardshop.hu\/en\/wp-json\/wp\/v2\/media\/3916"}],"wp:attachment":[{"href":"https:\/\/snowboardshop.hu\/en\/wp-json\/wp\/v2\/media?parent=3974"}],"wp:term":[{"taxonomy":"product_brand","embeddable":true,"href":"https:\/\/snowboardshop.hu\/en\/wp-json\/wp\/v2\/product_brand?post=3974"},{"taxonomy":"product_cat","embeddable":true,"href":"https:\/\/snowboardshop.hu\/en\/wp-json\/wp\/v2\/product_cat?post=3974"},{"taxonomy":"product_tag","embeddable":true,"href":"https:\/\/snowboardshop.hu\/en\/wp-json\/wp\/v2\/product_tag?post=3974"}],"curies":[{"name":"wp","href":"https:\/\/api.w.org\/{rel}","templated":true}]}}