{"id":4180,"date":"2018-11-15T10:13:51","date_gmt":"2018-11-15T09:13:51","guid":{"rendered":"http:\/\/snowboardshop.hu\/termek\/lazer-revert-blue-black-si-snowboard-sisak\/"},"modified":"2022-11-10T09:58:27","modified_gmt":"2022-11-10T08:58:27","slug":"lazer-revert-blue-black-si-snowboard-sisak","status":"publish","type":"product","link":"https:\/\/snowboardshop.hu\/en\/product\/lazer-revert-blue-black-si-snowboard-sisak\/","title":{"rendered":"Lazer Revert Blue-Black ski-snowboard helmet"},"content":{"rendered":"<div dir=\"ltr\">Lazer ski and snowboard helmet<\/div>\n<div dir=\"ltr\">Rollsys Fit System<\/div>\n<div dir=\"ltr\">The Belgian company Lazer is the oldest crash helmet company in the world, more than 100 years old.<\/div>\n<div dir=\"ltr\">Several famous world records and world patents are linked to the authentic company in motorcycling, horse riding, cycling and skiing.<\/div>\n<div dir=\"ltr\">The Rollsys adjustment system integrates the crash helmet exactly on the head.<\/div>\n<div dir=\"ltr\">Unlike the adjustment mode (micro-adjustment) common with other ski and snowboard helmets, the Rollsys completely surrounds the head both horizontally and vertically. With a simple finger-twisting movement, the inside of the helmet adapts concentrically and symmetrically to the entire surface of the head, without any unpleasant pressure points forming anywhere on the skull. This is not produced by any other company in the world, everyone only regulates the neck size.<\/div>\n<div dir=\"ltr\">For this reason, the same crash helmet can serve a wide spectrum of head types.<\/div>\n<div dir=\"ltr\">This system works in Mozo Dlx, Mozo, Dissent, Effect, Tempted, Lexi and Jinkz ski and snowboard helmets.<\/div>\n<div dir=\"ltr\">\u00a0<\/div>\n<div dir=\"ltr\">ATS Advanced Turnfit System<\/div>\n<div dir=\"ltr\">ATS is a new progressive interpretation of the classic Turmfit micro adjustment.<\/div>\n<div dir=\"ltr\">This adjustment method adjusts the size of the posterior cerebellum and the entire upper skull with a classic micro adjuster located at the nape of the neck. This is an extremely easy-to-use adjustment and greatly increases the impact absorption of the helmet at the back of the skull.<\/div>\n<div dir=\"ltr\">This system works in the Lazer Hoodie and Noiz ski\/snowboard helmets.<\/div>","protected":false},"excerpt":{"rendered":"<p>Lazer s\u00ed \u00e9s snowboard sisakot Rollsys Fit System A belga Lazer c\u00e9g a f\u00f6ld legr\u00e9gebbi buk\u00f3sisak c\u00e9ge t\u00f6bb, mint 100 \u00e9ves. T\u00f6bb h\u00edres vil\u00e1grekord [&hellip;]<\/p>\n","protected":false},"featured_media":4154,"comment_status":"closed","ping_status":"closed","template":"","meta":{"om_disable_all_campaigns":false,"_monsterinsights_skip_tracking":false,"_monsterinsights_sitenote_active":false,"_monsterinsights_sitenote_note":"","_monsterinsights_sitenote_category":0},"product_brand":[],"product_cat":[36,10],"product_tag":[],"class_list":{"0":"post-4180","1":"product","2":"type-product","3":"status-publish","4":"has-post-thumbnail","6":"product_cat-snowboard-sisakok","7":"product_cat-ruhazat-es-vedok","9":"first","10":"instock","11":"shipping-taxable","12":"purchasable","13":"product-type-simple"},"aioseo_notices":[],"_links":{"self":[{"href":"https:\/\/snowboardshop.hu\/en\/wp-json\/wp\/v2\/product\/4180","targetHints":{"allow":["GET"]}}],"collection":[{"href":"https:\/\/snowboardshop.hu\/en\/wp-json\/wp\/v2\/product"}],"about":[{"href":"https:\/\/snowboardshop.hu\/en\/wp-json\/wp\/v2\/types\/product"}],"replies":[{"embeddable":true,"href":"https:\/\/snowboardshop.hu\/en\/wp-json\/wp\/v2\/comments?post=4180"}],"version-history":[{"count":1,"href":"https:\/\/snowboardshop.hu\/en\/wp-json\/wp\/v2\/product\/4180\/revisions"}],"predecessor-version":[{"id":6425,"href":"https:\/\/snowboardshop.hu\/en\/wp-json\/wp\/v2\/product\/4180\/revisions\/6425"}],"wp:featuredmedia":[{"embeddable":true,"href":"https:\/\/snowboardshop.hu\/en\/wp-json\/wp\/v2\/media\/4154"}],"wp:attachment":[{"href":"https:\/\/snowboardshop.hu\/en\/wp-json\/wp\/v2\/media?parent=4180"}],"wp:term":[{"taxonomy":"product_brand","embeddable":true,"href":"https:\/\/snowboardshop.hu\/en\/wp-json\/wp\/v2\/product_brand?post=4180"},{"taxonomy":"product_cat","embeddable":true,"href":"https:\/\/snowboardshop.hu\/en\/wp-json\/wp\/v2\/product_cat?post=4180"},{"taxonomy":"product_tag","embeddable":true,"href":"https:\/\/snowboardshop.hu\/en\/wp-json\/wp\/v2\/product_tag?post=4180"}],"curies":[{"name":"wp","href":"https:\/\/api.w.org\/{rel}","templated":true}]}}