{"id":4306,"date":"2018-12-01T08:31:41","date_gmt":"2018-12-01T07:31:41","guid":{"rendered":"http:\/\/snowboardshop.hu\/termek\/prosurf-d3o-gerincvedo-protektor-melleny\/"},"modified":"2026-01-17T09:56:26","modified_gmt":"2026-01-17T08:56:26","slug":"prosurf-d3o-gerincvedo-protektor-melleny","status":"publish","type":"product","link":"https:\/\/snowboardshop.hu\/en\/product\/prosurf-d3o-gerincvedo-protektor-melleny\/","title":{"rendered":"Forest D3O spine protector - vest &quot;L&quot;"},"content":{"rendered":"<p>Forest&#039;s new spine protector is also based on activating shock-absorbing D3O MEMORY FOAM material. <br \/> After 5 minutes, the spine, which initially seems hard, softens &quot;on us&quot; from the body heat and takes the shape of the back. The carrier material is breathable mash mesh, which best accompanies the movement of the body. The protector is also completely smooth on the ribs. The design is vest-like and completely anatomical. Forest protectors have already represented the premium line of snowboard protectors - this protector shirt is also a worthy member of the selection.<br \/> Technology has gone beyond the plastic-looking spine protectors with foam on the bottom. &lt;\/ A n\u00e9met SAS-TEC anyag mellett az amerikai D3O a legjobb \u00fct\u00e9selnyel\u0151 anyag a vil\u00e1gon.<\/p>","protected":false},"excerpt":{"rendered":"<p>A Forest \u00faj gerincv\u00e9d\u0151je szint\u00e9n akt\u00edv\u00e1l\u00f3 \u00fct\u00e9selnyel\u0151 D3O MEMORY FOAM anyagra \u00e9p\u00fcl. 5 perc eltelt\u00e9vel az eredetileg kem\u00e9nynek t\u0171n\u0151 gerincr\u00e9sz a testh\u0151t\u0151l, &#8222;r\u00e1nk&#8221; l\u00e1gyul, [&hellip;]<\/p>\n","protected":false},"featured_media":4294,"comment_status":"closed","ping_status":"closed","template":"","meta":{"om_disable_all_campaigns":false,"_monsterinsights_skip_tracking":false,"_monsterinsights_sitenote_active":false,"_monsterinsights_sitenote_note":"","_monsterinsights_sitenote_category":0},"product_brand":[],"product_cat":[37],"product_tag":[],"class_list":{"0":"post-4306","1":"product","2":"type-product","3":"status-publish","4":"has-post-thumbnail","6":"product_cat-vedofelszerelesek","8":"first","9":"instock","10":"shipping-taxable","11":"purchasable","12":"product-type-simple"},"aioseo_notices":[],"_links":{"self":[{"href":"https:\/\/snowboardshop.hu\/en\/wp-json\/wp\/v2\/product\/4306","targetHints":{"allow":["GET"]}}],"collection":[{"href":"https:\/\/snowboardshop.hu\/en\/wp-json\/wp\/v2\/product"}],"about":[{"href":"https:\/\/snowboardshop.hu\/en\/wp-json\/wp\/v2\/types\/product"}],"replies":[{"embeddable":true,"href":"https:\/\/snowboardshop.hu\/en\/wp-json\/wp\/v2\/comments?post=4306"}],"version-history":[{"count":2,"href":"https:\/\/snowboardshop.hu\/en\/wp-json\/wp\/v2\/product\/4306\/revisions"}],"predecessor-version":[{"id":6139,"href":"https:\/\/snowboardshop.hu\/en\/wp-json\/wp\/v2\/product\/4306\/revisions\/6139"}],"wp:featuredmedia":[{"embeddable":true,"href":"https:\/\/snowboardshop.hu\/en\/wp-json\/wp\/v2\/media\/4294"}],"wp:attachment":[{"href":"https:\/\/snowboardshop.hu\/en\/wp-json\/wp\/v2\/media?parent=4306"}],"wp:term":[{"taxonomy":"product_brand","embeddable":true,"href":"https:\/\/snowboardshop.hu\/en\/wp-json\/wp\/v2\/product_brand?post=4306"},{"taxonomy":"product_cat","embeddable":true,"href":"https:\/\/snowboardshop.hu\/en\/wp-json\/wp\/v2\/product_cat?post=4306"},{"taxonomy":"product_tag","embeddable":true,"href":"https:\/\/snowboardshop.hu\/en\/wp-json\/wp\/v2\/product_tag?post=4306"}],"curies":[{"name":"wp","href":"https:\/\/api.w.org\/{rel}","templated":true}]}}