{"id":4396,"date":"2018-12-12T13:56:09","date_gmt":"2018-12-12T12:56:09","guid":{"rendered":"http:\/\/snowboardshop.hu\/termek\/ninehill-halfmoon-bor-snowboard-kesztyu\/"},"modified":"2022-11-18T12:27:57","modified_gmt":"2022-11-18T11:27:57","slug":"ninehill-halfmoon-bor-snowboard-kesztyu","status":"publish","type":"product","link":"https:\/\/snowboardshop.hu\/en\/product\/ninehill-halfmoon-bor-snowboard-kesztyu\/","title":{"rendered":"Ninehill Halfmoon Leather snowboard gloves"},"content":{"rendered":"<p>Premium leather snowboard gloves<br \/>\nWarm snowboard gloves with Thinsulete fleece lining, velcro shank, highly wear-resistant oil-resistant leather. The palm is original cowhide, the fingertips are double reinforced. The upper material is also leather. The effective water protection is provided by a DRY TEC membrane with a water resistance of 10,000 mm. There are no seams on the fingertips, so it is hard to wear, and it is also available in a two-finger (mitt) design. Premium gloves from the famous American company at the best price. . There are glasses and a handkerchief on the thumb.<br \/>\nComfortable gloves that fit very well.<\/p>","protected":false},"excerpt":{"rendered":"<p>Premium b\u0151r snowboardkeszty\u0171 Thinsulete pol\u00e1r b\u00e9l\u00e9ses, t\u00e9p\u0151z\u00e1ras sz\u00e1r\u00fa , olaj\u00e1ll\u00f3 b\u0151rb\u0151l k\u00e9sz\u00fclt nagy kop\u00e1s\u00e1ll\u00f3s\u00e1g\u00fa, meleg snowboard keszty\u0171. Tenyere eredeti marhab\u0151r , ujjv\u00e9gei Dupla er\u0151s\u00edt\u00e9s\u00fcek. [&hellip;]<\/p>\n","protected":false},"featured_media":4393,"comment_status":"closed","ping_status":"closed","template":"","meta":{"om_disable_all_campaigns":false,"_monsterinsights_skip_tracking":false,"_monsterinsights_sitenote_active":false,"_monsterinsights_sitenote_note":"","_monsterinsights_sitenote_category":0},"product_brand":[],"product_cat":[38,10],"product_tag":[],"class_list":{"0":"post-4396","1":"product","2":"type-product","3":"status-publish","4":"has-post-thumbnail","6":"product_cat-kesztyuk","7":"product_cat-ruhazat-es-vedok","9":"first","10":"instock","11":"shipping-taxable","12":"purchasable","13":"product-type-simple"},"aioseo_notices":[],"_links":{"self":[{"href":"https:\/\/snowboardshop.hu\/en\/wp-json\/wp\/v2\/product\/4396","targetHints":{"allow":["GET"]}}],"collection":[{"href":"https:\/\/snowboardshop.hu\/en\/wp-json\/wp\/v2\/product"}],"about":[{"href":"https:\/\/snowboardshop.hu\/en\/wp-json\/wp\/v2\/types\/product"}],"replies":[{"embeddable":true,"href":"https:\/\/snowboardshop.hu\/en\/wp-json\/wp\/v2\/comments?post=4396"}],"version-history":[{"count":1,"href":"https:\/\/snowboardshop.hu\/en\/wp-json\/wp\/v2\/product\/4396\/revisions"}],"predecessor-version":[{"id":6498,"href":"https:\/\/snowboardshop.hu\/en\/wp-json\/wp\/v2\/product\/4396\/revisions\/6498"}],"wp:featuredmedia":[{"embeddable":true,"href":"https:\/\/snowboardshop.hu\/en\/wp-json\/wp\/v2\/media\/4393"}],"wp:attachment":[{"href":"https:\/\/snowboardshop.hu\/en\/wp-json\/wp\/v2\/media?parent=4396"}],"wp:term":[{"taxonomy":"product_brand","embeddable":true,"href":"https:\/\/snowboardshop.hu\/en\/wp-json\/wp\/v2\/product_brand?post=4396"},{"taxonomy":"product_cat","embeddable":true,"href":"https:\/\/snowboardshop.hu\/en\/wp-json\/wp\/v2\/product_cat?post=4396"},{"taxonomy":"product_tag","embeddable":true,"href":"https:\/\/snowboardshop.hu\/en\/wp-json\/wp\/v2\/product_tag?post=4396"}],"curies":[{"name":"wp","href":"https:\/\/api.w.org\/{rel}","templated":true}]}}