{"id":4404,"date":"2018-12-13T12:25:09","date_gmt":"2018-12-13T11:25:09","guid":{"rendered":"http:\/\/snowboardshop.hu\/termek\/powderroom-redwhiteline-snowboard-dzseki\/"},"modified":"2022-12-09T09:24:00","modified_gmt":"2022-12-09T08:24:00","slug":"powderroom-redwhiteline-snowboard-dzseki","status":"publish","type":"product","link":"https:\/\/snowboardshop.hu\/en\/product\/powderroom-redwhiteline-snowboard-dzseki\/","title":{"rendered":"PowderRoom RedWhiteLine women&#039;s snowboard jacket"},"content":{"rendered":"<p>Its water resistance is 10,000 mm.<br \/>\nThe surface of the material allows the first drop of water to pass through the pressure of how many thousands of mm of water column. The most important thing! (Average value: 3000, good value: 5000-20000) 10000 gr\/m2\/day <\/p>\n<p>Breathability 7000 g \/ m \/sup\/ 24 hours.<br \/>\n1 m2 of the outer material breathes this amount of moisture in 1 day. (Average value: 2000-3000, good value: 4000-10000)<\/p>\n<p>Welded seams. The water would flow through the holes made by the needle on the waterproof material. This is removed from the page by the plastic.<\/p>\n<p>Underarm ventilation. Ventilators: The breathability of the garment can be increased with the openable zipper located at the thighs and armpits.<\/p>\n<p>Snow grip woven with rubber thread, Lycra wrist cuffs. Snow shovel: An increasingly common demand. When it falls, the snow cannot get inside the garment. It also warms you.<\/p>\n<p>Anatomic hood. The hood is usually removable, the view can be adjusted and it has a hood.<\/p>","protected":false},"excerpt":{"rendered":"<p>V\u00edzb\u00edr\u00e1sa 10.000 mm. Az anyag fel\u00fclete mennyi ezer mm v\u00edzoszlop nyom\u00e1s\u00e1ra engedi \u00e1t az els\u0151 csepp vizet. A legfontosabb dolog! (K\u00f6zepes \u00e9rt\u00e9k: 3000, j\u00f3 [&hellip;]<\/p>\n","protected":false},"featured_media":4375,"comment_status":"closed","ping_status":"closed","template":"","meta":{"om_disable_all_campaigns":false,"_monsterinsights_skip_tracking":false,"_monsterinsights_sitenote_active":false,"_monsterinsights_sitenote_note":"","_monsterinsights_sitenote_category":0},"product_brand":[],"product_cat":[103,10],"product_tag":[],"class_list":{"0":"post-4404","1":"product","2":"type-product","3":"status-publish","4":"has-post-thumbnail","6":"product_cat-snowboard-kabatok-ruhazat-es-vedok","7":"product_cat-ruhazat-es-vedok","9":"first","10":"instock","11":"sale","12":"shipping-taxable","13":"purchasable","14":"product-type-simple"},"aioseo_notices":[],"_links":{"self":[{"href":"https:\/\/snowboardshop.hu\/en\/wp-json\/wp\/v2\/product\/4404","targetHints":{"allow":["GET"]}}],"collection":[{"href":"https:\/\/snowboardshop.hu\/en\/wp-json\/wp\/v2\/product"}],"about":[{"href":"https:\/\/snowboardshop.hu\/en\/wp-json\/wp\/v2\/types\/product"}],"replies":[{"embeddable":true,"href":"https:\/\/snowboardshop.hu\/en\/wp-json\/wp\/v2\/comments?post=4404"}],"version-history":[{"count":2,"href":"https:\/\/snowboardshop.hu\/en\/wp-json\/wp\/v2\/product\/4404\/revisions"}],"predecessor-version":[{"id":6781,"href":"https:\/\/snowboardshop.hu\/en\/wp-json\/wp\/v2\/product\/4404\/revisions\/6781"}],"wp:featuredmedia":[{"embeddable":true,"href":"https:\/\/snowboardshop.hu\/en\/wp-json\/wp\/v2\/media\/4375"}],"wp:attachment":[{"href":"https:\/\/snowboardshop.hu\/en\/wp-json\/wp\/v2\/media?parent=4404"}],"wp:term":[{"taxonomy":"product_brand","embeddable":true,"href":"https:\/\/snowboardshop.hu\/en\/wp-json\/wp\/v2\/product_brand?post=4404"},{"taxonomy":"product_cat","embeddable":true,"href":"https:\/\/snowboardshop.hu\/en\/wp-json\/wp\/v2\/product_cat?post=4404"},{"taxonomy":"product_tag","embeddable":true,"href":"https:\/\/snowboardshop.hu\/en\/wp-json\/wp\/v2\/product_tag?post=4404"}],"curies":[{"name":"wp","href":"https:\/\/api.w.org\/{rel}","templated":true}]}}