{"id":4412,"date":"2018-12-13T12:35:06","date_gmt":"2018-12-13T11:35:06","guid":{"rendered":"http:\/\/snowboardshop.hu\/termek\/northfinder-sandredorange-snowboard-kabat\/"},"modified":"2022-12-13T10:39:40","modified_gmt":"2022-12-13T09:39:40","slug":"northfinder-sandredorange-snowboard-kabat","status":"publish","type":"product","link":"https:\/\/snowboardshop.hu\/en\/product\/northfinder-sandredorange-snowboard-kabat\/","title":{"rendered":"Northfinder SandRedOrange snowboard jacket"},"content":{"rendered":"<p>Northfinder premium snowboard jackets<br \/>\nThe Czech ski and snowboard company Northfinder, which is made in Vietnam and offers great equipment for its low price.<br \/>\nThe clothing has a water resistance of 10000mm, usually 5000g\/M2\/24h vapor permeability.<br \/>\nThe jackets are equipped with a snow skirt with an anatomic hood that can be removed.<br \/>\nInside, there is a Napoleon pocket and a phone holder, and the lining varies by zone: warmer around the back and kidneys, thinner in the armpits and abdomen.<br \/>\nAll 10000 Northfinder jackets are made with an adjustable ventilation zone.<\/p>","protected":false},"excerpt":{"rendered":"<p>Northfinder premium snowboard dzsekik A Northfinder Cseh s\u00ed \u00e9s snowboardc\u00e9g, amely Vietnemban k\u00e9sz\u00fcl \u00e9s alacsony \u00e1r\u00e1hoz k\u00e9pest, nagy felszerelts\u00e9get ny\u00fajt. A ruh\u00e1zat magas10000mm v\u00edzb\u00edr\u00e1s\u00fa [&hellip;]<\/p>\n","protected":false},"featured_media":4383,"comment_status":"closed","ping_status":"closed","template":"","meta":{"om_disable_all_campaigns":false,"_monsterinsights_skip_tracking":false,"_monsterinsights_sitenote_active":false,"_monsterinsights_sitenote_note":"","_monsterinsights_sitenote_category":0},"product_brand":[],"product_cat":[33,10],"product_tag":[],"class_list":{"0":"post-4412","1":"product","2":"type-product","3":"status-publish","4":"has-post-thumbnail","6":"product_cat-snowboard-kabatok","7":"product_cat-ruhazat-es-vedok","9":"first","10":"instock","11":"sale","12":"shipping-taxable","13":"purchasable","14":"product-type-simple"},"aioseo_notices":[],"_links":{"self":[{"href":"https:\/\/snowboardshop.hu\/en\/wp-json\/wp\/v2\/product\/4412","targetHints":{"allow":["GET"]}}],"collection":[{"href":"https:\/\/snowboardshop.hu\/en\/wp-json\/wp\/v2\/product"}],"about":[{"href":"https:\/\/snowboardshop.hu\/en\/wp-json\/wp\/v2\/types\/product"}],"replies":[{"embeddable":true,"href":"https:\/\/snowboardshop.hu\/en\/wp-json\/wp\/v2\/comments?post=4412"}],"version-history":[{"count":1,"href":"https:\/\/snowboardshop.hu\/en\/wp-json\/wp\/v2\/product\/4412\/revisions"}],"predecessor-version":[{"id":6881,"href":"https:\/\/snowboardshop.hu\/en\/wp-json\/wp\/v2\/product\/4412\/revisions\/6881"}],"wp:featuredmedia":[{"embeddable":true,"href":"https:\/\/snowboardshop.hu\/en\/wp-json\/wp\/v2\/media\/4383"}],"wp:attachment":[{"href":"https:\/\/snowboardshop.hu\/en\/wp-json\/wp\/v2\/media?parent=4412"}],"wp:term":[{"taxonomy":"product_brand","embeddable":true,"href":"https:\/\/snowboardshop.hu\/en\/wp-json\/wp\/v2\/product_brand?post=4412"},{"taxonomy":"product_cat","embeddable":true,"href":"https:\/\/snowboardshop.hu\/en\/wp-json\/wp\/v2\/product_cat?post=4412"},{"taxonomy":"product_tag","embeddable":true,"href":"https:\/\/snowboardshop.hu\/en\/wp-json\/wp\/v2\/product_tag?post=4412"}],"curies":[{"name":"wp","href":"https:\/\/api.w.org\/{rel}","templated":true}]}}