{"id":4672,"date":"2019-10-29T13:54:29","date_gmt":"2019-10-29T12:54:29","guid":{"rendered":"http:\/\/snowboardshop.hu\/termek\/rome-black-label-carbon-snowboardkoetes\/"},"modified":"2026-01-18T16:42:25","modified_gmt":"2026-01-18T15:42:25","slug":"rome-black-label-carbon-snowboardkoetes","status":"publish","type":"product","link":"https:\/\/snowboardshop.hu\/en\/product\/rome-black-label-carbon-snowboardkoetes\/","title":{"rendered":"Rome Black Label Carbon snowboard binding"},"content":{"rendered":"<p>&nbsp;<\/p>\n<div>\u00a0<\/div>\n<div>\n<div dir=\"ltr\">Rome Black Label Carbon snowboard binding<\/div>\n<div dir=\"ltr\">\u00a0<\/div>\n<div dir=\"ltr\">Rome&#039;s limited superlight carbon top model. It has a new toe strap, which gives an even more precise hold. It perfectly conducts the energy from the pressure points to the board. The new &quot;Ladder Guide&quot; guides the tape very gently after the buckle.<\/div>\n<div dir=\"ltr\">A real little Swiss watch. Very comfortable snowboard binding.<\/div>\n<div dir=\"ltr\">It&#039;s a great idea, similar to Ride, NOW, Jones, to feel the board under the binding. The contact surface of the &quot;baseplate&quot; is minimal on the board, on large pressure surfaces there is direct contact with the board.<\/div>\n<div dir=\"ltr\">This is further enhanced by the asymmetrical heel wrap. Titanal rear bridge, carbon highback (super thin, light and quickly transmits energy) shows the quality of workmanship of one of the most popular bindings in the world of snowboarding.<\/div>\n<\/div>","protected":false},"excerpt":{"rendered":"<p>&nbsp; \u00a0 Rome Black Label\u00a0\u00a0Carbon snowboardk\u00f6t\u00e9s \u00a0 A Rome limit\u00e1lt szuperk\u00f6nny\u0171 carbon cs\u00facsmodellje. \u00daj l\u00e1bujj strap van rajta, ami m\u00e9g pontosabb tart\u00e1st ad. T\u00f6k\u00e9letesen [&hellip;]<\/p>\n","protected":false},"featured_media":4673,"comment_status":"closed","ping_status":"closed","template":"","meta":{"om_disable_all_campaigns":false,"_monsterinsights_skip_tracking":false,"_monsterinsights_sitenote_active":false,"_monsterinsights_sitenote_note":"","_monsterinsights_sitenote_category":0},"product_brand":[],"product_cat":[22,8],"product_tag":[],"class_list":{"0":"post-4672","1":"product","2":"type-product","3":"status-publish","4":"has-post-thumbnail","6":"product_cat-rome-kotesek","7":"product_cat-snowboard-kotesek","9":"first","10":"instock","11":"sale","12":"shipping-taxable","13":"purchasable","14":"product-type-simple"},"aioseo_notices":[],"_links":{"self":[{"href":"https:\/\/snowboardshop.hu\/en\/wp-json\/wp\/v2\/product\/4672","targetHints":{"allow":["GET"]}}],"collection":[{"href":"https:\/\/snowboardshop.hu\/en\/wp-json\/wp\/v2\/product"}],"about":[{"href":"https:\/\/snowboardshop.hu\/en\/wp-json\/wp\/v2\/types\/product"}],"replies":[{"embeddable":true,"href":"https:\/\/snowboardshop.hu\/en\/wp-json\/wp\/v2\/comments?post=4672"}],"version-history":[{"count":1,"href":"https:\/\/snowboardshop.hu\/en\/wp-json\/wp\/v2\/product\/4672\/revisions"}],"predecessor-version":[{"id":9730,"href":"https:\/\/snowboardshop.hu\/en\/wp-json\/wp\/v2\/product\/4672\/revisions\/9730"}],"wp:featuredmedia":[{"embeddable":true,"href":"https:\/\/snowboardshop.hu\/en\/wp-json\/wp\/v2\/media\/4673"}],"wp:attachment":[{"href":"https:\/\/snowboardshop.hu\/en\/wp-json\/wp\/v2\/media?parent=4672"}],"wp:term":[{"taxonomy":"product_brand","embeddable":true,"href":"https:\/\/snowboardshop.hu\/en\/wp-json\/wp\/v2\/product_brand?post=4672"},{"taxonomy":"product_cat","embeddable":true,"href":"https:\/\/snowboardshop.hu\/en\/wp-json\/wp\/v2\/product_cat?post=4672"},{"taxonomy":"product_tag","embeddable":true,"href":"https:\/\/snowboardshop.hu\/en\/wp-json\/wp\/v2\/product_tag?post=4672"}],"curies":[{"name":"wp","href":"https:\/\/api.w.org\/{rel}","templated":true}]}}