{"id":4757,"date":"2019-11-05T15:04:19","date_gmt":"2019-11-05T14:04:19","guid":{"rendered":"http:\/\/snowboardshop.hu\/termek\/now-recon-cabon-snowboardkoetes\/"},"modified":"2022-10-25T12:12:04","modified_gmt":"2022-10-25T10:12:04","slug":"now-recon-cabon-snowboardkoetes","status":"publish","type":"product","link":"https:\/\/snowboardshop.hu\/en\/product\/now-recon-cabon-snowboardkoetes\/","title":{"rendered":"NOW Recon Carbon test snowboard binding"},"content":{"rendered":"<div dir=\"ltr\">NOW Recon snowboard binding<\/div>\n<div dir=\"ltr\">The new NOW Recon snowboard binding is made for routine freestylers and\/or freeriders who want exceptional edge control, resistance and comfort.<\/div>\n<div dir=\"ltr\">The back of this binding is made with premium exclusive Carbon Flex HIGHBACK technology. It is one of the lightest and largest torsion resistance backrests in the world.<\/div>\n<div dir=\"ltr\">The NOW Recon snowboard binding is made with the revolutionary NOW SKATE-INFLUENCE technique.<\/div>\n<div dir=\"ltr\">Unlike traditional snowboard bindings, these bindings do not transfer the force to the snowboard sheet in the middle of the disk, but through special silicone pads located at the four corners of the snowboard binding. This can be achieved by swinging the disc in the middle on a special swing mechanism, moving completely together with the surface of the board. Thus, no force passes through the center at all, the disc of the snowboard binding swings. Thus, the force that we apply to the edge of the snowboard appears directly above the edge on the edge of the snowboard board. This gives a much finer, skateboarding feeling, a real &quot;SKATE feeling&quot;.<\/div>\n<div dir=\"ltr\">And with the silicone soles on the four corners of the binding, you can set any fineness of FLEX INDEX, with perfect fineness.<\/div>\n<div dir=\"ltr\">According to the company, those who try this bandage will never use another.<\/div>\n<div dir=\"ltr\">Easy controllability, responsive gliding, perfect vibration absorption, carbon-containing, unbreakable plastics, Carbon-GF Neylon disc, HYBRID FLIPIT straps, completely new type of metal buckles characterize the world&#039;s leading soft binding.<\/div>\n<div dir=\"ltr\">Lifetime warranty and adjustable flex index of 7-10!<\/div>\n<div dir=\"ltr\">The NOW Recon binding can be used in Surf mode or Freeride mode, depending on how the special FLIP-It strap is turned or reversed. The strap turned to Surf mode gives maximum twisting ability when gliding, and the Freeride strap position gives the best reaction time and responsiveness.<\/div>\n<div dir=\"ltr\">This binding set the most Guinness World Records in the world of snowboarding.<\/div>\n<div dir=\"ltr\">Weight of the binding: 897 grams!<\/div>","protected":false},"excerpt":{"rendered":"<p>NOW Recon snowboardk\u00f6t\u00e9s Az \u00faj NOW Recon snowboardk\u00f6t\u00e9s rutinos freestyleereknek \u00e9s\/vagy freeridereknek k\u00e9sz\u00fcl akik kiv\u00e9teles \u00e9l kontrollt, ellen\u00e1ll\u00f3s\u00e1got \u00e9s k\u00e9nyelmet szeretn\u00e9nek. Ennek a k\u00f6t\u00e9snek [&hellip;]<\/p>\n","protected":false},"featured_media":4758,"comment_status":"closed","ping_status":"closed","template":"","meta":{"om_disable_all_campaigns":false,"_monsterinsights_skip_tracking":false,"_monsterinsights_sitenote_active":false,"_monsterinsights_sitenote_note":"","_monsterinsights_sitenote_category":0},"product_brand":[],"product_cat":[81,8],"product_tag":[],"class_list":{"0":"post-4757","1":"product","2":"type-product","3":"status-publish","4":"has-post-thumbnail","6":"product_cat-now","7":"product_cat-snowboard-kotesek","9":"first","10":"instock","11":"sale","12":"shipping-taxable","13":"purchasable","14":"product-type-simple"},"aioseo_notices":[],"_links":{"self":[{"href":"https:\/\/snowboardshop.hu\/en\/wp-json\/wp\/v2\/product\/4757","targetHints":{"allow":["GET"]}}],"collection":[{"href":"https:\/\/snowboardshop.hu\/en\/wp-json\/wp\/v2\/product"}],"about":[{"href":"https:\/\/snowboardshop.hu\/en\/wp-json\/wp\/v2\/types\/product"}],"replies":[{"embeddable":true,"href":"https:\/\/snowboardshop.hu\/en\/wp-json\/wp\/v2\/comments?post=4757"}],"version-history":[{"count":1,"href":"https:\/\/snowboardshop.hu\/en\/wp-json\/wp\/v2\/product\/4757\/revisions"}],"predecessor-version":[{"id":6269,"href":"https:\/\/snowboardshop.hu\/en\/wp-json\/wp\/v2\/product\/4757\/revisions\/6269"}],"wp:featuredmedia":[{"embeddable":true,"href":"https:\/\/snowboardshop.hu\/en\/wp-json\/wp\/v2\/media\/4758"}],"wp:attachment":[{"href":"https:\/\/snowboardshop.hu\/en\/wp-json\/wp\/v2\/media?parent=4757"}],"wp:term":[{"taxonomy":"product_brand","embeddable":true,"href":"https:\/\/snowboardshop.hu\/en\/wp-json\/wp\/v2\/product_brand?post=4757"},{"taxonomy":"product_cat","embeddable":true,"href":"https:\/\/snowboardshop.hu\/en\/wp-json\/wp\/v2\/product_cat?post=4757"},{"taxonomy":"product_tag","embeddable":true,"href":"https:\/\/snowboardshop.hu\/en\/wp-json\/wp\/v2\/product_tag?post=4757"}],"curies":[{"name":"wp","href":"https:\/\/api.w.org\/{rel}","templated":true}]}}