{"id":4812,"date":"2019-11-08T10:13:56","date_gmt":"2019-11-08T09:13:56","guid":{"rendered":"http:\/\/snowboardshop.hu\/termek\/ride-madrona-black-2020-snowboardnadrag\/"},"modified":"2019-11-08T10:16:02","modified_gmt":"2019-11-08T09:16:02","slug":"ride-madrona-black-2020-snowboardnadrag","status":"publish","type":"product","link":"https:\/\/snowboardshop.hu\/en\/product\/ride-madrona-black-2020-snowboardnadrag\/","title":{"rendered":"Ride Madrona Black 2020 snowboard pants"},"content":{"rendered":"<p>Ride Madrona snowboard pants<\/p>\n<p>High 10,000mm water resistance, simple line pants with 1 horizontal and 2 vertical pockets. <br \/>STRATA HD with waterproof layer. AQUAPEL nano-technical lubrication. Waterproof zipper. ACT1 thinner lining. Welded seams, classic belted trousers. <br \/>Inner velcro hip adjustment. Thigh fans.<br \/>Adjustable connection, for shoes. Reinforced back.<\/p>","protected":false},"excerpt":{"rendered":"<p>Ride Madrona\u00a0 snowboardnadr\u00e1g Magas 10.000mm v\u00edzb\u00edr\u00e1s\u00fa, egyszer\u0171 vonalvezet\u00e9s\u0171 nadr\u00e1g 1 v\u00edzszintes zsebbel \u00e9s 2 f\u00fcgg\u0151legessel. STRATA HD v\u00edz\u00e1ll\u00f3 r\u00e9teggel. AQUAPEL nano-technik\u00e1s ken\u00e9s. V\u00edz\u00e1ll\u00f3 cipz\u00e1r. [&hellip;]<\/p>\n","protected":false},"featured_media":4813,"comment_status":"closed","ping_status":"closed","template":"","meta":{"om_disable_all_campaigns":false,"_monsterinsights_skip_tracking":false,"_monsterinsights_sitenote_active":false,"_monsterinsights_sitenote_note":"","_monsterinsights_sitenote_category":0},"product_brand":[],"product_cat":[34,10],"product_tag":[],"class_list":{"0":"post-4812","1":"product","2":"type-product","3":"status-publish","4":"has-post-thumbnail","6":"product_cat-snowboard-nadragok","7":"product_cat-ruhazat-es-vedok","9":"first","10":"instock","11":"sale","12":"shipping-taxable","13":"purchasable","14":"product-type-simple"},"aioseo_notices":[],"_links":{"self":[{"href":"https:\/\/snowboardshop.hu\/en\/wp-json\/wp\/v2\/product\/4812","targetHints":{"allow":["GET"]}}],"collection":[{"href":"https:\/\/snowboardshop.hu\/en\/wp-json\/wp\/v2\/product"}],"about":[{"href":"https:\/\/snowboardshop.hu\/en\/wp-json\/wp\/v2\/types\/product"}],"replies":[{"embeddable":true,"href":"https:\/\/snowboardshop.hu\/en\/wp-json\/wp\/v2\/comments?post=4812"}],"version-history":[{"count":0,"href":"https:\/\/snowboardshop.hu\/en\/wp-json\/wp\/v2\/product\/4812\/revisions"}],"wp:featuredmedia":[{"embeddable":true,"href":"https:\/\/snowboardshop.hu\/en\/wp-json\/wp\/v2\/media\/4813"}],"wp:attachment":[{"href":"https:\/\/snowboardshop.hu\/en\/wp-json\/wp\/v2\/media?parent=4812"}],"wp:term":[{"taxonomy":"product_brand","embeddable":true,"href":"https:\/\/snowboardshop.hu\/en\/wp-json\/wp\/v2\/product_brand?post=4812"},{"taxonomy":"product_cat","embeddable":true,"href":"https:\/\/snowboardshop.hu\/en\/wp-json\/wp\/v2\/product_cat?post=4812"},{"taxonomy":"product_tag","embeddable":true,"href":"https:\/\/snowboardshop.hu\/en\/wp-json\/wp\/v2\/product_tag?post=4812"}],"curies":[{"name":"wp","href":"https:\/\/api.w.org\/{rel}","templated":true}]}}