{"id":4816,"date":"2019-11-08T10:18:48","date_gmt":"2019-11-08T09:18:48","guid":{"rendered":"http:\/\/snowboardshop.hu\/termek\/ride-fulson-onepiece-2020-technikai-snowboard-overall\/"},"modified":"2022-11-10T11:47:19","modified_gmt":"2022-11-10T10:47:19","slug":"ride-fulson-onepiece-2020-technikai-snowboard-overall","status":"publish","type":"product","link":"https:\/\/snowboardshop.hu\/en\/product\/ride-fulson-onepiece-2020-technikai-snowboard-overall\/","title":{"rendered":"Ride Fulson Onepiece Sawmill technical snowboard overall"},"content":{"rendered":"<div dir=\"ltr\">Ride Fulson Onepiece 2020 technical snowboard overall<\/div>\n<div dir=\"ltr\">\u00a0<\/div>\n<div dir=\"ltr\">Overalls with top and bottom in one.<\/div>\n<div dir=\"ltr\">RIDE&#039;s top-of-the-line, most expensive snowboard pants. The material&#039;s water resistance: 10,000 mm, breathability: 10,000 mm.\u00a0<\/div>\n<div dir=\"ltr\">The pants have a reflective, light lining. BOA twister can be adjusted through the pants on the snowboard shoe. The RIDE company uses 4 tempering grades for lining its clothes: ACT 1, 2, 3, 4. These snowboard pants are made with the thinnest ACT 1. superlight thermal mirror lining.<\/div>","protected":false},"excerpt":{"rendered":"<p>Ride Fulson Onepiece 2020 technikai snowboard overall \u00a0 Egybe fels\u0151 \u00e9s als\u00f3r\u00e9sszel rendelkez\u0151 overall. A RIDE cs\u00facskivitel\u0171 legdr\u00e1g\u00e1bb snowboard nadr\u00e1gja. Az anyag\u00e1nak v\u00edzb\u00edr\u00f3k\u00e9pess\u00e9ge: 10.000 [&hellip;]<\/p>\n","protected":false},"featured_media":4817,"comment_status":"closed","ping_status":"closed","template":"","meta":{"om_disable_all_campaigns":false,"_monsterinsights_skip_tracking":false,"_monsterinsights_sitenote_active":false,"_monsterinsights_sitenote_note":"","_monsterinsights_sitenote_category":0},"product_brand":[],"product_cat":[34,10],"product_tag":[],"class_list":{"0":"post-4816","1":"product","2":"type-product","3":"status-publish","4":"has-post-thumbnail","6":"product_cat-snowboard-nadragok","7":"product_cat-ruhazat-es-vedok","9":"first","10":"instock","11":"sale","12":"shipping-taxable","13":"purchasable","14":"product-type-simple"},"aioseo_notices":[],"_links":{"self":[{"href":"https:\/\/snowboardshop.hu\/en\/wp-json\/wp\/v2\/product\/4816","targetHints":{"allow":["GET"]}}],"collection":[{"href":"https:\/\/snowboardshop.hu\/en\/wp-json\/wp\/v2\/product"}],"about":[{"href":"https:\/\/snowboardshop.hu\/en\/wp-json\/wp\/v2\/types\/product"}],"replies":[{"embeddable":true,"href":"https:\/\/snowboardshop.hu\/en\/wp-json\/wp\/v2\/comments?post=4816"}],"version-history":[{"count":3,"href":"https:\/\/snowboardshop.hu\/en\/wp-json\/wp\/v2\/product\/4816\/revisions"}],"predecessor-version":[{"id":6437,"href":"https:\/\/snowboardshop.hu\/en\/wp-json\/wp\/v2\/product\/4816\/revisions\/6437"}],"wp:featuredmedia":[{"embeddable":true,"href":"https:\/\/snowboardshop.hu\/en\/wp-json\/wp\/v2\/media\/4817"}],"wp:attachment":[{"href":"https:\/\/snowboardshop.hu\/en\/wp-json\/wp\/v2\/media?parent=4816"}],"wp:term":[{"taxonomy":"product_brand","embeddable":true,"href":"https:\/\/snowboardshop.hu\/en\/wp-json\/wp\/v2\/product_brand?post=4816"},{"taxonomy":"product_cat","embeddable":true,"href":"https:\/\/snowboardshop.hu\/en\/wp-json\/wp\/v2\/product_cat?post=4816"},{"taxonomy":"product_tag","embeddable":true,"href":"https:\/\/snowboardshop.hu\/en\/wp-json\/wp\/v2\/product_tag?post=4816"}],"curies":[{"name":"wp","href":"https:\/\/api.w.org\/{rel}","templated":true}]}}