{"id":5015,"date":"2019-11-29T14:29:33","date_gmt":"2019-11-29T13:29:33","guid":{"rendered":"http:\/\/snowboardshop.hu\/termek\/yes-420-powderhull-2019-teszt-snowboard\/"},"modified":"2026-01-17T18:38:07","modified_gmt":"2026-01-17T17:38:07","slug":"yes-420-powderhull-2019-teszt-snowboard","status":"publish","type":"product","link":"https:\/\/snowboardshop.hu\/en\/product\/yes-420-powderhull-2019-teszt-snowboard\/","title":{"rendered":"Yes 420 Powderhull snowboard test"},"content":{"rendered":"<p>When YES came out with the 420 snowboard sheet 5 years ago, it was a huge hit. He immediately received the title of &quot;snowboard of the year&quot;.<br \/>The idea of making a real fun snowboard board, which is much shorter and much wider than the usual boards, really struck a chord.<br \/>Directional board, super-maneuverable on track and deep snow.<br \/>It makes you a freerider in places where you never thought you could glide, be it the forest, deep snow, or a narrow section of track.<br \/>It&#039;s easy to use and opens up new avenues. An excellent second choice for an everyday snowboard. We bring it in size 152 cm, which is good for up to 105 kg.<\/p>","protected":false},"excerpt":{"rendered":"<p>Amikor a YES 5 \u00e9vvel ezel\u0151tt kij\u00f6tt a 420 snowboard lappal, \u00f3ri\u00e1sit robbant. Azonnal megkapta az &#8222;\u00e9v snowboardja&#8221; c\u00edmet.A gondolat, hogy igazi fun snowboard [&hellip;]<\/p>\n","protected":false},"featured_media":5016,"comment_status":"closed","ping_status":"closed","template":"","meta":{"om_disable_all_campaigns":false,"_monsterinsights_skip_tracking":false,"_monsterinsights_sitenote_active":false,"_monsterinsights_sitenote_note":"","_monsterinsights_sitenote_category":0},"product_brand":[],"product_cat":[15,58,11,75,57,7],"product_tag":[],"class_list":{"0":"post-5015","1":"product","2":"type-product","3":"status-publish","4":"has-post-thumbnail","6":"product_cat-apo-freestyle-si-freeride-snowboard","7":"product_cat-premium-teszt-snowbaordok","8":"product_cat-surfboard-powderboard","9":"product_cat-szelesitett-wide-snowboards","10":"product_cat-yes","11":"product_cat-snowboard-deszkak","13":"first","14":"instock","15":"sale","16":"shipping-taxable","17":"purchasable","18":"product-type-simple"},"aioseo_notices":[],"_links":{"self":[{"href":"https:\/\/snowboardshop.hu\/en\/wp-json\/wp\/v2\/product\/5015","targetHints":{"allow":["GET"]}}],"collection":[{"href":"https:\/\/snowboardshop.hu\/en\/wp-json\/wp\/v2\/product"}],"about":[{"href":"https:\/\/snowboardshop.hu\/en\/wp-json\/wp\/v2\/types\/product"}],"replies":[{"embeddable":true,"href":"https:\/\/snowboardshop.hu\/en\/wp-json\/wp\/v2\/comments?post=5015"}],"version-history":[{"count":3,"href":"https:\/\/snowboardshop.hu\/en\/wp-json\/wp\/v2\/product\/5015\/revisions"}],"predecessor-version":[{"id":8867,"href":"https:\/\/snowboardshop.hu\/en\/wp-json\/wp\/v2\/product\/5015\/revisions\/8867"}],"wp:featuredmedia":[{"embeddable":true,"href":"https:\/\/snowboardshop.hu\/en\/wp-json\/wp\/v2\/media\/5016"}],"wp:attachment":[{"href":"https:\/\/snowboardshop.hu\/en\/wp-json\/wp\/v2\/media?parent=5015"}],"wp:term":[{"taxonomy":"product_brand","embeddable":true,"href":"https:\/\/snowboardshop.hu\/en\/wp-json\/wp\/v2\/product_brand?post=5015"},{"taxonomy":"product_cat","embeddable":true,"href":"https:\/\/snowboardshop.hu\/en\/wp-json\/wp\/v2\/product_cat?post=5015"},{"taxonomy":"product_tag","embeddable":true,"href":"https:\/\/snowboardshop.hu\/en\/wp-json\/wp\/v2\/product_tag?post=5015"}],"curies":[{"name":"wp","href":"https:\/\/api.w.org\/{rel}","templated":true}]}}