{"id":5029,"date":"2019-12-02T15:46:28","date_gmt":"2019-12-02T14:46:28","guid":{"rendered":"http:\/\/snowboardshop.hu\/termek\/ride-grand-mitt-tobacco-noi-bor-snowboardkesztyu\/"},"modified":"2022-11-18T12:29:33","modified_gmt":"2022-11-18T11:29:33","slug":"ride-grand-mitt-tobacco-noi-bor-snowboardkesztyu","status":"publish","type":"product","link":"https:\/\/snowboardshop.hu\/en\/product\/ride-grand-mitt-tobacco-noi-bor-snowboardkesztyu\/","title":{"rendered":"Ride Grand Mitt tobacco women&#039;s leather snowboard gloves"},"content":{"rendered":"<p>RIDE premium leather snowboard gloves Ride is a warm snowboard glove with a Thinsulete fleece lining, velcro shank, oil-resistant leather with high abrasion resistance. The palm is genuine cowhide, the fingertips are double reinforced. The upper material is also leather. Effective water protection is ensured by a HYPORA (Japanese goretex) membrane with a water resistance of 20,000 mm. There are no seams on the fingertips, so it is hard to wear, and it is also available in a two-finger (mitt) design. Premium gloves from the famous American company at the best price. There are glasses and a handkerchief on the thumb. Comfortable gloves that fit very well.<\/p>","protected":false},"excerpt":{"rendered":"<p>RIDE pr\u00e9mium b\u0151r snowboardkeszty\u0171 A Ride egy Thinsulete pol\u00e1r b\u00e9l\u00e9ses, t\u00e9p\u0151z\u00e1ras sz\u00e1r\u00fa, olaj\u00e1ll\u00f3 b\u0151rb\u0151l k\u00e9sz\u00fclt nagy kop\u00e1s\u00e1ll\u00f3s\u00e1g\u00fa, meleg snowboard keszty\u0171. Tenyere eredeti marhab\u0151r, ujjv\u00e9gei [&hellip;]<\/p>\n","protected":false},"featured_media":5030,"comment_status":"closed","ping_status":"closed","template":"","meta":{"om_disable_all_campaigns":false,"_monsterinsights_skip_tracking":false,"_monsterinsights_sitenote_active":false,"_monsterinsights_sitenote_note":"","_monsterinsights_sitenote_category":0},"product_brand":[],"product_cat":[38,10],"product_tag":[],"class_list":{"0":"post-5029","1":"product","2":"type-product","3":"status-publish","4":"has-post-thumbnail","6":"product_cat-kesztyuk","7":"product_cat-ruhazat-es-vedok","9":"first","10":"instock","11":"shipping-taxable","12":"purchasable","13":"product-type-simple"},"aioseo_notices":[],"_links":{"self":[{"href":"https:\/\/snowboardshop.hu\/en\/wp-json\/wp\/v2\/product\/5029","targetHints":{"allow":["GET"]}}],"collection":[{"href":"https:\/\/snowboardshop.hu\/en\/wp-json\/wp\/v2\/product"}],"about":[{"href":"https:\/\/snowboardshop.hu\/en\/wp-json\/wp\/v2\/types\/product"}],"replies":[{"embeddable":true,"href":"https:\/\/snowboardshop.hu\/en\/wp-json\/wp\/v2\/comments?post=5029"}],"version-history":[{"count":1,"href":"https:\/\/snowboardshop.hu\/en\/wp-json\/wp\/v2\/product\/5029\/revisions"}],"predecessor-version":[{"id":6503,"href":"https:\/\/snowboardshop.hu\/en\/wp-json\/wp\/v2\/product\/5029\/revisions\/6503"}],"wp:featuredmedia":[{"embeddable":true,"href":"https:\/\/snowboardshop.hu\/en\/wp-json\/wp\/v2\/media\/5030"}],"wp:attachment":[{"href":"https:\/\/snowboardshop.hu\/en\/wp-json\/wp\/v2\/media?parent=5029"}],"wp:term":[{"taxonomy":"product_brand","embeddable":true,"href":"https:\/\/snowboardshop.hu\/en\/wp-json\/wp\/v2\/product_brand?post=5029"},{"taxonomy":"product_cat","embeddable":true,"href":"https:\/\/snowboardshop.hu\/en\/wp-json\/wp\/v2\/product_cat?post=5029"},{"taxonomy":"product_tag","embeddable":true,"href":"https:\/\/snowboardshop.hu\/en\/wp-json\/wp\/v2\/product_tag?post=5029"}],"curies":[{"name":"wp","href":"https:\/\/api.w.org\/{rel}","templated":true}]}}