{"id":5096,"date":"2019-12-17T08:31:54","date_gmt":"2019-12-17T07:31:54","guid":{"rendered":"http:\/\/snowboardshop.hu\/termek\/nidecker-micron-kid-gyerek-snowboardcipo\/"},"modified":"2026-01-17T09:46:01","modified_gmt":"2026-01-17T08:46:01","slug":"nidecker-micron-kid-gyerek-snowboardcipo","status":"publish","type":"product","link":"https:\/\/snowboardshop.hu\/en\/product\/nidecker-micron-kid-gyerek-snowboardcipo\/","title":{"rendered":"FLOW Nidecker Micron Kid children&#039;s snowboard boots"},"content":{"rendered":"<p>The Nidecker Micron Kid children&#039;s snowboard shoes are very light, warm and comfortable snowboard shoes made by the Swiss company for the smallest children with Velcro. It can be easily put on with Velcro, even a child can easily pull it on.\u00a0<\/p>\n<p>Size: varies between 19-22cm insole sizes.\u00a0<\/p>\n<p>&nbsp;<\/p>","protected":false},"excerpt":{"rendered":"<p>A Nidecker Micron Kid gyerek snowboardcip\u0151 a sv\u00e1jci c\u00e9g\u00a0legkisebb gyerekekre k\u00e9sz\u00edtett t\u00e9p\u0151z\u00e1ras, nagyon k\u00f6nny\u0171, meleg \u00e9s k\u00e9nyelmes snowboard\u00a0cip\u0151je. T\u00e9p\u0151z\u00e1rarakkal k\u00f6nnyel felvehet\u0151, a gyerek is [&hellip;]<\/p>\n","protected":false},"featured_media":5097,"comment_status":"closed","ping_status":"closed","template":"","meta":{"om_disable_all_campaigns":false,"_monsterinsights_skip_tracking":false,"_monsterinsights_sitenote_active":false,"_monsterinsights_sitenote_note":"","_monsterinsights_sitenote_category":0},"product_brand":[],"product_cat":[26,50,32,9],"product_tag":[],"class_list":{"0":"post-5096","1":"product","2":"type-product","3":"status-publish","4":"has-post-thumbnail","6":"product_cat-nidecker-snowboard-cipo-bakancs","7":"product_cat-gyerek-snowboard-cipo-bakancs","8":"product_cat-akcios-snowboard-bakancs","9":"product_cat-snowboard-cipok","11":"first","12":"instock","13":"sale","14":"shipping-taxable","15":"purchasable","16":"product-type-simple"},"aioseo_notices":[],"_links":{"self":[{"href":"https:\/\/snowboardshop.hu\/en\/wp-json\/wp\/v2\/product\/5096","targetHints":{"allow":["GET"]}}],"collection":[{"href":"https:\/\/snowboardshop.hu\/en\/wp-json\/wp\/v2\/product"}],"about":[{"href":"https:\/\/snowboardshop.hu\/en\/wp-json\/wp\/v2\/types\/product"}],"replies":[{"embeddable":true,"href":"https:\/\/snowboardshop.hu\/en\/wp-json\/wp\/v2\/comments?post=5096"}],"version-history":[{"count":2,"href":"https:\/\/snowboardshop.hu\/en\/wp-json\/wp\/v2\/product\/5096\/revisions"}],"predecessor-version":[{"id":6681,"href":"https:\/\/snowboardshop.hu\/en\/wp-json\/wp\/v2\/product\/5096\/revisions\/6681"}],"wp:featuredmedia":[{"embeddable":true,"href":"https:\/\/snowboardshop.hu\/en\/wp-json\/wp\/v2\/media\/5097"}],"wp:attachment":[{"href":"https:\/\/snowboardshop.hu\/en\/wp-json\/wp\/v2\/media?parent=5096"}],"wp:term":[{"taxonomy":"product_brand","embeddable":true,"href":"https:\/\/snowboardshop.hu\/en\/wp-json\/wp\/v2\/product_brand?post=5096"},{"taxonomy":"product_cat","embeddable":true,"href":"https:\/\/snowboardshop.hu\/en\/wp-json\/wp\/v2\/product_cat?post=5096"},{"taxonomy":"product_tag","embeddable":true,"href":"https:\/\/snowboardshop.hu\/en\/wp-json\/wp\/v2\/product_tag?post=5096"}],"curies":[{"name":"wp","href":"https:\/\/api.w.org\/{rel}","templated":true}]}}