{"id":5130,"date":"2020-01-13T09:46:15","date_gmt":"2020-01-13T08:46:15","guid":{"rendered":"http:\/\/snowboardshop.hu\/termek\/doorek-skull-premium-arcmaszk\/"},"modified":"2020-01-13T09:47:26","modified_gmt":"2020-01-13T08:47:26","slug":"doorek-skull-premium-arcmaszk","status":"publish","type":"product","link":"https:\/\/snowboardshop.hu\/en\/product\/doorek-skull-premium-arcmaszk\/","title":{"rendered":"Doorek Skull premium face mask"},"content":{"rendered":"<p>Triangular face mask of universal size, which can be fitted to the nose and reaches up to the neck. Windproof on the outside, original American Malden fleece on the inside. The size can be adjusted with a Velcro fastener at the back. Premium Finnish trademark. It fits in the top pocket of a snowboard jacket and can be quickly retrieved in case of a storm or windy weather.<\/p>\n<p>&nbsp;<\/p>","protected":false},"excerpt":{"rendered":"<p>Univerz\u00e1lis m\u00e9ret\u0171, orrra illeszthet\u0151 \u00e9s nyakig \u00e9r\u0151, h\u00e1romsz\u00f6g alak\u00fa arcmaszk. K\u00edv\u00fclr\u0151l sz\u00e9l\u00e1ll\u00f3, bel\u00fclr\u0151l eredeti amerikai Malden pol\u00e1r. H\u00e1tulr\u00f3l t\u00e9p\u0151z\u00e1rral \u00e1ll\u00edthat\u00f3 a m\u00e9rete. Pr\u00e9mium finn [&hellip;]<\/p>\n","protected":false},"featured_media":5131,"comment_status":"closed","ping_status":"closed","template":"","meta":{"om_disable_all_campaigns":false,"_monsterinsights_skip_tracking":false,"_monsterinsights_sitenote_active":false,"_monsterinsights_sitenote_note":"","_monsterinsights_sitenote_category":0},"product_brand":[],"product_cat":[35,10],"product_tag":[],"class_list":{"0":"post-5130","1":"product","2":"type-product","3":"status-publish","4":"has-post-thumbnail","6":"product_cat-maszk-sapka-zokni","7":"product_cat-ruhazat-es-vedok","9":"first","10":"instock","11":"shipping-taxable","12":"purchasable","13":"product-type-simple"},"aioseo_notices":[],"_links":{"self":[{"href":"https:\/\/snowboardshop.hu\/en\/wp-json\/wp\/v2\/product\/5130","targetHints":{"allow":["GET"]}}],"collection":[{"href":"https:\/\/snowboardshop.hu\/en\/wp-json\/wp\/v2\/product"}],"about":[{"href":"https:\/\/snowboardshop.hu\/en\/wp-json\/wp\/v2\/types\/product"}],"replies":[{"embeddable":true,"href":"https:\/\/snowboardshop.hu\/en\/wp-json\/wp\/v2\/comments?post=5130"}],"version-history":[{"count":0,"href":"https:\/\/snowboardshop.hu\/en\/wp-json\/wp\/v2\/product\/5130\/revisions"}],"wp:featuredmedia":[{"embeddable":true,"href":"https:\/\/snowboardshop.hu\/en\/wp-json\/wp\/v2\/media\/5131"}],"wp:attachment":[{"href":"https:\/\/snowboardshop.hu\/en\/wp-json\/wp\/v2\/media?parent=5130"}],"wp:term":[{"taxonomy":"product_brand","embeddable":true,"href":"https:\/\/snowboardshop.hu\/en\/wp-json\/wp\/v2\/product_brand?post=5130"},{"taxonomy":"product_cat","embeddable":true,"href":"https:\/\/snowboardshop.hu\/en\/wp-json\/wp\/v2\/product_cat?post=5130"},{"taxonomy":"product_tag","embeddable":true,"href":"https:\/\/snowboardshop.hu\/en\/wp-json\/wp\/v2\/product_tag?post=5130"}],"curies":[{"name":"wp","href":"https:\/\/api.w.org\/{rel}","templated":true}]}}