{"id":5138,"date":"2020-01-13T10:02:45","date_gmt":"2020-01-13T09:02:45","guid":{"rendered":"http:\/\/snowboardshop.hu\/termek\/jones-sierra-neckwarmer-maszk\/"},"modified":"2020-01-13T10:05:57","modified_gmt":"2020-01-13T09:05:57","slug":"jones-sierra-neckwarmer-maszk","status":"publish","type":"product","link":"https:\/\/snowboardshop.hu\/en\/product\/jones-sierra-neckwarmer-maszk\/","title":{"rendered":"Jones Sierra Neckwarmer mask"},"content":{"rendered":"<p>Versatile, elastic lycra mask. It can be used as a hat, neck scarf or face mask pulled over the nose. All of its functions fit under the helmet. Beautifully crafted, sophisticated design, with vivid colors and unique graphics by RP Robers.\u00a0<\/p>\n<p>To order.<\/p>","protected":false},"excerpt":{"rendered":"<p>Sokoldal\u00faan felhaszn\u00e1lhat\u00f3, lycra-s elasztikus maszk. Haszn\u00e1lhat\u00f3 sapkak\u00e9nt, haszn\u00e1lhat\u00f3 nyaks\u00e1lk\u00e9nt illetve orrra felh\u00fazott arcmaszkk\u00e9nt. Mindegyik funkci\u00f3j\u00e1ban elf\u00e9r a sisak alatt. Sz\u00e9p kidolgozotts\u00e1g\u00fa, ig\u00e9nyes kivitel, eleven [&hellip;]<\/p>\n","protected":false},"featured_media":5139,"comment_status":"closed","ping_status":"closed","template":"","meta":{"om_disable_all_campaigns":false,"_monsterinsights_skip_tracking":false,"_monsterinsights_sitenote_active":false,"_monsterinsights_sitenote_note":"","_monsterinsights_sitenote_category":0},"product_brand":[],"product_cat":[35,10],"product_tag":[],"class_list":{"0":"post-5138","1":"product","2":"type-product","3":"status-publish","4":"has-post-thumbnail","6":"product_cat-maszk-sapka-zokni","7":"product_cat-ruhazat-es-vedok","9":"first","10":"instock","11":"shipping-taxable","12":"purchasable","13":"product-type-simple"},"aioseo_notices":[],"_links":{"self":[{"href":"https:\/\/snowboardshop.hu\/en\/wp-json\/wp\/v2\/product\/5138","targetHints":{"allow":["GET"]}}],"collection":[{"href":"https:\/\/snowboardshop.hu\/en\/wp-json\/wp\/v2\/product"}],"about":[{"href":"https:\/\/snowboardshop.hu\/en\/wp-json\/wp\/v2\/types\/product"}],"replies":[{"embeddable":true,"href":"https:\/\/snowboardshop.hu\/en\/wp-json\/wp\/v2\/comments?post=5138"}],"version-history":[{"count":0,"href":"https:\/\/snowboardshop.hu\/en\/wp-json\/wp\/v2\/product\/5138\/revisions"}],"wp:featuredmedia":[{"embeddable":true,"href":"https:\/\/snowboardshop.hu\/en\/wp-json\/wp\/v2\/media\/5139"}],"wp:attachment":[{"href":"https:\/\/snowboardshop.hu\/en\/wp-json\/wp\/v2\/media?parent=5138"}],"wp:term":[{"taxonomy":"product_brand","embeddable":true,"href":"https:\/\/snowboardshop.hu\/en\/wp-json\/wp\/v2\/product_brand?post=5138"},{"taxonomy":"product_cat","embeddable":true,"href":"https:\/\/snowboardshop.hu\/en\/wp-json\/wp\/v2\/product_cat?post=5138"},{"taxonomy":"product_tag","embeddable":true,"href":"https:\/\/snowboardshop.hu\/en\/wp-json\/wp\/v2\/product_tag?post=5138"}],"curies":[{"name":"wp","href":"https:\/\/api.w.org\/{rel}","templated":true}]}}