{"id":5254,"date":"2020-02-04T12:43:08","date_gmt":"2020-02-04T11:43:08","guid":{"rendered":"http:\/\/snowboardshop.hu\/termek\/jones-airbag-komplett-lavinazsak-nem-tartalmaz-palackot\/"},"modified":"2022-12-13T11:01:20","modified_gmt":"2022-12-13T10:01:20","slug":"jones-airbag-komplett-lavinazsak-nem-tartalmaz-palackot","status":"publish","type":"product","link":"https:\/\/snowboardshop.hu\/en\/product\/jones-airbag-komplett-lavinazsak-nem-tartalmaz-palackot\/","title":{"rendered":"JONES Airbag complete avalanche airbag (does not include bottle)"},"content":{"rendered":"<p>JONES Airbag complete avalanche bag (does not include bottle). We recommend a refillable Snow Pulse aluminum bottle.<\/p>\n<div dir=\"ltr\">One of the world&#039;s lightest and fastest opening avalanche bags, which we saw in countless freeride movies on Jeremy Jones.<\/div>\n<div dir=\"ltr\">Weight: 700 gr<\/div>\n<div dir=\"ltr\">Weight with airbag system and cartridge: 1000gr<\/div>\n<div dir=\"ltr\">Cartridge included: No<\/div>\n<div dir=\"ltr\">Airbag system: Removable airbag system<\/div>\n<div dir=\"ltr\">Solving\/Charging time: 3 sec<\/div>\n<div dir=\"ltr\">Airbag volume: 150 l<\/div>\n<div dir=\"ltr\">Very small packing volume: Fully integrated into the backpack. It does not prevent internal packing and arrangement.<\/div>\n<div dir=\"ltr\">Faster finding of buried persons thanks to the bright color.<\/div>\n<div dir=\"ltr\">The lightest airbag system<\/div>\n<div dir=\"ltr\">Removable airbag system\u00a0<\/div>\n<div dir=\"ltr\">Screw-in: screw in the cartridge and the system is immediately ready for use<\/div>\n<div dir=\"ltr\">Application range: between -30 \u00b0C and +40 \u00b0C<\/div>\n<div dir=\"ltr\">\u00a0<\/div>\n<div dir=\"ltr\">Reliable: The energy storage of compressed gas is not affected by weather and temperature.<\/div>\n<div dir=\"ltr\">Full flexibility: The user can remove the system from the backpack and transfer it to another backpack. The backpack can also be used for other activities.<\/div>\n<div dir=\"ltr\">\u00a0<\/div>\n<div dir=\"ltr\">\u00a0<\/div>","protected":false},"excerpt":{"rendered":"<p>JONES Airbag komplett lavinazs\u00e1k (nem tartalmaz palackot). T\u00f6lthet\u0151 Snow Pulse aluminium palackot javaslunk hozz\u00e1. A vil\u00e1g egyik legk\u00f6nnyebb, \u00e9s leggyorsabb nyit\u00e1si idej\u0171 lavinazs\u00e1kja, melyet [&hellip;]<\/p>\n","protected":false},"featured_media":5255,"comment_status":"closed","ping_status":"closed","template":"","meta":{"om_disable_all_campaigns":false,"_monsterinsights_skip_tracking":false,"_monsterinsights_sitenote_active":false,"_monsterinsights_sitenote_note":"","_monsterinsights_sitenote_category":0},"product_brand":[],"product_cat":[40,39,69,10],"product_tag":[],"class_list":{"0":"post-5254","1":"product","2":"type-product","3":"status-publish","4":"has-post-thumbnail","6":"product_cat-backcountry-felszerelesek-kiegeszitok","7":"product_cat-snowboard-zsakok-hatizsakok","8":"product_cat-kiegeszitok-accessories","9":"product_cat-ruhazat-es-vedok","11":"first","12":"instock","13":"shipping-taxable","14":"purchasable","15":"product-type-simple"},"aioseo_notices":[],"_links":{"self":[{"href":"https:\/\/snowboardshop.hu\/en\/wp-json\/wp\/v2\/product\/5254","targetHints":{"allow":["GET"]}}],"collection":[{"href":"https:\/\/snowboardshop.hu\/en\/wp-json\/wp\/v2\/product"}],"about":[{"href":"https:\/\/snowboardshop.hu\/en\/wp-json\/wp\/v2\/types\/product"}],"replies":[{"embeddable":true,"href":"https:\/\/snowboardshop.hu\/en\/wp-json\/wp\/v2\/comments?post=5254"}],"version-history":[{"count":2,"href":"https:\/\/snowboardshop.hu\/en\/wp-json\/wp\/v2\/product\/5254\/revisions"}],"predecessor-version":[{"id":6892,"href":"https:\/\/snowboardshop.hu\/en\/wp-json\/wp\/v2\/product\/5254\/revisions\/6892"}],"wp:featuredmedia":[{"embeddable":true,"href":"https:\/\/snowboardshop.hu\/en\/wp-json\/wp\/v2\/media\/5255"}],"wp:attachment":[{"href":"https:\/\/snowboardshop.hu\/en\/wp-json\/wp\/v2\/media?parent=5254"}],"wp:term":[{"taxonomy":"product_brand","embeddable":true,"href":"https:\/\/snowboardshop.hu\/en\/wp-json\/wp\/v2\/product_brand?post=5254"},{"taxonomy":"product_cat","embeddable":true,"href":"https:\/\/snowboardshop.hu\/en\/wp-json\/wp\/v2\/product_cat?post=5254"},{"taxonomy":"product_tag","embeddable":true,"href":"https:\/\/snowboardshop.hu\/en\/wp-json\/wp\/v2\/product_tag?post=5254"}],"curies":[{"name":"wp","href":"https:\/\/api.w.org\/{rel}","templated":true}]}}