{"id":5294,"date":"2020-02-10T14:09:25","date_gmt":"2020-02-10T13:09:25","guid":{"rendered":"http:\/\/snowboardshop.hu\/termek\/tsg-goggle-two-gum-ketlencses-magneses-siszemueveg\/"},"modified":"2022-12-15T14:48:22","modified_gmt":"2022-12-15T13:48:22","slug":"tsg-goggle-two-gum-ketlencses-magneses-siszemueveg","status":"publish","type":"product","link":"https:\/\/snowboardshop.hu\/en\/product\/tsg-goggle-two-gum-ketlencses-magneses-siszemueveg\/","title":{"rendered":"TSG Goggle AMP Sticker Bomb double-lens magnetic ski goggles"},"content":{"rendered":"<p>Double-lens, spherical lens, interchangeable lens, Swiss premium ski goggles.<\/p>\n<p>The lenses are magnetically attached, so you can change the fog lens to a sun lens with a single movement. The only premium glasses on the market for which we can replace the lens afterwards (if the lens is lost).<\/p>","protected":false},"excerpt":{"rendered":"<p>K\u00e9tlencs\u00e9s, szferikus lencs\u00e9vel ell\u00e1tott, cser\u00e9lhet\u0151 lencs\u00e9s, sv\u00e1jci pr\u00e9mium s\u00edszem\u00fcveg. A lencs\u00e9k m\u00e1gneses r\u00f6gz\u00edt\u00e9ssel tapadnak, \u00edgy egyetlen mozdulattal kicser\u00e9lhetj\u00fck a k\u00f6dlencs\u00e9t naplencs\u00e9re. Az egyetlen pr\u00e9mium [&hellip;]<\/p>\n","protected":false},"featured_media":5297,"comment_status":"closed","ping_status":"closed","template":"","meta":{"om_disable_all_campaigns":false,"_monsterinsights_skip_tracking":false,"_monsterinsights_sitenote_active":false,"_monsterinsights_sitenote_note":"","_monsterinsights_sitenote_category":0},"product_brand":[],"product_cat":[78,61,10],"product_tag":[],"class_list":{"0":"post-5294","1":"product","2":"type-product","3":"status-publish","4":"has-post-thumbnail","6":"product_cat-ajandekok-gifts","7":"product_cat-snowboard-szemuvegek","8":"product_cat-ruhazat-es-vedok","10":"first","11":"instock","12":"shipping-taxable","13":"purchasable","14":"product-type-simple"},"aioseo_notices":[],"_links":{"self":[{"href":"https:\/\/snowboardshop.hu\/en\/wp-json\/wp\/v2\/product\/5294","targetHints":{"allow":["GET"]}}],"collection":[{"href":"https:\/\/snowboardshop.hu\/en\/wp-json\/wp\/v2\/product"}],"about":[{"href":"https:\/\/snowboardshop.hu\/en\/wp-json\/wp\/v2\/types\/product"}],"replies":[{"embeddable":true,"href":"https:\/\/snowboardshop.hu\/en\/wp-json\/wp\/v2\/comments?post=5294"}],"version-history":[{"count":2,"href":"https:\/\/snowboardshop.hu\/en\/wp-json\/wp\/v2\/product\/5294\/revisions"}],"predecessor-version":[{"id":6840,"href":"https:\/\/snowboardshop.hu\/en\/wp-json\/wp\/v2\/product\/5294\/revisions\/6840"}],"wp:featuredmedia":[{"embeddable":true,"href":"https:\/\/snowboardshop.hu\/en\/wp-json\/wp\/v2\/media\/5297"}],"wp:attachment":[{"href":"https:\/\/snowboardshop.hu\/en\/wp-json\/wp\/v2\/media?parent=5294"}],"wp:term":[{"taxonomy":"product_brand","embeddable":true,"href":"https:\/\/snowboardshop.hu\/en\/wp-json\/wp\/v2\/product_brand?post=5294"},{"taxonomy":"product_cat","embeddable":true,"href":"https:\/\/snowboardshop.hu\/en\/wp-json\/wp\/v2\/product_cat?post=5294"},{"taxonomy":"product_tag","embeddable":true,"href":"https:\/\/snowboardshop.hu\/en\/wp-json\/wp\/v2\/product_tag?post=5294"}],"curies":[{"name":"wp","href":"https:\/\/api.w.org\/{rel}","templated":true}]}}