{"id":5461,"date":"2020-10-16T10:53:52","date_gmt":"2020-10-16T08:53:52","guid":{"rendered":"https:\/\/snowboardshop.hu\/termek\/ride-helix-2020-teszt-snowboard\/"},"modified":"2025-01-16T08:34:03","modified_gmt":"2025-01-16T07:34:03","slug":"ride-helix-2020-teszt-snowboard","status":"publish","type":"product","link":"https:\/\/snowboardshop.hu\/en\/product\/ride-helix-2020-teszt-snowboard\/","title":{"rendered":"Ride Helix 2020 snowboard test"},"content":{"rendered":"<h3 style=\"text-align: justify;\">Ride Helix 2020 test snowboard\u00a0<\/h3>\n<p style=\"text-align: justify;\">Ride&#039;s multiple test-winning, asymmetric premium freestyle board. It created order in the world of asymmetric freestyle boards, today the biggest companies are bringing out asymmetric imitations of it in a row.<\/p>\n<p style=\"text-align: justify;\">Top material quality snowboard with 5-laminate Carbon reinforcement, triaxial glass fiber reinforcement with the strongest &quot;Slimewalls&quot; sidewalls. The blade of the Machete cuts the snow beautifully and is basically a freestyle machine. A short rocker zone ensures playfulness and a stable landing, while there is a cambered zone between the two legs for good sharpening. To the track, to the park, to jump top card. One of the most durable freestyle boards in the world.<\/p>\n<p style=\"text-align: justify;\">Length: 157 cm<\/p>\n<div dir=\"ltr\">\n<div dir=\"ltr\">Rating on a scale of 10\u00a0\u00a0\u00a0<\/div>\n<div dir=\"ltr\">Freestyle tricks, jib, half pipe: 10<\/div>\n<div dir=\"ltr\">Jumps, landings: 10<\/div>\n<div dir=\"ltr\">Carving on a treated track: 8<\/div>\n<div dir=\"ltr\">Carving on an ice track: 6<\/div>\n<div dir=\"ltr\">Deep snow, backcountry, freeride: 5<\/div>\n<div dir=\"ltr\">Bending, hardness: 6<\/div>\n<div dir=\"ltr\">\u00a0<\/div>\n<\/div>\n<p style=\"text-align: justify;\">\u00a0<\/p>","protected":false},"excerpt":{"rendered":"<p>Ride Helix 2020 teszt snowboard\u00a0 A ride t\u00f6bbsz\u00f6r\u00f6s tesztgy\u0151ztes, asszimetrikus pr\u00e9mium freestyle boardja. Rendet teremtett az asszimetrikus freestyle boardok vil\u00e1g\u00e1ban, ma m\u00e1r a legnagyobb [&hellip;]<\/p>\n","protected":false},"featured_media":4924,"comment_status":"closed","ping_status":"closed","template":"","meta":{"om_disable_all_campaigns":false,"_monsterinsights_skip_tracking":false,"_monsterinsights_sitenote_active":false,"_monsterinsights_sitenote_note":"","_monsterinsights_sitenote_category":0},"product_brand":[],"product_cat":[18,58,17,7],"product_tag":[],"class_list":{"0":"post-5461","1":"product","2":"type-product","3":"status-publish","4":"has-post-thumbnail","6":"product_cat-outlet-hasznalt","7":"product_cat-premium-teszt-snowbaordok","8":"product_cat-ride","9":"product_cat-snowboard-deszkak","11":"first","12":"instock","13":"sale","14":"shipping-taxable","15":"purchasable","16":"product-type-simple"},"aioseo_notices":[],"_links":{"self":[{"href":"https:\/\/snowboardshop.hu\/en\/wp-json\/wp\/v2\/product\/5461","targetHints":{"allow":["GET"]}}],"collection":[{"href":"https:\/\/snowboardshop.hu\/en\/wp-json\/wp\/v2\/product"}],"about":[{"href":"https:\/\/snowboardshop.hu\/en\/wp-json\/wp\/v2\/types\/product"}],"replies":[{"embeddable":true,"href":"https:\/\/snowboardshop.hu\/en\/wp-json\/wp\/v2\/comments?post=5461"}],"version-history":[{"count":3,"href":"https:\/\/snowboardshop.hu\/en\/wp-json\/wp\/v2\/product\/5461\/revisions"}],"predecessor-version":[{"id":8856,"href":"https:\/\/snowboardshop.hu\/en\/wp-json\/wp\/v2\/product\/5461\/revisions\/8856"}],"wp:featuredmedia":[{"embeddable":true,"href":"https:\/\/snowboardshop.hu\/en\/wp-json\/wp\/v2\/media\/4924"}],"wp:attachment":[{"href":"https:\/\/snowboardshop.hu\/en\/wp-json\/wp\/v2\/media?parent=5461"}],"wp:term":[{"taxonomy":"product_brand","embeddable":true,"href":"https:\/\/snowboardshop.hu\/en\/wp-json\/wp\/v2\/product_brand?post=5461"},{"taxonomy":"product_cat","embeddable":true,"href":"https:\/\/snowboardshop.hu\/en\/wp-json\/wp\/v2\/product_cat?post=5461"},{"taxonomy":"product_tag","embeddable":true,"href":"https:\/\/snowboardshop.hu\/en\/wp-json\/wp\/v2\/product_tag?post=5461"}],"curies":[{"name":"wp","href":"https:\/\/api.w.org\/{rel}","templated":true}]}}