{"id":5470,"date":"2020-10-16T11:07:52","date_gmt":"2020-10-16T09:07:52","guid":{"rendered":"https:\/\/snowboardshop.hu\/termek\/ride-mountainpig-2021-teszt-snowboard\/"},"modified":"2026-01-12T10:31:50","modified_gmt":"2026-01-12T09:31:50","slug":"ride-mountainpig-2021-teszt-snowboard","status":"publish","type":"product","link":"https:\/\/snowboardshop.hu\/en\/product\/ride-mountainpig-2021-teszt-snowboard\/","title":{"rendered":"Ride MountainPig 2025 159\/162 test snowboard"},"content":{"rendered":"<h3 dir=\"ltr\">RIDE Mountain Pig test snowboard<\/h3>\n<div dir=\"ltr\">Product description<\/div>\n<div dir=\"ltr\">The RIDE Pig Freeride board was created by crossing the WARPIG funboard series, which won many tests last year, and the previous, also very successful ALTER EGO series.<\/div>\n<div dir=\"ltr\">The Real big mountain freeride snowboard, for advanced riders, which exceeds the expectations of JONES freeride snowboards. Let&#039;s say it quickly: on groomed slopes, this is a perfect carving snowboard. However, it shows its true depth in real backcountry: a rocker nose floats beautifully on deep snow and the board can turn in a very small curve. The hawk-like tail floats in the deep snow like a fairy tale. I recommend it to both beginners and professional Freeride riders. Made of Highlife UL materials, with a carbon cross, popwall walls, and top-quality sole material. KORUA TRANNY Finder and JONES Mountain Twin will be worthy opponents.<\/div>\n<div dir=\"ltr\">\u00a0<\/div>\n<div dir=\"ltr\">RESULTS OF SNOWBORD TESTS:<\/div>\n<div dir=\"ltr\">CANADA BEST FREERIDE Snowboard 2016 1 PLACE<\/div>\n<div dir=\"ltr\">WHITLINES.COM 10 BEST SHAPE OF WORLD 2016<\/div>\n<div dir=\"ltr\">BACKCOUNTRY.COM TOP 50<\/div>\n<div dir=\"ltr\">\u00a0<\/div>\n<div dir=\"ltr\">\u00a0<\/div>\n<div dir=\"ltr\">\u00a0<\/div>\n<div dir=\"ltr\">Freestyle, half pipe 10\/6<\/div>\n<div dir=\"ltr\">Jumping, landing: 10\/8<\/div>\n<div dir=\"ltr\">Carving on treated track: 10\/10<\/div>\n<div dir=\"ltr\">Carving on ice rink: 10\/8<\/div>\n<div dir=\"ltr\">Deep snow, backcountry, freeride: 10\/10<\/div>\n<div dir=\"ltr\">Length: 160w, 164w<\/div>\n<div dir=\"ltr\">Edge length: 121, 125 cm<\/div>\n<div dir=\"ltr\">Nose: 310, 314 cm<\/div>\n<div dir=\"ltr\">Middle: 265, 268 cm<\/div>\n<div dir=\"ltr\">Back: 305, 309 cm<\/div>","protected":false},"excerpt":{"rendered":"<p>RIDE Mountain Pig teszt snowboard Term\u00e9kle\u00edr\u00e1s A RIDE Pig Freeride deszka a tavaly rengeteg tesztet nyert WARPIG\u00a0 funboard sz\u00e9ria \u00e9s a kor\u00e1bbi szint\u00e9n nagyon [&hellip;]<\/p>\n","protected":false},"featured_media":9322,"comment_status":"closed","ping_status":"closed","template":"","meta":{"om_disable_all_campaigns":false,"_monsterinsights_skip_tracking":false,"_monsterinsights_sitenote_active":false,"_monsterinsights_sitenote_note":"","_monsterinsights_sitenote_category":0},"product_brand":[],"product_cat":[15,58,17,11,7],"product_tag":[],"class_list":{"0":"post-5470","1":"product","2":"type-product","3":"status-publish","4":"has-post-thumbnail","6":"product_cat-apo-freestyle-si-freeride-snowboard","7":"product_cat-premium-teszt-snowbaordok","8":"product_cat-ride","9":"product_cat-surfboard-powderboard","10":"product_cat-snowboard-deszkak","12":"first","13":"instock","14":"sale","15":"shipping-taxable","16":"purchasable","17":"product-type-simple"},"aioseo_notices":[],"_links":{"self":[{"href":"https:\/\/snowboardshop.hu\/en\/wp-json\/wp\/v2\/product\/5470","targetHints":{"allow":["GET"]}}],"collection":[{"href":"https:\/\/snowboardshop.hu\/en\/wp-json\/wp\/v2\/product"}],"about":[{"href":"https:\/\/snowboardshop.hu\/en\/wp-json\/wp\/v2\/types\/product"}],"replies":[{"embeddable":true,"href":"https:\/\/snowboardshop.hu\/en\/wp-json\/wp\/v2\/comments?post=5470"}],"version-history":[{"count":2,"href":"https:\/\/snowboardshop.hu\/en\/wp-json\/wp\/v2\/product\/5470\/revisions"}],"predecessor-version":[{"id":9323,"href":"https:\/\/snowboardshop.hu\/en\/wp-json\/wp\/v2\/product\/5470\/revisions\/9323"}],"wp:featuredmedia":[{"embeddable":true,"href":"https:\/\/snowboardshop.hu\/en\/wp-json\/wp\/v2\/media\/9322"}],"wp:attachment":[{"href":"https:\/\/snowboardshop.hu\/en\/wp-json\/wp\/v2\/media?parent=5470"}],"wp:term":[{"taxonomy":"product_brand","embeddable":true,"href":"https:\/\/snowboardshop.hu\/en\/wp-json\/wp\/v2\/product_brand?post=5470"},{"taxonomy":"product_cat","embeddable":true,"href":"https:\/\/snowboardshop.hu\/en\/wp-json\/wp\/v2\/product_cat?post=5470"},{"taxonomy":"product_tag","embeddable":true,"href":"https:\/\/snowboardshop.hu\/en\/wp-json\/wp\/v2\/product_tag?post=5470"}],"curies":[{"name":"wp","href":"https:\/\/api.w.org\/{rel}","templated":true}]}}