{"id":5478,"date":"2020-10-16T11:21:46","date_gmt":"2020-10-16T09:21:46","guid":{"rendered":"https:\/\/snowboardshop.hu\/termek\/ride-superpig-2021-snowboard\/"},"modified":"2026-01-17T18:36:46","modified_gmt":"2026-01-17T17:36:46","slug":"ride-superpig-2021-snowboard","status":"publish","type":"product","link":"https:\/\/snowboardshop.hu\/en\/product\/ride-superpig-2021-snowboard\/","title":{"rendered":"Ride Superpig black snowboard deszka"},"content":{"rendered":"<h3 dir=\"ltr\">Ride Superpig 2021 snowboard<\/h3>\n<div dir=\"ltr\">Ride Superpig is an upgraded version of the famous Warpig. Due to the maximum edge retention, the Warpig&#039;s 3-fiber carbon cross was replaced with 5-fiber, and the Sintered base sole was replaced with a graphite sole filled with carbon nanoparticles. An even more drastic change is that the belly-rocker board was replaced with a camber board. This increased the top speed, but decreased the playability. The latitude and longitude parameters remained unchanged. They actually made a high-end edition of the bestseller Warpig.<\/div>\n<div dir=\"ltr\">\u00a0<\/div>\n<p>The &quot;warrior pig&quot; is the new pro model of RIDE snowboards. Big throw!<\/p>\n<p>It exists in five sizes, we bring ML-XL. Small and large snowboard at the same time. Ugly and wonderful in one person. Slalom board, &quot;breaking SLASH board&quot;, park board and Freeride snowboard at the same time. And it&#039;s all true! A completely unique board to which I could only compare the boards of YES OPTIMISTIC and 40\/20 or perhaps the limited boards of the Swiss KORUA.<br \/>Some special data: Radius up to 5.4-7.2 meters. Only YES has that.<br \/>It even brings a 154cm and 100kg person to the top of the virgin snow. <\/p>\n<p>Performance Cora, Carbon Array3 reinforcement, power &quot;slimewalls&quot; side reinforcement.<br \/>Large rocker zone in the nose, smaller in the rear. Cambered between the legs.<br \/>Nose 321mm stern 311m. It can make twice as many turns as traditional snowboards. Yes, &quot;pig&quot;. And, it&#039;s not expensive.<\/p>\n<p>Length XL: 158 cm<\/p>\n<p>Effect edge XL: 117 cm<br \/>Weight XL: 77-110 kg\u00a0<\/p>\n<p>Radius: 5.9-7.2 m<\/p>\n<p>Shoes: up to 50<\/p>\n<p>Length L: 154 cm<\/p>\n<p>Effect edge L: 114 cm<br \/>Weight L: 63-90 kg\u00a0<\/p>\n<p>Radius: 5.6-6.9 m<\/p>\n<p>Shoes: up to 48<\/p>\n<p>Length M: 151cm\u00a0<\/p>\n<p>Effect edge M: 112 cm<br \/>Weight M: 59-86 kg\u00a0<\/p>\n<p>Radius: 5.4-6.5 m<\/p>\n<p>Shoes: up to 46<\/p>\n<div dir=\"ltr\"><span style=\"text-decoration: underline;\">Rating on a scale of 10\u00a0\u00a0\u00a0<\/span><\/div>\n<div dir=\"ltr\">Freestyle tricks, jib, half pipe: 10<\/div>\n<div dir=\"ltr\">Jumps, landings: 10<\/div>\n<div dir=\"ltr\">Carving on a treated track: 10<\/div>\n<div dir=\"ltr\">Carving on an ice track: 7<\/div>\n<div dir=\"ltr\">Deep snow, backcountry, freeride: 9<\/div>\n<div dir=\"ltr\">Bending, hardness: 6<\/div>","protected":false},"excerpt":{"rendered":"<p>Ride Superpig 2021 snowboard A Ride Superpig a h\u00edres Warpig feler\u0151s\u00edtett v\u00e1ltozata. A maxim\u00e1lis \u00e9ltart\u00e1s miatt a Warpig 3 sz\u00e1las carbonkeresztj\u00e9t 5sz\u00e1lasra cser\u00e9lt\u00e9k, a [&hellip;]<\/p>\n","protected":false},"featured_media":5479,"comment_status":"closed","ping_status":"closed","template":"","meta":{"om_disable_all_campaigns":false,"_monsterinsights_skip_tracking":false,"_monsterinsights_sitenote_active":false,"_monsterinsights_sitenote_note":"","_monsterinsights_sitenote_category":0},"product_brand":[],"product_cat":[15,17,11,75,7,115],"product_tag":[],"class_list":{"0":"post-5478","1":"product","2":"type-product","3":"status-publish","4":"has-post-thumbnail","6":"product_cat-apo-freestyle-si-freeride-snowboard","7":"product_cat-ride","8":"product_cat-surfboard-powderboard","9":"product_cat-szelesitett-wide-snowboards","10":"product_cat-snowboard-deszkak","11":"product_cat-best-snowboards","13":"first","14":"instock","15":"sale","16":"shipping-taxable","17":"purchasable","18":"product-type-simple"},"aioseo_notices":[],"_links":{"self":[{"href":"https:\/\/snowboardshop.hu\/en\/wp-json\/wp\/v2\/product\/5478","targetHints":{"allow":["GET"]}}],"collection":[{"href":"https:\/\/snowboardshop.hu\/en\/wp-json\/wp\/v2\/product"}],"about":[{"href":"https:\/\/snowboardshop.hu\/en\/wp-json\/wp\/v2\/types\/product"}],"replies":[{"embeddable":true,"href":"https:\/\/snowboardshop.hu\/en\/wp-json\/wp\/v2\/comments?post=5478"}],"version-history":[{"count":3,"href":"https:\/\/snowboardshop.hu\/en\/wp-json\/wp\/v2\/product\/5478\/revisions"}],"predecessor-version":[{"id":9724,"href":"https:\/\/snowboardshop.hu\/en\/wp-json\/wp\/v2\/product\/5478\/revisions\/9724"}],"wp:featuredmedia":[{"embeddable":true,"href":"https:\/\/snowboardshop.hu\/en\/wp-json\/wp\/v2\/media\/5479"}],"wp:attachment":[{"href":"https:\/\/snowboardshop.hu\/en\/wp-json\/wp\/v2\/media?parent=5478"}],"wp:term":[{"taxonomy":"product_brand","embeddable":true,"href":"https:\/\/snowboardshop.hu\/en\/wp-json\/wp\/v2\/product_brand?post=5478"},{"taxonomy":"product_cat","embeddable":true,"href":"https:\/\/snowboardshop.hu\/en\/wp-json\/wp\/v2\/product_cat?post=5478"},{"taxonomy":"product_tag","embeddable":true,"href":"https:\/\/snowboardshop.hu\/en\/wp-json\/wp\/v2\/product_tag?post=5478"}],"curies":[{"name":"wp","href":"https:\/\/api.w.org\/{rel}","templated":true}]}}