{"id":5627,"date":"2020-12-11T11:24:22","date_gmt":"2020-12-11T10:24:22","guid":{"rendered":"https:\/\/snowboardshop.hu\/termek\/viking-dupla-protektoros-snowboard-kesztyu\/"},"modified":"2025-02-14T16:36:59","modified_gmt":"2025-02-14T15:36:59","slug":"viking-dupla-protektoros-snowboard-kesztyu","status":"publish","type":"product","link":"https:\/\/snowboardshop.hu\/en\/product\/viking-dupla-protektoros-snowboard-kesztyu\/","title":{"rendered":"Dakine Wristguard double protector snowboard gloves"},"content":{"rendered":"<p>Dakine&#039;s popular European long-handled double-protector snowboard gloves.\u00a0<br \/>\nThis glove model is one of the Jolly Jokers in their range. It has a long stem, so I also recommend it for snowy days, and its wrist guard secures our wrists at the bottom and at the top. The protective parts can be removed when washing. The high water resistance is ensured by the DRY TEC membrane that runs along the entire length of the glove. The wrist guards are held together by a wide strap. The material of the palm is genuine RUBBERTEC, the material of the upper part is Cordura. The lining is warm PRIMALOFT, but it is not removable. Only in 5-finger version! One of our bestselling protective gloves!<\/p>\n<p>The wrist guards can be removed from the palm and back of the hand.<\/p>","protected":false},"excerpt":{"rendered":"<p>A Dakine eur\u00f3pa elterjedt dupla protektoros hossz\u00fa sz\u00e1r\u00fa snowboard keszty\u0171je.\u00a0 Ez a keszty\u0171modell az egyik\u00a0 Jolly Joker a k\u00edn\u00e1latukban. Hossz\u00fasz\u00e1r\u00fa, ez\u00e9rt sz\u0171zhavas napokra is [&hellip;]<\/p>\n","protected":false},"featured_media":8225,"comment_status":"closed","ping_status":"closed","template":"","meta":{"om_disable_all_campaigns":false,"_monsterinsights_skip_tracking":false,"_monsterinsights_sitenote_active":false,"_monsterinsights_sitenote_note":"","_monsterinsights_sitenote_category":0},"product_brand":[],"product_cat":[38,10],"product_tag":[],"class_list":{"0":"post-5627","1":"product","2":"type-product","3":"status-publish","4":"has-post-thumbnail","6":"product_cat-kesztyuk","7":"product_cat-ruhazat-es-vedok","9":"first","10":"instock","11":"shipping-taxable","12":"purchasable","13":"product-type-simple"},"aioseo_notices":[],"_links":{"self":[{"href":"https:\/\/snowboardshop.hu\/en\/wp-json\/wp\/v2\/product\/5627","targetHints":{"allow":["GET"]}}],"collection":[{"href":"https:\/\/snowboardshop.hu\/en\/wp-json\/wp\/v2\/product"}],"about":[{"href":"https:\/\/snowboardshop.hu\/en\/wp-json\/wp\/v2\/types\/product"}],"replies":[{"embeddable":true,"href":"https:\/\/snowboardshop.hu\/en\/wp-json\/wp\/v2\/comments?post=5627"}],"version-history":[{"count":4,"href":"https:\/\/snowboardshop.hu\/en\/wp-json\/wp\/v2\/product\/5627\/revisions"}],"predecessor-version":[{"id":8226,"href":"https:\/\/snowboardshop.hu\/en\/wp-json\/wp\/v2\/product\/5627\/revisions\/8226"}],"wp:featuredmedia":[{"embeddable":true,"href":"https:\/\/snowboardshop.hu\/en\/wp-json\/wp\/v2\/media\/8225"}],"wp:attachment":[{"href":"https:\/\/snowboardshop.hu\/en\/wp-json\/wp\/v2\/media?parent=5627"}],"wp:term":[{"taxonomy":"product_brand","embeddable":true,"href":"https:\/\/snowboardshop.hu\/en\/wp-json\/wp\/v2\/product_brand?post=5627"},{"taxonomy":"product_cat","embeddable":true,"href":"https:\/\/snowboardshop.hu\/en\/wp-json\/wp\/v2\/product_cat?post=5627"},{"taxonomy":"product_tag","embeddable":true,"href":"https:\/\/snowboardshop.hu\/en\/wp-json\/wp\/v2\/product_tag?post=5627"}],"curies":[{"name":"wp","href":"https:\/\/api.w.org\/{rel}","templated":true}]}}