{"id":5679,"date":"2021-10-22T09:12:32","date_gmt":"2021-10-22T07:12:32","guid":{"rendered":"https:\/\/snowboardshop.hu\/termek\/jones-dreamcatcher-2022-noi-snowboard\/"},"modified":"2022-11-08T10:12:11","modified_gmt":"2022-11-08T09:12:11","slug":"jones-dreamcatcher-2022-noi-snowboard","status":"publish","type":"product","link":"https:\/\/snowboardshop.hu\/en\/product\/jones-dreamcatcher-2022-noi-snowboard\/","title":{"rendered":"Jones DreamCatcher 2022 women&#039;s snowboard"},"content":{"rendered":"<h3>Jones DreamCatcher women&#039;s snowboard\u00a0<\/h3>\n<p>The Dream Catcher can also catch the dreams of domestic snowboarding girls.<br \/>The design, like many JONES snowboards, comes from the famous English landscape painter RP Roberts. It&#039;s interesting, in British Columbia, not far from Jeremy JONES&#039;s house, in an Indian museum, I saw &quot;dream catchers&quot; with foreskin...<br \/>The board resembles the popular Explorer for boys; relatively soft flex, all-mountain freeride board, with lots of playful freestyle strokes.<br \/>It&#039;s easy to snowboard with it, it&#039;s enjoyable with relatively little knowledge, but it&#039;s also great for jumping, landing, nose and tail sliding.<br \/>However, like all JONES snowboards, it is super-turnable and thanks to the directional rocker\/CAMBER hybrid construction, it is a very precise carve board even on steep slopes.<br \/>Beautiful, light, durable board. EXPLORER in a female perspective.<br \/>Sizes: 148, 151, 154cm<\/p>","protected":false},"excerpt":{"rendered":"<p>Jones DreamCatcher n\u0151i snowboard\u00a0 A Dream Catcher a hazai snowboardos l\u00e1nyok \u00e1lm\u00e1t is elkaphatja.A Design mint sok JONES snowboardlapn\u00e1l, a h\u00edres angol t\u00e1jk\u00e9pfest\u0151t\u0151l, RP [&hellip;]<\/p>\n","protected":false},"featured_media":5680,"comment_status":"closed","ping_status":"closed","template":"","meta":{"om_disable_all_campaigns":false,"_monsterinsights_skip_tracking":false,"_monsterinsights_sitenote_active":false,"_monsterinsights_sitenote_note":"","_monsterinsights_sitenote_category":0},"product_brand":[],"product_cat":[15,13,62,7],"product_tag":[],"class_list":{"0":"post-5679","1":"product","2":"type-product","3":"status-publish","4":"has-post-thumbnail","6":"product_cat-apo-freestyle-si-freeride-snowboard","7":"product_cat-jones","8":"product_cat-noi-snowboardok","9":"product_cat-snowboard-deszkak","11":"first","12":"outofstock","13":"sale","14":"shipping-taxable","15":"purchasable","16":"product-type-simple"},"aioseo_notices":[],"_links":{"self":[{"href":"https:\/\/snowboardshop.hu\/en\/wp-json\/wp\/v2\/product\/5679","targetHints":{"allow":["GET"]}}],"collection":[{"href":"https:\/\/snowboardshop.hu\/en\/wp-json\/wp\/v2\/product"}],"about":[{"href":"https:\/\/snowboardshop.hu\/en\/wp-json\/wp\/v2\/types\/product"}],"replies":[{"embeddable":true,"href":"https:\/\/snowboardshop.hu\/en\/wp-json\/wp\/v2\/comments?post=5679"}],"version-history":[{"count":1,"href":"https:\/\/snowboardshop.hu\/en\/wp-json\/wp\/v2\/product\/5679\/revisions"}],"predecessor-version":[{"id":5942,"href":"https:\/\/snowboardshop.hu\/en\/wp-json\/wp\/v2\/product\/5679\/revisions\/5942"}],"wp:featuredmedia":[{"embeddable":true,"href":"https:\/\/snowboardshop.hu\/en\/wp-json\/wp\/v2\/media\/5680"}],"wp:attachment":[{"href":"https:\/\/snowboardshop.hu\/en\/wp-json\/wp\/v2\/media?parent=5679"}],"wp:term":[{"taxonomy":"product_brand","embeddable":true,"href":"https:\/\/snowboardshop.hu\/en\/wp-json\/wp\/v2\/product_brand?post=5679"},{"taxonomy":"product_cat","embeddable":true,"href":"https:\/\/snowboardshop.hu\/en\/wp-json\/wp\/v2\/product_cat?post=5679"},{"taxonomy":"product_tag","embeddable":true,"href":"https:\/\/snowboardshop.hu\/en\/wp-json\/wp\/v2\/product_tag?post=5679"}],"curies":[{"name":"wp","href":"https:\/\/api.w.org\/{rel}","templated":true}]}}