{"id":5768,"date":"2021-12-13T14:37:51","date_gmt":"2021-12-13T13:37:51","guid":{"rendered":"https:\/\/snowboardshop.hu\/termek\/sp-splitboard-snowboard-koetes\/"},"modified":"2025-01-16T08:32:01","modified_gmt":"2025-01-16T07:32:01","slug":"sp-splitboard-snowboard-koetes","status":"publish","type":"product","link":"https:\/\/snowboardshop.hu\/en\/product\/sp-splitboard-snowboard-koetes\/","title":{"rendered":"SP Splitboard snowboard binding + touring interface"},"content":{"rendered":"<p>Premium quality, super light T6 aluminum splitboard binding with quick hook at the nose, Voil\u00e9 compatible.<\/p>\n<p>Step lifter and nose connector are part of the set, but the Voil\u00e9 plastic discs must be purchased separately.<\/p>","protected":false},"excerpt":{"rendered":"<p>Pr\u00e9mium min\u0151s\u00e9g\u0171, szuper k\u00f6nny\u0171 T6 alum\u00edniumb\u00f3l k\u00e9sz\u00fclt splitboard k\u00f6t\u00e9s, gyors akaszt\u00f3val az orr\u00e1n\u00e1l, Voil\u00e9 kompatibilis. L\u00e9pes emel\u0151 \u00e9s orr csatlakoz\u00f3 a szett r\u00e9sze, de [&hellip;]<\/p>\n","protected":false},"featured_media":5769,"comment_status":"closed","ping_status":"closed","template":"","meta":{"om_disable_all_campaigns":false,"_monsterinsights_skip_tracking":false,"_monsterinsights_sitenote_active":false,"_monsterinsights_sitenote_note":"","_monsterinsights_sitenote_category":0},"product_brand":[],"product_cat":[40,47,80,82,7,8],"product_tag":[],"class_list":{"0":"post-5768","1":"product","2":"type-product","3":"status-publish","4":"has-post-thumbnail","6":"product_cat-backcountry-felszerelesek-kiegeszitok","7":"product_cat-sp-kotesek","8":"product_cat-split-boards","9":"product_cat-splitboard-koetes","10":"product_cat-snowboard-deszkak","11":"product_cat-snowboard-kotesek","13":"first","14":"instock","15":"shipping-taxable","16":"purchasable","17":"product-type-simple"},"aioseo_notices":[],"_links":{"self":[{"href":"https:\/\/snowboardshop.hu\/en\/wp-json\/wp\/v2\/product\/5768","targetHints":{"allow":["GET"]}}],"collection":[{"href":"https:\/\/snowboardshop.hu\/en\/wp-json\/wp\/v2\/product"}],"about":[{"href":"https:\/\/snowboardshop.hu\/en\/wp-json\/wp\/v2\/types\/product"}],"replies":[{"embeddable":true,"href":"https:\/\/snowboardshop.hu\/en\/wp-json\/wp\/v2\/comments?post=5768"}],"version-history":[{"count":1,"href":"https:\/\/snowboardshop.hu\/en\/wp-json\/wp\/v2\/product\/5768\/revisions"}],"predecessor-version":[{"id":6618,"href":"https:\/\/snowboardshop.hu\/en\/wp-json\/wp\/v2\/product\/5768\/revisions\/6618"}],"wp:featuredmedia":[{"embeddable":true,"href":"https:\/\/snowboardshop.hu\/en\/wp-json\/wp\/v2\/media\/5769"}],"wp:attachment":[{"href":"https:\/\/snowboardshop.hu\/en\/wp-json\/wp\/v2\/media?parent=5768"}],"wp:term":[{"taxonomy":"product_brand","embeddable":true,"href":"https:\/\/snowboardshop.hu\/en\/wp-json\/wp\/v2\/product_brand?post=5768"},{"taxonomy":"product_cat","embeddable":true,"href":"https:\/\/snowboardshop.hu\/en\/wp-json\/wp\/v2\/product_cat?post=5768"},{"taxonomy":"product_tag","embeddable":true,"href":"https:\/\/snowboardshop.hu\/en\/wp-json\/wp\/v2\/product_tag?post=5768"}],"curies":[{"name":"wp","href":"https:\/\/api.w.org\/{rel}","templated":true}]}}