{"id":5802,"date":"2022-01-06T11:30:35","date_gmt":"2022-01-06T10:30:35","guid":{"rendered":"https:\/\/snowboardshop.hu\/termek\/mammut-cartridge-refillable-207-bar-alu-empty-lavinapalack\/"},"modified":"2022-12-13T10:58:12","modified_gmt":"2022-12-13T09:58:12","slug":"mammut-cartridge-refillable-207-bar-alu-empty-lavinapalack","status":"publish","type":"product","link":"https:\/\/snowboardshop.hu\/en\/product\/mammut-cartridge-refillable-207-bar-alu-empty-lavinapalack\/","title":{"rendered":"Mammut Cartridge Refillable 207 Bar Alu empty- AVALANCHE BOTTLE"},"content":{"rendered":"<p>Mammut Cartridge Refillable 207 Bar Alu empty- AVALANCHE BOTTLE<\/p>\n<p>Mammut&#039;s aluminum avalanche airbag bottle can be refilled as many times as needed.<\/p>\n<p>_______<\/p>\n<p>MAMMUT Snowpulse RAS Airbag installable avalanche airbag system\u00a0<\/p>\n<p>It can be installed in any backpack that is equipped with an avalanche airbag (e.g.: JONES 45liter, MAMMUT backpacks, etc.)<\/p>\n<p>We recommend a refillable Snow Pulse aluminum bottle.<\/p>\n<div dir=\"ltr\">One of the world&#039;s lightest and fastest opening avalanche airbags, which we saw in countless freeride movies on Jeremy Jones.<\/div>\n<div dir=\"ltr\">Weight: 700 gr<\/div>\n<div dir=\"ltr\">Weight with airbag system and cartridge: 1000gr<\/div>\n<div dir=\"ltr\">Cartridge included: No<\/div>\n<div dir=\"ltr\">Airbag system: Removable airbag system<\/div>\n<div dir=\"ltr\">Solving\/Charging time: 3 sec<\/div>\n<div dir=\"ltr\">Airbag volume: 150 l<\/div>\n<div dir=\"ltr\">Very small packing volume: Fully integrated into the backpack. It does not prevent internal packing and arrangement.<\/div>\n<div dir=\"ltr\">Faster finding of buried persons thanks to the bright color.<\/div>\n<div dir=\"ltr\">The lightest airbag system<\/div>\n<div dir=\"ltr\">Removable airbag system\u00a0<\/div>\n<div dir=\"ltr\">Screw-in: screw in the cartridge and the system is immediately ready for use<\/div>\n<div dir=\"ltr\">Application range: between -30 \u00b0C and +40 \u00b0C<\/div>\n<div dir=\"ltr\">\u00a0<\/div>\n<div dir=\"ltr\">Reliable: The energy storage of compressed gas is not affected by weather and temperature.<\/div>\n<div dir=\"ltr\">Full flexibility: The user can remove the system from the backpack and transfer it to another backpack. The backpack can also be used for other activities.<\/div>\n<div dir=\"ltr\">\u00a0<\/div>\n<div dir=\"ltr\">\u00a0<\/div>","protected":false},"excerpt":{"rendered":"<p>Mammut Cartridge Refillable 207 Bar Alu empty- LAVINAPALACK A Mammut alum\u00edniumb\u00f3l k\u00e9sz\u00fclt ak\u00e1rh\u00e1nyszor \u00fajrat\u00f6lthet\u0151 lavinal\u00e9gzs\u00e1k palackja. _______ MAMMUT Snowpulse RAS Airbag beszerelhet\u0151 lavinal\u00e9gzs\u00e1k sziszt\u00e9ma\u00a0 [&hellip;]<\/p>\n","protected":false},"featured_media":5803,"comment_status":"closed","ping_status":"closed","template":"","meta":{"om_disable_all_campaigns":false,"_monsterinsights_skip_tracking":false,"_monsterinsights_sitenote_active":false,"_monsterinsights_sitenote_note":"","_monsterinsights_sitenote_category":0},"product_brand":[],"product_cat":[78,40,39,69,10],"product_tag":[],"class_list":{"0":"post-5802","1":"product","2":"type-product","3":"status-publish","4":"has-post-thumbnail","6":"product_cat-ajandekok-gifts","7":"product_cat-backcountry-felszerelesek-kiegeszitok","8":"product_cat-snowboard-zsakok-hatizsakok","9":"product_cat-kiegeszitok-accessories","10":"product_cat-ruhazat-es-vedok","12":"first","13":"instock","14":"shipping-taxable","15":"purchasable","16":"product-type-simple"},"aioseo_notices":[],"_links":{"self":[{"href":"https:\/\/snowboardshop.hu\/en\/wp-json\/wp\/v2\/product\/5802","targetHints":{"allow":["GET"]}}],"collection":[{"href":"https:\/\/snowboardshop.hu\/en\/wp-json\/wp\/v2\/product"}],"about":[{"href":"https:\/\/snowboardshop.hu\/en\/wp-json\/wp\/v2\/types\/product"}],"replies":[{"embeddable":true,"href":"https:\/\/snowboardshop.hu\/en\/wp-json\/wp\/v2\/comments?post=5802"}],"version-history":[{"count":1,"href":"https:\/\/snowboardshop.hu\/en\/wp-json\/wp\/v2\/product\/5802\/revisions"}],"predecessor-version":[{"id":6824,"href":"https:\/\/snowboardshop.hu\/en\/wp-json\/wp\/v2\/product\/5802\/revisions\/6824"}],"wp:featuredmedia":[{"embeddable":true,"href":"https:\/\/snowboardshop.hu\/en\/wp-json\/wp\/v2\/media\/5803"}],"wp:attachment":[{"href":"https:\/\/snowboardshop.hu\/en\/wp-json\/wp\/v2\/media?parent=5802"}],"wp:term":[{"taxonomy":"product_brand","embeddable":true,"href":"https:\/\/snowboardshop.hu\/en\/wp-json\/wp\/v2\/product_brand?post=5802"},{"taxonomy":"product_cat","embeddable":true,"href":"https:\/\/snowboardshop.hu\/en\/wp-json\/wp\/v2\/product_cat?post=5802"},{"taxonomy":"product_tag","embeddable":true,"href":"https:\/\/snowboardshop.hu\/en\/wp-json\/wp\/v2\/product_tag?post=5802"}],"curies":[{"name":"wp","href":"https:\/\/api.w.org\/{rel}","templated":true}]}}