{"id":5805,"date":"2022-01-06T12:19:00","date_gmt":"2022-01-06T11:19:00","guid":{"rendered":"https:\/\/snowboardshop.hu\/termek\/bca-float-22-blue-airbag-lavinazsak-nem-tartalmaz-palackot-palack-50-000-ft\/"},"modified":"2023-11-10T16:18:24","modified_gmt":"2023-11-10T15:18:24","slug":"bca-float-22-blue-airbag-lavinazsak-nem-tartalmaz-palackot-palack-50-000-ft","status":"publish","type":"product","link":"https:\/\/snowboardshop.hu\/en\/product\/bca-float-22-blue-airbag-lavinazsak-nem-tartalmaz-palackot-palack-50-000-ft\/","title":{"rendered":"BCA Float 22 Blue Airbag avalanche bag (does not include bottle, bottle + HUF 65,000)"},"content":{"rendered":"<p>The BCA Float 22 is a super-light, compressed air-powered avalanche bag made by BCA&#039;s American factory.<br \/>Currently the smallest, lightest rechargeable avalanche airbag on the snowboard market.<br \/>Of course, it includes the board attachment for backcountry tours, as well as a single-air, 22-liter cargo area. Snowboards, splitboards, and touring skis can also be attached to it, and the inner pockets are detailed for avalanche accessories.<\/p>\n<p>Elastic helmet attachment option on the outside.<br \/>Back protector included!<br \/>The price is without the bottle.<\/p>\n<p>&nbsp;<\/p>","protected":false},"excerpt":{"rendered":"<p>A BCA Float 22 egy szuper-k\u00f6nny\u0171, s\u0171r\u00edtett leveg\u0151vel m\u0171k\u00f6d\u0151 lavinazs\u00e1k, amelyet a BCA amerikai gy\u00e1ra k\u00e9sz\u00edt.Jelenleg a legkisebb, legk\u00f6nnyebb \u00fajrat\u00f6lthet\u0151 lavinal\u00e9gzs\u00e1k a snowboardpiacon.Term\u00e9szetesen megtal\u00e1lhat\u00f3 [&hellip;]<\/p>\n","protected":false},"featured_media":5806,"comment_status":"closed","ping_status":"closed","template":"","meta":{"om_disable_all_campaigns":false,"_monsterinsights_skip_tracking":false,"_monsterinsights_sitenote_active":false,"_monsterinsights_sitenote_note":"","_monsterinsights_sitenote_category":0},"product_brand":[],"product_cat":[78,40,39,69,10],"product_tag":[],"class_list":{"0":"post-5805","1":"product","2":"type-product","3":"status-publish","4":"has-post-thumbnail","6":"product_cat-ajandekok-gifts","7":"product_cat-backcountry-felszerelesek-kiegeszitok","8":"product_cat-snowboard-zsakok-hatizsakok","9":"product_cat-kiegeszitok-accessories","10":"product_cat-ruhazat-es-vedok","12":"first","13":"instock","14":"shipping-taxable","15":"purchasable","16":"product-type-simple"},"aioseo_notices":[],"_links":{"self":[{"href":"https:\/\/snowboardshop.hu\/en\/wp-json\/wp\/v2\/product\/5805","targetHints":{"allow":["GET"]}}],"collection":[{"href":"https:\/\/snowboardshop.hu\/en\/wp-json\/wp\/v2\/product"}],"about":[{"href":"https:\/\/snowboardshop.hu\/en\/wp-json\/wp\/v2\/types\/product"}],"replies":[{"embeddable":true,"href":"https:\/\/snowboardshop.hu\/en\/wp-json\/wp\/v2\/comments?post=5805"}],"version-history":[{"count":2,"href":"https:\/\/snowboardshop.hu\/en\/wp-json\/wp\/v2\/product\/5805\/revisions"}],"predecessor-version":[{"id":6891,"href":"https:\/\/snowboardshop.hu\/en\/wp-json\/wp\/v2\/product\/5805\/revisions\/6891"}],"wp:featuredmedia":[{"embeddable":true,"href":"https:\/\/snowboardshop.hu\/en\/wp-json\/wp\/v2\/media\/5806"}],"wp:attachment":[{"href":"https:\/\/snowboardshop.hu\/en\/wp-json\/wp\/v2\/media?parent=5805"}],"wp:term":[{"taxonomy":"product_brand","embeddable":true,"href":"https:\/\/snowboardshop.hu\/en\/wp-json\/wp\/v2\/product_brand?post=5805"},{"taxonomy":"product_cat","embeddable":true,"href":"https:\/\/snowboardshop.hu\/en\/wp-json\/wp\/v2\/product_cat?post=5805"},{"taxonomy":"product_tag","embeddable":true,"href":"https:\/\/snowboardshop.hu\/en\/wp-json\/wp\/v2\/product_tag?post=5805"}],"curies":[{"name":"wp","href":"https:\/\/api.w.org\/{rel}","templated":true}]}}