{"id":6244,"date":"2022-10-25T10:52:37","date_gmt":"2022-10-25T08:52:37","guid":{"rendered":"https:\/\/snowboardshop.hu\/?post_type=product&#038;p=6244"},"modified":"2023-03-03T11:40:17","modified_gmt":"2023-03-03T10:40:17","slug":"jones-meteorite-eclipse-black-2023-snowboardkotes","status":"publish","type":"product","link":"https:\/\/snowboardshop.hu\/en\/product\/jones-meteorite-eclipse-black-2023-snowboardkotes\/","title":{"rendered":"JONES Meteorite Eclipse Black 2023 snowboard binding"},"content":{"rendered":"<h3 dir=\"ltr\">JONES Meteorite 2023 snowboard binding<\/h3>\n<div dir=\"ltr\">The new JONES Meteorite snowboard binding is made for ALLMOUNTAIN freeriders who want exceptional edge control, resistance and comfort with exceptional maneuverability and medium flexindex.t<\/div>\n<div dir=\"ltr\">The back of this binding is made with JONES exclusive Carbon Flex Hinge technology. This backrest gently transfers the force to the legs, effectively absorbs shocks and eliminates pain in the legs.<\/div>\n<div dir=\"ltr\">Jeremy&#039;s snowboard binding is made with the revolutionary NOW SKATE-INFLUENCE technique.<\/div>\n<div dir=\"ltr\">In contrast to traditional snowboard bindings, these bindings do not transfer the force to the snowboard sheet through the disc in the middle, but through special silicone pads located at the four corners of the snowboard binding. This can be achieved by swinging the disc in the middle on a special swing mechanism, moving completely together with the surface of the board. Thus, no force passes through the center at all, the disc of the snowboard binding swings. Thus, the force that we apply to the edge of the snowboard appears directly above the edge on the edge of the snowboard board. This gives a much finer, skateboarding feeling, a real &quot;SKATE feeling&quot;.<\/div>\n<div dir=\"ltr\">And with the silicone soles on the four corners of the binding, you can set any fineness of FLEX INDEX, with perfect fineness.<\/div>\n<div dir=\"ltr\">According to the company, those who try this bandage will never use another.<\/div>\n<div dir=\"ltr\">Easy controllability, responsive gliding, perfect vibration absorption, carbon-containing, unbreakable plastics, Carbon-Nylon disc, HYBRID FLIPIT straps, completely new type of metal buckles characterize the world&#039;s leading soft binding.<\/div>\n<div dir=\"ltr\">Lifetime warranty and adjustable flex index up to 7-10!<\/div>\n<div dir=\"ltr\">The Meteorite binding can be used in Surf mode or Freeride mode, depending on how the special FLIP-It strap is turned or reversed. The strap turned to Surf mode gives maximum twisting ability when gliding, and the Freeride strap position gives the best reaction time and responsiveness.<\/div>\n<div dir=\"ltr\">This binding set the most Guinness World Records in the world of snowboarding.<\/div>\n<div dir=\"ltr\">Jeremy&#039;s snowboard binding is made with the revolutionary NOW SKATE-INFLUENCE technique.<\/div>\n<div dir=\"ltr\">In contrast to traditional snowboard bindings, these bindings do not transfer the force to the snowboard sheet through the disc in the middle, but through special silicone pads located at the four corners of the snowboard binding. This can be achieved by swinging the disc in the middle on a special swing mechanism, moving completely together with the surface of the board. Thus, no force passes through the center at all, the disc of the snowboard binding swings. Thus, the force that we apply to the edge of the snowboard appears directly above the edge on the edge of the snowboard board. This gives a much finer, skateboarding feeling, a real &quot;SKATE feeling&quot;.<\/div>\n<div dir=\"ltr\">And with the silicone soles on the four corners of the binding, you can set any fineness of FLEX INDEX, with perfect fineness.<\/div>\n<div dir=\"ltr\">According to the company, those who try this bandage will never use another.<\/div>\n<div dir=\"ltr\">Easy controllability, responsive gliding, perfect vibration absorption, carbon-containing, unbreakable plastics, T6160 aluminum disc, HYBRID FLIPIT straps, completely new type of metal buckles characterize the world&#039;s leading soft binding.<\/div>\n<div dir=\"ltr\">Lifetime warranty and flex index adjustable from 5-8.<\/div>\n<div dir=\"ltr\">\u00a0<\/div>","protected":false},"excerpt":{"rendered":"<p>JONES Meteorite 2023 snowboardk\u00f6t\u00e9s Az \u00faj JONES Meteorite snowboardk\u00f6t\u00e9s ALLMOUNTAIN\u00a0 freeridereknek k\u00e9sz\u00fcl akik kiv\u00e9teles \u00e9l kontrollt, ellen\u00e1ll\u00f3s\u00e1got \u00e9s k\u00e9nyelmet szeretn\u00e9nek rendk\u00edv\u00fcli man\u0151verezhet\u0151s\u00e9ggel \u00e9s k\u00f6zepes [&hellip;]<\/p>\n","protected":false},"featured_media":6245,"comment_status":"closed","ping_status":"closed","template":"","meta":{"om_disable_all_campaigns":false,"_monsterinsights_skip_tracking":false,"_monsterinsights_sitenote_active":false,"_monsterinsights_sitenote_note":"","_monsterinsights_sitenote_category":0},"product_brand":[],"product_cat":[48,8],"product_tag":[],"class_list":{"0":"post-6244","1":"product","2":"type-product","3":"status-publish","4":"has-post-thumbnail","6":"product_cat-jones-kotesek","7":"product_cat-snowboard-kotesek","9":"first","10":"instock","11":"shipping-taxable","12":"purchasable","13":"product-type-simple"},"aioseo_notices":[],"_links":{"self":[{"href":"https:\/\/snowboardshop.hu\/en\/wp-json\/wp\/v2\/product\/6244","targetHints":{"allow":["GET"]}}],"collection":[{"href":"https:\/\/snowboardshop.hu\/en\/wp-json\/wp\/v2\/product"}],"about":[{"href":"https:\/\/snowboardshop.hu\/en\/wp-json\/wp\/v2\/types\/product"}],"replies":[{"embeddable":true,"href":"https:\/\/snowboardshop.hu\/en\/wp-json\/wp\/v2\/comments?post=6244"}],"version-history":[{"count":1,"href":"https:\/\/snowboardshop.hu\/en\/wp-json\/wp\/v2\/product\/6244\/revisions"}],"predecessor-version":[{"id":6246,"href":"https:\/\/snowboardshop.hu\/en\/wp-json\/wp\/v2\/product\/6244\/revisions\/6246"}],"wp:featuredmedia":[{"embeddable":true,"href":"https:\/\/snowboardshop.hu\/en\/wp-json\/wp\/v2\/media\/6245"}],"wp:attachment":[{"href":"https:\/\/snowboardshop.hu\/en\/wp-json\/wp\/v2\/media?parent=6244"}],"wp:term":[{"taxonomy":"product_brand","embeddable":true,"href":"https:\/\/snowboardshop.hu\/en\/wp-json\/wp\/v2\/product_brand?post=6244"},{"taxonomy":"product_cat","embeddable":true,"href":"https:\/\/snowboardshop.hu\/en\/wp-json\/wp\/v2\/product_cat?post=6244"},{"taxonomy":"product_tag","embeddable":true,"href":"https:\/\/snowboardshop.hu\/en\/wp-json\/wp\/v2\/product_tag?post=6244"}],"curies":[{"name":"wp","href":"https:\/\/api.w.org\/{rel}","templated":true}]}}