{"id":6335,"date":"2022-10-25T15:16:25","date_gmt":"2022-10-25T13:16:25","guid":{"rendered":"https:\/\/snowboardshop.hu\/?post_type=product&#038;p=6335"},"modified":"2025-11-04T18:53:44","modified_gmt":"2025-11-04T17:53:44","slug":"ride-zero-jr-147-2022-noi-teszt-snowboard","status":"publish","type":"product","link":"https:\/\/snowboardshop.hu\/en\/product\/ride-zero-jr-147-2022-noi-teszt-snowboard\/","title":{"rendered":"Ride Zero JR 147 2025 women&#039;s test snowboard"},"content":{"rendered":"<h3>Ride Zero JR 2022 women&#039;s test snowboard<\/h3>\n<p>Ride&#039;s women&#039;s freestyle snowboard at a good price. The design is completely unique, the sheet is easy to use, can be attached to anything, soft but strong!<\/p>\n<table>\n<tbody>\n<tr>\n<td>Freestyle, Jib:<\/td>\n<td>8<\/td>\n<\/tr>\n<tr>\n<td>Jumping, landing:<\/td>\n<td>8<\/td>\n<\/tr>\n<tr>\n<td>On a carving course:<\/td>\n<td>6<\/td>\n<\/tr>\n<tr>\n<td>Carving on ice:<\/td>\n<td>5<\/td>\n<\/tr>\n<tr>\n<td>Freeride:<\/td>\n<td>3<\/td>\n<\/tr>\n<tr>\n<td>Bending, hardness:<\/td>\n<td>2<\/td>\n<\/tr>\n<\/tbody>\n<\/table>","protected":false},"excerpt":{"rendered":"<p>Ride Zero JR 2022 n\u0151i teszt snowboard A ride n\u0151i j\u00e1t\u00e9kos freestyle snowboardja kedvez\u0151 \u00e1rral. A Design teljesen egyedi a lap k\u00f6nnyen kezelhet\u0151 , [&hellip;]<\/p>\n","protected":false},"featured_media":6336,"comment_status":"closed","ping_status":"closed","template":"","meta":{"om_disable_all_campaigns":false,"_monsterinsights_skip_tracking":false,"_monsterinsights_sitenote_active":false,"_monsterinsights_sitenote_note":"","_monsterinsights_sitenote_category":0},"product_brand":[],"product_cat":[62,17,7],"product_tag":[],"class_list":{"0":"post-6335","1":"product","2":"type-product","3":"status-publish","4":"has-post-thumbnail","6":"product_cat-noi-snowboardok","7":"product_cat-ride","8":"product_cat-snowboard-deszkak","10":"first","11":"instock","12":"sale","13":"shipping-taxable","14":"purchasable","15":"product-type-simple"},"aioseo_notices":[],"_links":{"self":[{"href":"https:\/\/snowboardshop.hu\/en\/wp-json\/wp\/v2\/product\/6335","targetHints":{"allow":["GET"]}}],"collection":[{"href":"https:\/\/snowboardshop.hu\/en\/wp-json\/wp\/v2\/product"}],"about":[{"href":"https:\/\/snowboardshop.hu\/en\/wp-json\/wp\/v2\/types\/product"}],"replies":[{"embeddable":true,"href":"https:\/\/snowboardshop.hu\/en\/wp-json\/wp\/v2\/comments?post=6335"}],"version-history":[{"count":3,"href":"https:\/\/snowboardshop.hu\/en\/wp-json\/wp\/v2\/product\/6335\/revisions"}],"predecessor-version":[{"id":9327,"href":"https:\/\/snowboardshop.hu\/en\/wp-json\/wp\/v2\/product\/6335\/revisions\/9327"}],"wp:featuredmedia":[{"embeddable":true,"href":"https:\/\/snowboardshop.hu\/en\/wp-json\/wp\/v2\/media\/6336"}],"wp:attachment":[{"href":"https:\/\/snowboardshop.hu\/en\/wp-json\/wp\/v2\/media?parent=6335"}],"wp:term":[{"taxonomy":"product_brand","embeddable":true,"href":"https:\/\/snowboardshop.hu\/en\/wp-json\/wp\/v2\/product_brand?post=6335"},{"taxonomy":"product_cat","embeddable":true,"href":"https:\/\/snowboardshop.hu\/en\/wp-json\/wp\/v2\/product_cat?post=6335"},{"taxonomy":"product_tag","embeddable":true,"href":"https:\/\/snowboardshop.hu\/en\/wp-json\/wp\/v2\/product_tag?post=6335"}],"curies":[{"name":"wp","href":"https:\/\/api.w.org\/{rel}","templated":true}]}}