{"id":6626,"date":"2022-11-28T10:18:40","date_gmt":"2022-11-28T09:18:40","guid":{"rendered":"https:\/\/snowboardshop.hu\/?post_type=product&#038;p=6626"},"modified":"2026-01-17T09:45:38","modified_gmt":"2026-01-17T08:45:38","slug":"flow-nidecker-altai-boa-snowboard-cipo-new","status":"publish","type":"product","link":"https:\/\/snowboardshop.hu\/en\/product\/flow-nidecker-altai-boa-snowboard-cipo-new\/","title":{"rendered":"Nidecker Altai BOA 285 snowboard shoes NEW!"},"content":{"rendered":"<h3 dir=\"ltr\">Nidecker Altai snowboard boots NEW!!<\/h3>\n<div dir=\"ltr\">\n<div dir=\"ltr\">The Altai is the centerpiece of the new Nidecker boot collection, offering premium features and freeride-friendly support at an unbeatable price. It&#039;s built around an asymmetric upper that fits perfectly with Nidecker and Flow bindings, eliminating pressure points. The Dual BOA lacing system features a fabric-coated lacing system and twin dials to control the upper and lower sections independently. Underneath, our lightweight BFT Gravity 2.0 outsole provides fantastic cushioning and traction, while the rubber toe increases traction when hiking on ice and rock.<\/div>\n<div dir=\"ltr\">\u00a0<\/div>\n<div dir=\"ltr\">The connection between the outsole and the boot has been smoothed out through a molded part called the Transition Zone, eliminating the usual hard edge to prevent it from getting caught in the heel part of the binding. A hard rubber pattern on the toe box protects the boot and adds a touch of style. Inside is a new heat moldable Silver liner that allows you to customize the fit with heat if needed, but is comfortable right out of the box. The Altai is a medium-stiff model with plenty of lateral support, so it&#039;s great for digging deep ruts on the slopes or floating through the woods with pin-point precision. If you love the art of cornering, you&#039;ll love this boot.<\/div>\n<div dir=\"ltr\">\u00a0<\/div>\n<\/div>\n<div dir=\"ltr\">Lacing: Dual BOA lacing system<\/div>\n<div dir=\"ltr\">Lining: Silver-level Thermo Heat Moldable<\/div>\n<div dir=\"ltr\">\u00a0<\/div>\n<p>&nbsp;<\/p>\n<p>&nbsp;<\/p>","protected":false},"excerpt":{"rendered":"<p>Nidecker Altai snowboardcip\u0151 NEW!! Az Altai az \u00faj Nidecker bakancskollekci\u00f3 k\u00f6zponti darabja, amely pr\u00e9mium min\u0151s\u00e9g\u0171 funkci\u00f3kat \u00e9s freeride-bar\u00e1t t\u00e1mogat\u00e1st k\u00edn\u00e1l verhetetlen \u00e1ron. Aszimmetrikus fels\u0151r\u00e9sz [&hellip;]<\/p>\n","protected":false},"featured_media":6627,"comment_status":"closed","ping_status":"closed","template":"","meta":{"om_disable_all_campaigns":false,"_monsterinsights_skip_tracking":false,"_monsterinsights_sitenote_active":false,"_monsterinsights_sitenote_note":"","_monsterinsights_sitenote_category":0},"product_brand":[],"product_cat":[26,32,9],"product_tag":[],"class_list":{"0":"post-6626","1":"product","2":"type-product","3":"status-publish","4":"has-post-thumbnail","6":"product_cat-nidecker-snowboard-cipo-bakancs","7":"product_cat-akcios-snowboard-bakancs","8":"product_cat-snowboard-cipok","10":"first","11":"instock","12":"sale","13":"shipping-taxable","14":"purchasable","15":"product-type-simple"},"aioseo_notices":[],"_links":{"self":[{"href":"https:\/\/snowboardshop.hu\/en\/wp-json\/wp\/v2\/product\/6626","targetHints":{"allow":["GET"]}}],"collection":[{"href":"https:\/\/snowboardshop.hu\/en\/wp-json\/wp\/v2\/product"}],"about":[{"href":"https:\/\/snowboardshop.hu\/en\/wp-json\/wp\/v2\/types\/product"}],"replies":[{"embeddable":true,"href":"https:\/\/snowboardshop.hu\/en\/wp-json\/wp\/v2\/comments?post=6626"}],"version-history":[{"count":3,"href":"https:\/\/snowboardshop.hu\/en\/wp-json\/wp\/v2\/product\/6626\/revisions"}],"predecessor-version":[{"id":8086,"href":"https:\/\/snowboardshop.hu\/en\/wp-json\/wp\/v2\/product\/6626\/revisions\/8086"}],"wp:featuredmedia":[{"embeddable":true,"href":"https:\/\/snowboardshop.hu\/en\/wp-json\/wp\/v2\/media\/6627"}],"wp:attachment":[{"href":"https:\/\/snowboardshop.hu\/en\/wp-json\/wp\/v2\/media?parent=6626"}],"wp:term":[{"taxonomy":"product_brand","embeddable":true,"href":"https:\/\/snowboardshop.hu\/en\/wp-json\/wp\/v2\/product_brand?post=6626"},{"taxonomy":"product_cat","embeddable":true,"href":"https:\/\/snowboardshop.hu\/en\/wp-json\/wp\/v2\/product_cat?post=6626"},{"taxonomy":"product_tag","embeddable":true,"href":"https:\/\/snowboardshop.hu\/en\/wp-json\/wp\/v2\/product_tag?post=6626"}],"curies":[{"name":"wp","href":"https:\/\/api.w.org\/{rel}","templated":true}]}}