{"id":6675,"date":"2022-11-30T13:05:04","date_gmt":"2022-11-30T12:05:04","guid":{"rendered":"https:\/\/snowboardshop.hu\/?post_type=product&#038;p=6675"},"modified":"2025-01-16T08:29:55","modified_gmt":"2025-01-16T07:29:55","slug":"lamar-120-teszt-gyerek-snowboard","status":"publish","type":"product","link":"https:\/\/snowboardshop.hu\/en\/product\/lamar-120-teszt-gyerek-snowboard\/","title":{"rendered":"Lamar 120 kids snowboard test"},"content":{"rendered":"<h3>Lamar 120 test children&#039;s snowboard<\/h3>\n<p>120 cm long children&#039;s board.<\/p>\n<table>\n<tbody>\n<tr>\n<td>Freestyle, halfpipe:<\/td>\n<td>\u00a010\/ 6<\/td>\n<\/tr>\n<tr>\n<td>Jumping, landing:<\/td>\n<td>10\/5<\/td>\n<\/tr>\n<tr>\n<td>Carving on treated track:<\/td>\n<td>10\/9<\/td>\n<\/tr>\n<tr>\n<td>Carving on an ice rink:<\/td>\n<td>10\/5<\/td>\n<\/tr>\n<tr>\n<td>Deep snow, backcountry, freeride:<\/td>\n<td>10\/9<\/td>\n<\/tr>\n<\/tbody>\n<\/table>\n<div id=\"databox\">\n<p>&nbsp;<\/p>\n<p>&nbsp;<\/p>\n<\/div>","protected":false},"excerpt":{"rendered":"<p>Lamar 120 teszt gyerek snowboard 120cm hossz\u00fa gyereklap. Freestyle, f\u00e9lcs\u0151: \u00a010\/ 6 Ugr\u00e1s, landol\u00e1s: 10\/5 Carving kezelt p\u00e1ly\u00e1n: 10\/9 Carving jeges p\u00e1ly\u00e1n: 10\/5 M\u00e9lyh\u00f3, [&hellip;]<\/p>\n","protected":false},"featured_media":6676,"comment_status":"closed","ping_status":"closed","template":"","meta":{"om_disable_all_campaigns":false,"_monsterinsights_skip_tracking":false,"_monsterinsights_sitenote_active":false,"_monsterinsights_sitenote_note":"","_monsterinsights_sitenote_category":0},"product_brand":[],"product_cat":[51,7],"product_tag":[],"class_list":{"0":"post-6675","1":"product","2":"type-product","3":"status-publish","4":"has-post-thumbnail","6":"product_cat-gyerek-snowboard","7":"product_cat-snowboard-deszkak","9":"first","10":"instock","11":"shipping-taxable","12":"purchasable","13":"product-type-simple"},"aioseo_notices":[],"_links":{"self":[{"href":"https:\/\/snowboardshop.hu\/en\/wp-json\/wp\/v2\/product\/6675","targetHints":{"allow":["GET"]}}],"collection":[{"href":"https:\/\/snowboardshop.hu\/en\/wp-json\/wp\/v2\/product"}],"about":[{"href":"https:\/\/snowboardshop.hu\/en\/wp-json\/wp\/v2\/types\/product"}],"replies":[{"embeddable":true,"href":"https:\/\/snowboardshop.hu\/en\/wp-json\/wp\/v2\/comments?post=6675"}],"version-history":[{"count":2,"href":"https:\/\/snowboardshop.hu\/en\/wp-json\/wp\/v2\/product\/6675\/revisions"}],"predecessor-version":[{"id":8821,"href":"https:\/\/snowboardshop.hu\/en\/wp-json\/wp\/v2\/product\/6675\/revisions\/8821"}],"wp:featuredmedia":[{"embeddable":true,"href":"https:\/\/snowboardshop.hu\/en\/wp-json\/wp\/v2\/media\/6676"}],"wp:attachment":[{"href":"https:\/\/snowboardshop.hu\/en\/wp-json\/wp\/v2\/media?parent=6675"}],"wp:term":[{"taxonomy":"product_brand","embeddable":true,"href":"https:\/\/snowboardshop.hu\/en\/wp-json\/wp\/v2\/product_brand?post=6675"},{"taxonomy":"product_cat","embeddable":true,"href":"https:\/\/snowboardshop.hu\/en\/wp-json\/wp\/v2\/product_cat?post=6675"},{"taxonomy":"product_tag","embeddable":true,"href":"https:\/\/snowboardshop.hu\/en\/wp-json\/wp\/v2\/product_tag?post=6675"}],"curies":[{"name":"wp","href":"https:\/\/api.w.org\/{rel}","templated":true}]}}